{"id":114,"date":"2022-08-19T07:52:48","date_gmt":"2022-08-19T07:52:48","guid":{"rendered":"https:\/\/studenter.miun.se\/~sagi1700\/writeable\/arholma\/?page_id=114"},"modified":"2022-08-19T12:56:31","modified_gmt":"2022-08-19T12:56:31","slug":"bokning","status":"publish","type":"page","link":"http:\/\/studenter.miun.se\/~sagi1700\/writeable\/arholma\/bokning\/","title":{"rendered":"Bokning"},"content":{"rendered":"\n<h2>Bokningsf\u00f6rfr\u00e5gan<\/h2>\n\n\n\n<p>Fyll i information om din bokning nedan. Observera att detta endast \u00e4r en f\u00f6rfr\u00e5gan. Vi bekr\u00e4ftar din bokning s\u00e5 snart som m\u00f6jligt.<\/p>\n\n\n\n<div class=\"wp-block-booking-booking\"> <div id=\"form_id1119702989160\" class=\"wpdevelop\"><form  id=\"booking_form1\"   class=\"booking_form vertical\" method=\"post\" action=\"\"><div id=\"ajax_respond_insert1\" class=\"ajax_respond_insert\" style=\"display:none;\"><\/div><a name=\"bklnk1\" id=\"bklnk1\"><\/a><div id=\"booking_form_div1\" class=\"booking_form_div\"><div class=\"wpbc_booking_form_structure wpbc_vertical\">\n  <div class=\"wpbc_structure_calendar\">\n    <div class=\"wpbc_change_over_triangle\"><div class=\"bk_calendar_frame months_num_in_row_ cal_month_num_1 wpbc_timeslot_day_bg_as_available\" style=\"width:284px;\"><div id=\"calendar_booking1\">Calendar is loading...<\/div><\/div><div style=\"font-size:9px;text-align:left;margin-top:3px;\">Powered by <a style=\"font-size:9px;\" href=\"https:\/\/wpbookingcalendar.com\" target=\"_blank\" title=\"Booking Calendar plugin for WordPress\">Booking Calendar<\/a><\/div><textarea id=\"date_booking1\" name=\"date_booking1\" autocomplete=\"off\" style=\"display:none;\"><\/textarea><\/div>\n  <\/div>\n  <div class=\"wpbc_structure_form\">\n  <div class=\"form-group\">  <label for=\"name1\" class=\"control-label\">F\u00f6rnamn*:<\/label>   <div class=\"controls\">   <input type=\"text\" name=\"name1\" id=\"name1\" class=\"input-xlarge wpdev-validates-as-required\" \/><\/div><\/div>  <div class=\"form-group\">  <label for=\"secondname1\" class=\"control-label\">Efternamn*:<\/label>   <div class=\"controls\">   <input type=\"text\" name=\"secondname1\" id=\"secondname1\" class=\"input-xlarge wpdev-validates-as-required\" \/><\/div><\/div>  <div class=\"form-group\">  <label for=\"email1\" class=\"control-label\">Email*:<\/label>   <div class=\"controls\">   <input type=\"text\" name=\"email1\" id=\"email1\" class=\"input-xlarge wpdev-validates-as-email wpdev-validates-as-required wpdev-validates-as-required\" \/><\/div><\/div>  <div class=\"form-group\">  <label for=\"visitors1\" class=\"control-label\">Antal g\u00e4ster*:<\/label>   <div class=\"controls\">   <select name=\"visitors1\" id=\"visitors1\" class=\"input-xlarge wpdev-validates-as-required\" >  <option value=\"1\">1<\/option>  <option value=\"2\">2<\/option>  <option value=\"3\">3<\/option>  <option value=\"4\">4<\/option>     <\/select><\/div><\/div>  <div class=\"form-group\">  <label for=\"tent1\" class=\"control-label\">T\u00e4lt*:<\/label>   <div class=\"controls\">   <select name=\"tent1\" id=\"tent1\" class=\"input-xlarge wpdev-validates-as-required\" >  <option value=\"Globen\">Globen<\/option>  <option value=\"Familjet\u00e4lt\">Familjet\u00e4lt<\/option>  <option value=\"Pyramiden\">Pyramiden<\/option>     <\/select><\/div><\/div>  <div class=\"form-group\">  <label for=\"details1\" class=\"control-label\">Meddelande \/ Boka aktivitet:<\/label>   <div class=\"controls\">   <textarea  rows=\"3\" name=\"details1\" id=\"details1\" class=\"input-xlarge\" ><\/textarea><\/div><\/div><div class=\"form-group\"><\/div>\n<div class=\"form-group\"><button class=\"btn btn-default\" type=\"button\" onclick=\"mybooking_submit(this.form,1,'en_US');\" >Skicka<\/button><\/div>\n  <\/div>\n<\/div>\n<div class=\"wpbc_booking_form_footer\"><\/div><input id=\"bk_type1\" name=\"bk_type1\" class=\"\" type=\"hidden\" value=\"1\" \/><\/div><div id=\"submiting1\"><\/div><div class=\"form_bk_messages\" id=\"form_bk_messages1\" ><\/div><input type=\"hidden\" id=\"wpbc_nonce1\" name=\"wpbc_nonce1\" value=\"bec8d0efd9\" \/><input type=\"hidden\" name=\"_wp_http_referer\" value=\"\/~sagi1700\/writeable\/arholma\/wp-json\/wp\/v2\/pages\/114\" \/><input type=\"hidden\" id=\"wpbc_nonceCALCULATE_THE_COST1\" name=\"wpbc_nonceCALCULATE_THE_COST1\" value=\"5cf98d7d6c\" \/><input type=\"hidden\" name=\"_wp_http_referer\" value=\"\/~sagi1700\/writeable\/arholma\/wp-json\/wp\/v2\/pages\/114\" \/><\/form><\/div><div id=\"booking_form_garbage1\" class=\"booking_form_garbage\"><\/div><script type=\"text\/javascript\">\n                                jQuery(document).ready( function(){\n                                    jQuery(\".widget_wpdev_booking .booking_form.form-horizontal\").removeClass(\"form-horizontal\");\n                                    var visible_booking_id_on_page_num = visible_booking_id_on_page.length;\n                                    if (visible_booking_id_on_page_num !== null ) {\n                                        for (var i=0;i< visible_booking_id_on_page_num ;i++){\n                                          if ( visible_booking_id_on_page[i]==\"booking_form_div1\" ) {\n                                              document.getElementById(\"form_id1119702989160\").innerHTML = \"<span style='color:#A00;font-size:10px;'>Warning! Booking calendar for this booking resource are already at the page, please check more about this issue at this page: https:\/\/wpbookingcalendar.com\/faq\/why-the-booking-calendar-widget-not-show-on-page\/<\/span>\";                                                                                                  \n                                              jQuery(\"#form_id1119702989160\").animate( {opacity: 1}, 10000 ).fadeOut(5000);\n                                              return;\n                                          }\n                                        }\n                                        visible_booking_id_on_page[ visible_booking_id_on_page_num ]=\"booking_form_div1\";\n                                    }\n                                });\n                            <\/script> <script type='text\/javascript'>  jQuery(document).ready( function(){  date_admin_blank[1] = [];  date2approve[1] = [];  var date_approved_par = [];  init_datepick_cal('1', date_approved_par, 1 , 1, false   );  }); <\/script><\/div>\n","protected":false},"excerpt":{"rendered":"<p>Bokningsf\u00f6rfr\u00e5gan Fyll i information om din bokning nedan. Observera att detta endast \u00e4r en f\u00f6rfr\u00e5gan. Vi bekr\u00e4ftar din bokning s\u00e5 snart som m\u00f6jligt.<\/p>\n","protected":false},"author":1,"featured_media":134,"parent":0,"menu_order":0,"comment_status":"closed","ping_status":"closed","template":"index.php","meta":[],"yoast_head":"<!-- This site is optimized with the Yoast SEO plugin v19.5.1 - https:\/\/yoast.com\/wordpress\/plugins\/seo\/ -->\n<title>Boka din glamping-upplevelse<\/title>\n<meta name=\"description\" content=\"G\u00f6r en bokningsf\u00f6rfr\u00e5gan f\u00f6r att glampa p\u00e5 Arholma. Vi \u00e5terkommer snarast om t\u00e4ltet \u00e4r ledigt f\u00f6r \u00f6nskade datum.\" \/>\n<meta name=\"robots\" content=\"index, follow, max-snippet:-1, max-image-preview:large, max-video-preview:-1\" \/>\n<link rel=\"canonical\" href=\"http:\/\/studenter.miun.se\/~sagi1700\/writeable\/arholma\/bokning\/\" \/>\n<meta property=\"og:locale\" content=\"en_US\" \/>\n<meta property=\"og:type\" content=\"article\" \/>\n<meta property=\"og:title\" content=\"Boka din glamping-upplevelse\" \/>\n<meta property=\"og:description\" content=\"G\u00f6r en bokningsf\u00f6rfr\u00e5gan f\u00f6r att glampa p\u00e5 Arholma. Vi \u00e5terkommer snarast om t\u00e4ltet \u00e4r ledigt f\u00f6r \u00f6nskade datum.\" \/>\n<meta property=\"og:url\" content=\"http:\/\/studenter.miun.se\/~sagi1700\/writeable\/arholma\/bokning\/\" \/>\n<meta property=\"og:site_name\" content=\"Glamping\" \/>\n<meta property=\"article:modified_time\" content=\"2022-08-19T12:56:31+00:00\" \/>\n<meta property=\"og:image\" content=\"http:\/\/studenter.miun.se\/~sagi1700\/writeable\/arholma\/wp-content\/uploads\/2022\/08\/glamping.webp\" \/>\n\t<meta property=\"og:image:width\" content=\"640\" \/>\n\t<meta property=\"og:image:height\" content=\"960\" \/>\n\t<meta property=\"og:image:type\" content=\"image\/webp\" \/>\n<meta name=\"twitter:card\" content=\"summary_large_image\" \/>\n<meta name=\"twitter:label1\" content=\"Est. reading time\" \/>\n\t<meta name=\"twitter:data1\" content=\"1 minute\" \/>\n<script type=\"application\/ld+json\" class=\"yoast-schema-graph\">{\"@context\":\"https:\/\/schema.org\",\"@graph\":[{\"@type\":\"WebPage\",\"@id\":\"http:\/\/studenter.miun.se\/~sagi1700\/writeable\/arholma\/bokning\/\",\"url\":\"http:\/\/studenter.miun.se\/~sagi1700\/writeable\/arholma\/bokning\/\",\"name\":\"Boka din glamping-upplevelse\",\"isPartOf\":{\"@id\":\"http:\/\/studenter.miun.se\/~sagi1700\/writeable\/arholma\/#website\"},\"datePublished\":\"2022-08-19T07:52:48+00:00\",\"dateModified\":\"2022-08-19T12:56:31+00:00\",\"description\":\"G\u00f6r en bokningsf\u00f6rfr\u00e5gan f\u00f6r att glampa p\u00e5 Arholma. Vi \u00e5terkommer snarast om t\u00e4ltet \u00e4r ledigt f\u00f6r \u00f6nskade datum.\",\"breadcrumb\":{\"@id\":\"http:\/\/studenter.miun.se\/~sagi1700\/writeable\/arholma\/bokning\/#breadcrumb\"},\"inLanguage\":\"en-US\",\"potentialAction\":[{\"@type\":\"ReadAction\",\"target\":[\"http:\/\/studenter.miun.se\/~sagi1700\/writeable\/arholma\/bokning\/\"]}]},{\"@type\":\"BreadcrumbList\",\"@id\":\"http:\/\/studenter.miun.se\/~sagi1700\/writeable\/arholma\/bokning\/#breadcrumb\",\"itemListElement\":[{\"@type\":\"ListItem\",\"position\":1,\"name\":\"Home\",\"item\":\"http:\/\/studenter.miun.se\/~sagi1700\/writeable\/arholma\/\"},{\"@type\":\"ListItem\",\"position\":2,\"name\":\"Bokning\"}]},{\"@type\":\"WebSite\",\"@id\":\"http:\/\/studenter.miun.se\/~sagi1700\/writeable\/arholma\/#website\",\"url\":\"http:\/\/studenter.miun.se\/~sagi1700\/writeable\/arholma\/\",\"name\":\"Glamping\",\"description\":\"Glampa i sk\u00e4rg\u00e5rden\",\"publisher\":{\"@id\":\"http:\/\/studenter.miun.se\/~sagi1700\/writeable\/arholma\/#organization\"},\"potentialAction\":[{\"@type\":\"SearchAction\",\"target\":{\"@type\":\"EntryPoint\",\"urlTemplate\":\"http:\/\/studenter.miun.se\/~sagi1700\/writeable\/arholma\/?s={search_term_string}\"},\"query-input\":\"required name=search_term_string\"}],\"inLanguage\":\"en-US\"},{\"@type\":\"Organization\",\"@id\":\"http:\/\/studenter.miun.se\/~sagi1700\/writeable\/arholma\/#organization\",\"name\":\"Glamping\",\"url\":\"http:\/\/studenter.miun.se\/~sagi1700\/writeable\/arholma\/\",\"sameAs\":[],\"logo\":{\"@type\":\"ImageObject\",\"inLanguage\":\"en-US\",\"@id\":\"http:\/\/studenter.miun.se\/~sagi1700\/writeable\/arholma\/#\/schema\/logo\/image\/\",\"url\":\"http:\/\/studenter.miun.se\/~sagi1700\/writeable\/arholma\/wp-content\/uploads\/2022\/08\/New-Project-8.png\",\"contentUrl\":\"http:\/\/studenter.miun.se\/~sagi1700\/writeable\/arholma\/wp-content\/uploads\/2022\/08\/New-Project-8.png\",\"width\":250,\"height\":250,\"caption\":\"Glamping\"},\"image\":{\"@id\":\"http:\/\/studenter.miun.se\/~sagi1700\/writeable\/arholma\/#\/schema\/logo\/image\/\"}}]}<\/script>\n<!-- \/ Yoast SEO plugin. -->","yoast_head_json":{"title":"Boka din glamping-upplevelse","description":"G\u00f6r en bokningsf\u00f6rfr\u00e5gan f\u00f6r att glampa p\u00e5 Arholma. Vi \u00e5terkommer snarast om t\u00e4ltet \u00e4r ledigt f\u00f6r \u00f6nskade datum.","robots":{"index":"index","follow":"follow","max-snippet":"max-snippet:-1","max-image-preview":"max-image-preview:large","max-video-preview":"max-video-preview:-1"},"canonical":"http:\/\/studenter.miun.se\/~sagi1700\/writeable\/arholma\/bokning\/","og_locale":"en_US","og_type":"article","og_title":"Boka din glamping-upplevelse","og_description":"G\u00f6r en bokningsf\u00f6rfr\u00e5gan f\u00f6r att glampa p\u00e5 Arholma. Vi \u00e5terkommer snarast om t\u00e4ltet \u00e4r ledigt f\u00f6r \u00f6nskade datum.","og_url":"http:\/\/studenter.miun.se\/~sagi1700\/writeable\/arholma\/bokning\/","og_site_name":"Glamping","article_modified_time":"2022-08-19T12:56:31+00:00","og_image":[{"width":640,"height":960,"url":"http:\/\/studenter.miun.se\/~sagi1700\/writeable\/arholma\/wp-content\/uploads\/2022\/08\/glamping.webp","type":"image\/webp"}],"twitter_card":"summary_large_image","twitter_misc":{"Est. reading time":"1 minute"},"schema":{"@context":"https:\/\/schema.org","@graph":[{"@type":"WebPage","@id":"http:\/\/studenter.miun.se\/~sagi1700\/writeable\/arholma\/bokning\/","url":"http:\/\/studenter.miun.se\/~sagi1700\/writeable\/arholma\/bokning\/","name":"Boka din glamping-upplevelse","isPartOf":{"@id":"http:\/\/studenter.miun.se\/~sagi1700\/writeable\/arholma\/#website"},"datePublished":"2022-08-19T07:52:48+00:00","dateModified":"2022-08-19T12:56:31+00:00","description":"G\u00f6r en bokningsf\u00f6rfr\u00e5gan f\u00f6r att glampa p\u00e5 Arholma. Vi \u00e5terkommer snarast om t\u00e4ltet \u00e4r ledigt f\u00f6r \u00f6nskade datum.","breadcrumb":{"@id":"http:\/\/studenter.miun.se\/~sagi1700\/writeable\/arholma\/bokning\/#breadcrumb"},"inLanguage":"en-US","potentialAction":[{"@type":"ReadAction","target":["http:\/\/studenter.miun.se\/~sagi1700\/writeable\/arholma\/bokning\/"]}]},{"@type":"BreadcrumbList","@id":"http:\/\/studenter.miun.se\/~sagi1700\/writeable\/arholma\/bokning\/#breadcrumb","itemListElement":[{"@type":"ListItem","position":1,"name":"Home","item":"http:\/\/studenter.miun.se\/~sagi1700\/writeable\/arholma\/"},{"@type":"ListItem","position":2,"name":"Bokning"}]},{"@type":"WebSite","@id":"http:\/\/studenter.miun.se\/~sagi1700\/writeable\/arholma\/#website","url":"http:\/\/studenter.miun.se\/~sagi1700\/writeable\/arholma\/","name":"Glamping","description":"Glampa i sk\u00e4rg\u00e5rden","publisher":{"@id":"http:\/\/studenter.miun.se\/~sagi1700\/writeable\/arholma\/#organization"},"potentialAction":[{"@type":"SearchAction","target":{"@type":"EntryPoint","urlTemplate":"http:\/\/studenter.miun.se\/~sagi1700\/writeable\/arholma\/?s={search_term_string}"},"query-input":"required name=search_term_string"}],"inLanguage":"en-US"},{"@type":"Organization","@id":"http:\/\/studenter.miun.se\/~sagi1700\/writeable\/arholma\/#organization","name":"Glamping","url":"http:\/\/studenter.miun.se\/~sagi1700\/writeable\/arholma\/","sameAs":[],"logo":{"@type":"ImageObject","inLanguage":"en-US","@id":"http:\/\/studenter.miun.se\/~sagi1700\/writeable\/arholma\/#\/schema\/logo\/image\/","url":"http:\/\/studenter.miun.se\/~sagi1700\/writeable\/arholma\/wp-content\/uploads\/2022\/08\/New-Project-8.png","contentUrl":"http:\/\/studenter.miun.se\/~sagi1700\/writeable\/arholma\/wp-content\/uploads\/2022\/08\/New-Project-8.png","width":250,"height":250,"caption":"Glamping"},"image":{"@id":"http:\/\/studenter.miun.se\/~sagi1700\/writeable\/arholma\/#\/schema\/logo\/image\/"}}]}},"_links":{"self":[{"href":"http:\/\/studenter.miun.se\/~sagi1700\/writeable\/arholma\/wp-json\/wp\/v2\/pages\/114"}],"collection":[{"href":"http:\/\/studenter.miun.se\/~sagi1700\/writeable\/arholma\/wp-json\/wp\/v2\/pages"}],"about":[{"href":"http:\/\/studenter.miun.se\/~sagi1700\/writeable\/arholma\/wp-json\/wp\/v2\/types\/page"}],"author":[{"embeddable":true,"href":"http:\/\/studenter.miun.se\/~sagi1700\/writeable\/arholma\/wp-json\/wp\/v2\/users\/1"}],"replies":[{"embeddable":true,"href":"http:\/\/studenter.miun.se\/~sagi1700\/writeable\/arholma\/wp-json\/wp\/v2\/comments?post=114"}],"version-history":[{"count":4,"href":"http:\/\/studenter.miun.se\/~sagi1700\/writeable\/arholma\/wp-json\/wp\/v2\/pages\/114\/revisions"}],"predecessor-version":[{"id":140,"href":"http:\/\/studenter.miun.se\/~sagi1700\/writeable\/arholma\/wp-json\/wp\/v2\/pages\/114\/revisions\/140"}],"wp:featuredmedia":[{"embeddable":true,"href":"http:\/\/studenter.miun.se\/~sagi1700\/writeable\/arholma\/wp-json\/wp\/v2\/media\/134"}],"wp:attachment":[{"href":"http:\/\/studenter.miun.se\/~sagi1700\/writeable\/arholma\/wp-json\/wp\/v2\/media?parent=114"}],"curies":[{"name":"wp","href":"https:\/\/api.w.org\/{rel}","templated":true}]}}