{"id":22,"date":"2022-08-15T10:38:37","date_gmt":"2022-08-15T10:38:37","guid":{"rendered":"http:\/\/studenter.miun.se\/~sagi1700\/writeable\/arholma\/?page_id=22"},"modified":"2022-08-19T12:48:48","modified_gmt":"2022-08-19T12:48:48","slug":"start","status":"publish","type":"page","link":"http:\/\/studenter.miun.se\/~sagi1700\/writeable\/arholma\/","title":{"rendered":"Start"},"content":{"rendered":"\n<h2>Bekv\u00e4mt och lyxigt<\/h2>\n\n\n\n<p>Att glampa \u00e4r ett bekv\u00e4mare och lyxigare alternativ till vanlig camping. Vi erbjuder flera typer av t\u00e4lt och aktiviteter f\u00f6r att g\u00f6ra din vistelse s\u00e5 bra som m\u00f6jligt.<\/p>\n\n\n\n<h3>Arholma<\/h3>\n\n\n\n<p>Arholma \u00e4r en \u00f6 bel\u00e4gen i Bj\u00f6rk\u00f6-Arholma socken i Stockholm norra sk\u00e4rg\u00e5rd i Norrt\u00e4lje kommun. En stor del av \u00f6n best\u00e5r av naturreservat. I de norra delarna p\u00e5 \u00f6n finns v\u00e4lbevarad gammal granskog. P\u00e5 \u00f6n finns m\u00f6jlighet att utforska finna omgivningar och djur s\u00e5som havs\u00f6rn.<\/p>\n\n\n\n<h3>Vad ing\u00e5r?<\/h3>\n\n\n\n<p>Gemensamt f\u00f6r att typer av t\u00e4lt \u00e4r det alltid ing\u00e5r s\u00e4ngkl\u00e4der, handdukar, vatten och frukostkorgar. Frukostkorgarna placerar utanf\u00f6r t\u00e4lten varje morgon klockan 07. Frukosten best\u00e5r av nybakat br\u00f6d, olika p\u00e5l\u00e4gg, kaffe i termos, juice samt frukt. Ange vid bokning om n\u00e5gon glamping-g\u00e4st har allergier eller exempelvis \u00e4r vegan.<\/p>\n","protected":false},"excerpt":{"rendered":"<p>Bekv\u00e4mt och lyxigt Att glampa \u00e4r ett bekv\u00e4mare och lyxigare alternativ till vanlig camping. Vi erbjuder flera typer av t\u00e4lt och aktiviteter f\u00f6r att g\u00f6ra din vistelse s\u00e5 bra som m\u00f6jligt. Arholma Arholma \u00e4r en \u00f6 bel\u00e4gen i Bj\u00f6rk\u00f6-Arholma socken i Stockholm norra sk\u00e4rg\u00e5rd i [&hellip;]<\/p>\n","protected":false},"author":1,"featured_media":19,"parent":0,"menu_order":0,"comment_status":"closed","ping_status":"closed","template":"front-page.php","meta":[],"yoast_head":"<!-- This site is optimized with the Yoast SEO plugin v19.5.1 - https:\/\/yoast.com\/wordpress\/plugins\/seo\/ -->\n<title>Glamping i vackra sk\u00e4rg\u00e5rden<\/title>\n<meta name=\"description\" content=\"Glampa p\u00e5 Arholmen. Vi har flera typer av glamping-t\u00e4lt som passar alla. P\u00e5 \u00f6n finns flera roliga aktiviteter som kajak.\" \/>\n<meta name=\"robots\" content=\"index, follow, max-snippet:-1, max-image-preview:large, max-video-preview:-1\" \/>\n<link rel=\"canonical\" href=\"http:\/\/studenter.miun.se\/~sagi1700\/writeable\/arholma\/\" \/>\n<meta property=\"og:locale\" content=\"en_US\" \/>\n<meta property=\"og:type\" content=\"article\" \/>\n<meta property=\"og:title\" content=\"Glamping i vackra sk\u00e4rg\u00e5rden\" \/>\n<meta property=\"og:description\" content=\"Glampa p\u00e5 Arholmen. Vi har flera typer av glamping-t\u00e4lt som passar alla. P\u00e5 \u00f6n finns flera roliga aktiviteter som kajak.\" \/>\n<meta property=\"og:url\" content=\"http:\/\/studenter.miun.se\/~sagi1700\/writeable\/arholma\/\" \/>\n<meta property=\"og:site_name\" content=\"Glamping\" \/>\n<meta property=\"article:modified_time\" content=\"2022-08-19T12:48:48+00:00\" \/>\n<meta property=\"og:image\" content=\"http:\/\/studenter.miun.se\/~sagi1700\/writeable\/arholma\/wp-content\/uploads\/2022\/08\/family.jpg\" \/>\n\t<meta property=\"og:image:width\" content=\"500\" \/>\n\t<meta property=\"og:image:height\" content=\"600\" \/>\n\t<meta property=\"og:image:type\" content=\"image\/jpeg\" \/>\n<meta name=\"twitter:card\" content=\"summary_large_image\" \/>\n<meta name=\"twitter:label1\" content=\"Est. reading time\" \/>\n\t<meta name=\"twitter:data1\" content=\"1 minute\" \/>\n<script type=\"application\/ld+json\" class=\"yoast-schema-graph\">{\"@context\":\"https:\/\/schema.org\",\"@graph\":[{\"@type\":\"WebPage\",\"@id\":\"http:\/\/studenter.miun.se\/~sagi1700\/writeable\/arholma\/\",\"url\":\"http:\/\/studenter.miun.se\/~sagi1700\/writeable\/arholma\/\",\"name\":\"Glamping i vackra sk\u00e4rg\u00e5rden\",\"isPartOf\":{\"@id\":\"http:\/\/studenter.miun.se\/~sagi1700\/writeable\/arholma\/#website\"},\"datePublished\":\"2022-08-15T10:38:37+00:00\",\"dateModified\":\"2022-08-19T12:48:48+00:00\",\"description\":\"Glampa p\u00e5 Arholmen. Vi har flera typer av glamping-t\u00e4lt som passar alla. P\u00e5 \u00f6n finns flera roliga aktiviteter som kajak.\",\"breadcrumb\":{\"@id\":\"http:\/\/studenter.miun.se\/~sagi1700\/writeable\/arholma\/#breadcrumb\"},\"inLanguage\":\"en-US\",\"potentialAction\":[{\"@type\":\"ReadAction\",\"target\":[\"http:\/\/studenter.miun.se\/~sagi1700\/writeable\/arholma\/\"]}]},{\"@type\":\"BreadcrumbList\",\"@id\":\"http:\/\/studenter.miun.se\/~sagi1700\/writeable\/arholma\/#breadcrumb\",\"itemListElement\":[{\"@type\":\"ListItem\",\"position\":1,\"name\":\"Home\",\"item\":\"http:\/\/studenter.miun.se\/~sagi1700\/writeable\/arholma\/\"},{\"@type\":\"ListItem\",\"position\":2,\"name\":\"Start\"}]},{\"@type\":\"WebSite\",\"@id\":\"http:\/\/studenter.miun.se\/~sagi1700\/writeable\/arholma\/#website\",\"url\":\"http:\/\/studenter.miun.se\/~sagi1700\/writeable\/arholma\/\",\"name\":\"Glamping\",\"description\":\"Glampa i sk\u00e4rg\u00e5rden\",\"publisher\":{\"@id\":\"http:\/\/studenter.miun.se\/~sagi1700\/writeable\/arholma\/#organization\"},\"potentialAction\":[{\"@type\":\"SearchAction\",\"target\":{\"@type\":\"EntryPoint\",\"urlTemplate\":\"http:\/\/studenter.miun.se\/~sagi1700\/writeable\/arholma\/?s={search_term_string}\"},\"query-input\":\"required name=search_term_string\"}],\"inLanguage\":\"en-US\"},{\"@type\":\"Organization\",\"@id\":\"http:\/\/studenter.miun.se\/~sagi1700\/writeable\/arholma\/#organization\",\"name\":\"Glamping\",\"url\":\"http:\/\/studenter.miun.se\/~sagi1700\/writeable\/arholma\/\",\"sameAs\":[],\"logo\":{\"@type\":\"ImageObject\",\"inLanguage\":\"en-US\",\"@id\":\"http:\/\/studenter.miun.se\/~sagi1700\/writeable\/arholma\/#\/schema\/logo\/image\/\",\"url\":\"http:\/\/studenter.miun.se\/~sagi1700\/writeable\/arholma\/wp-content\/uploads\/2022\/08\/New-Project-8.png\",\"contentUrl\":\"http:\/\/studenter.miun.se\/~sagi1700\/writeable\/arholma\/wp-content\/uploads\/2022\/08\/New-Project-8.png\",\"width\":250,\"height\":250,\"caption\":\"Glamping\"},\"image\":{\"@id\":\"http:\/\/studenter.miun.se\/~sagi1700\/writeable\/arholma\/#\/schema\/logo\/image\/\"}}]}<\/script>\n<!-- \/ Yoast SEO plugin. -->","yoast_head_json":{"title":"Glamping i vackra sk\u00e4rg\u00e5rden","description":"Glampa p\u00e5 Arholmen. Vi har flera typer av glamping-t\u00e4lt som passar alla. P\u00e5 \u00f6n finns flera roliga aktiviteter som kajak.","robots":{"index":"index","follow":"follow","max-snippet":"max-snippet:-1","max-image-preview":"max-image-preview:large","max-video-preview":"max-video-preview:-1"},"canonical":"http:\/\/studenter.miun.se\/~sagi1700\/writeable\/arholma\/","og_locale":"en_US","og_type":"article","og_title":"Glamping i vackra sk\u00e4rg\u00e5rden","og_description":"Glampa p\u00e5 Arholmen. Vi har flera typer av glamping-t\u00e4lt som passar alla. P\u00e5 \u00f6n finns flera roliga aktiviteter som kajak.","og_url":"http:\/\/studenter.miun.se\/~sagi1700\/writeable\/arholma\/","og_site_name":"Glamping","article_modified_time":"2022-08-19T12:48:48+00:00","og_image":[{"width":500,"height":600,"url":"http:\/\/studenter.miun.se\/~sagi1700\/writeable\/arholma\/wp-content\/uploads\/2022\/08\/family.jpg","type":"image\/jpeg"}],"twitter_card":"summary_large_image","twitter_misc":{"Est. reading time":"1 minute"},"schema":{"@context":"https:\/\/schema.org","@graph":[{"@type":"WebPage","@id":"http:\/\/studenter.miun.se\/~sagi1700\/writeable\/arholma\/","url":"http:\/\/studenter.miun.se\/~sagi1700\/writeable\/arholma\/","name":"Glamping i vackra sk\u00e4rg\u00e5rden","isPartOf":{"@id":"http:\/\/studenter.miun.se\/~sagi1700\/writeable\/arholma\/#website"},"datePublished":"2022-08-15T10:38:37+00:00","dateModified":"2022-08-19T12:48:48+00:00","description":"Glampa p\u00e5 Arholmen. Vi har flera typer av glamping-t\u00e4lt som passar alla. P\u00e5 \u00f6n finns flera roliga aktiviteter som kajak.","breadcrumb":{"@id":"http:\/\/studenter.miun.se\/~sagi1700\/writeable\/arholma\/#breadcrumb"},"inLanguage":"en-US","potentialAction":[{"@type":"ReadAction","target":["http:\/\/studenter.miun.se\/~sagi1700\/writeable\/arholma\/"]}]},{"@type":"BreadcrumbList","@id":"http:\/\/studenter.miun.se\/~sagi1700\/writeable\/arholma\/#breadcrumb","itemListElement":[{"@type":"ListItem","position":1,"name":"Home","item":"http:\/\/studenter.miun.se\/~sagi1700\/writeable\/arholma\/"},{"@type":"ListItem","position":2,"name":"Start"}]},{"@type":"WebSite","@id":"http:\/\/studenter.miun.se\/~sagi1700\/writeable\/arholma\/#website","url":"http:\/\/studenter.miun.se\/~sagi1700\/writeable\/arholma\/","name":"Glamping","description":"Glampa i sk\u00e4rg\u00e5rden","publisher":{"@id":"http:\/\/studenter.miun.se\/~sagi1700\/writeable\/arholma\/#organization"},"potentialAction":[{"@type":"SearchAction","target":{"@type":"EntryPoint","urlTemplate":"http:\/\/studenter.miun.se\/~sagi1700\/writeable\/arholma\/?s={search_term_string}"},"query-input":"required name=search_term_string"}],"inLanguage":"en-US"},{"@type":"Organization","@id":"http:\/\/studenter.miun.se\/~sagi1700\/writeable\/arholma\/#organization","name":"Glamping","url":"http:\/\/studenter.miun.se\/~sagi1700\/writeable\/arholma\/","sameAs":[],"logo":{"@type":"ImageObject","inLanguage":"en-US","@id":"http:\/\/studenter.miun.se\/~sagi1700\/writeable\/arholma\/#\/schema\/logo\/image\/","url":"http:\/\/studenter.miun.se\/~sagi1700\/writeable\/arholma\/wp-content\/uploads\/2022\/08\/New-Project-8.png","contentUrl":"http:\/\/studenter.miun.se\/~sagi1700\/writeable\/arholma\/wp-content\/uploads\/2022\/08\/New-Project-8.png","width":250,"height":250,"caption":"Glamping"},"image":{"@id":"http:\/\/studenter.miun.se\/~sagi1700\/writeable\/arholma\/#\/schema\/logo\/image\/"}}]}},"_links":{"self":[{"href":"http:\/\/studenter.miun.se\/~sagi1700\/writeable\/arholma\/wp-json\/wp\/v2\/pages\/22"}],"collection":[{"href":"http:\/\/studenter.miun.se\/~sagi1700\/writeable\/arholma\/wp-json\/wp\/v2\/pages"}],"about":[{"href":"http:\/\/studenter.miun.se\/~sagi1700\/writeable\/arholma\/wp-json\/wp\/v2\/types\/page"}],"author":[{"embeddable":true,"href":"http:\/\/studenter.miun.se\/~sagi1700\/writeable\/arholma\/wp-json\/wp\/v2\/users\/1"}],"replies":[{"embeddable":true,"href":"http:\/\/studenter.miun.se\/~sagi1700\/writeable\/arholma\/wp-json\/wp\/v2\/comments?post=22"}],"version-history":[{"count":7,"href":"http:\/\/studenter.miun.se\/~sagi1700\/writeable\/arholma\/wp-json\/wp\/v2\/pages\/22\/revisions"}],"predecessor-version":[{"id":142,"href":"http:\/\/studenter.miun.se\/~sagi1700\/writeable\/arholma\/wp-json\/wp\/v2\/pages\/22\/revisions\/142"}],"wp:featuredmedia":[{"embeddable":true,"href":"http:\/\/studenter.miun.se\/~sagi1700\/writeable\/arholma\/wp-json\/wp\/v2\/media\/19"}],"wp:attachment":[{"href":"http:\/\/studenter.miun.se\/~sagi1700\/writeable\/arholma\/wp-json\/wp\/v2\/media?parent=22"}],"curies":[{"name":"wp","href":"https:\/\/api.w.org\/{rel}","templated":true}]}}