{"id":224,"date":"2024-11-01T13:10:52","date_gmt":"2024-11-01T13:10:52","guid":{"rendered":"https:\/\/studenter.miun.se\/~alku2200\/writeable\/wordpress-6.2\/wordpress\/?page_id=224"},"modified":"2024-11-01T13:10:53","modified_gmt":"2024-11-01T13:10:53","slug":"aktiviteter-i-jarvso-stugby","status":"publish","type":"page","link":"https:\/\/studenter.miun.se\/~alku2200\/writeable\/wordpress-6.2\/wordpress\/aktiviteter-i-jarvso-stugby\/","title":{"rendered":"Aktiviteter"},"content":{"rendered":"","protected":false},"excerpt":{"rendered":"","protected":false},"author":1,"featured_media":208,"parent":0,"menu_order":0,"comment_status":"closed","ping_status":"closed","template":"template-activities.php","meta":[],"yoast_head":"<!-- This site is optimized with the Yoast SEO plugin v21.4 - https:\/\/yoast.com\/wordpress\/plugins\/seo\/ -->\n<title>Aktiviteter - Webbdesign f\u00f6r CMS<\/title>\n<meta name=\"description\" content=\"Aktiviteter i J\u00e4rvs\u00f6 stugby, mountainbike i J\u00e4rvs\u00f6, MTB i i J\u00e4rvs\u00f6, vandring i J\u00e4rvs\u00f6, naturn\u00e4ra aktiviteter, vila i i J\u00e4rvs\u00f6 stugor, friluft\" \/>\n<meta name=\"robots\" content=\"index, follow, max-snippet:-1, max-image-preview:large, max-video-preview:-1\" \/>\n<link rel=\"canonical\" href=\"https:\/\/studenter.miun.se\/~alku2200\/writeable\/wordpress-6.2\/wordpress\/aktiviteter-i-jarvso-stugby\/\" \/>\n<meta property=\"og:locale\" content=\"en_US\" \/>\n<meta property=\"og:type\" content=\"article\" \/>\n<meta property=\"og:title\" content=\"Aktiviteter - Webbdesign f\u00f6r CMS\" \/>\n<meta property=\"og:description\" content=\"Aktiviteter i J\u00e4rvs\u00f6 stugby, mountainbike i J\u00e4rvs\u00f6, MTB i i J\u00e4rvs\u00f6, vandring i J\u00e4rvs\u00f6, naturn\u00e4ra aktiviteter, vila i i J\u00e4rvs\u00f6 stugor, friluft\" \/>\n<meta property=\"og:url\" content=\"https:\/\/studenter.miun.se\/~alku2200\/writeable\/wordpress-6.2\/wordpress\/aktiviteter-i-jarvso-stugby\/\" \/>\n<meta property=\"og:site_name\" content=\"Webbdesign f\u00f6r CMS\" \/>\n<meta property=\"article:modified_time\" content=\"2024-11-01T13:10:53+00:00\" \/>\n<meta property=\"og:image\" content=\"https:\/\/studenter.miun.se\/~alku2200\/writeable\/wordpress-6.2\/wordpress\/wp-content\/uploads\/2024\/11\/male-snowboarder-riding-down-slope-with-beautiful-winter-landscape-background.jpg\" \/>\n\t<meta property=\"og:image:width\" content=\"722\" \/>\n\t<meta property=\"og:image:height\" content=\"482\" \/>\n\t<meta property=\"og:image:type\" content=\"image\/jpeg\" \/>\n<meta name=\"twitter:card\" content=\"summary_large_image\" \/>\n<script type=\"application\/ld+json\" class=\"yoast-schema-graph\">{\"@context\":\"https:\/\/schema.org\",\"@graph\":[{\"@type\":\"WebPage\",\"@id\":\"https:\/\/studenter.miun.se\/~alku2200\/writeable\/wordpress-6.2\/wordpress\/aktiviteter-i-jarvso-stugby\/\",\"url\":\"https:\/\/studenter.miun.se\/~alku2200\/writeable\/wordpress-6.2\/wordpress\/aktiviteter-i-jarvso-stugby\/\",\"name\":\"Aktiviteter - Webbdesign f\u00f6r CMS\",\"isPartOf\":{\"@id\":\"https:\/\/studenter.miun.se\/~alku2200\/writeable\/wordpress-6.2\/wordpress\/#website\"},\"datePublished\":\"2024-11-01T13:10:52+00:00\",\"dateModified\":\"2024-11-01T13:10:53+00:00\",\"description\":\"Aktiviteter i J\u00e4rvs\u00f6 stugby, mountainbike i J\u00e4rvs\u00f6, MTB i i J\u00e4rvs\u00f6, vandring i J\u00e4rvs\u00f6, naturn\u00e4ra aktiviteter, vila i i J\u00e4rvs\u00f6 stugor, friluft\",\"breadcrumb\":{\"@id\":\"https:\/\/studenter.miun.se\/~alku2200\/writeable\/wordpress-6.2\/wordpress\/aktiviteter-i-jarvso-stugby\/#breadcrumb\"},\"inLanguage\":\"en-US\",\"potentialAction\":[{\"@type\":\"ReadAction\",\"target\":[\"https:\/\/studenter.miun.se\/~alku2200\/writeable\/wordpress-6.2\/wordpress\/aktiviteter-i-jarvso-stugby\/\"]}]},{\"@type\":\"BreadcrumbList\",\"@id\":\"https:\/\/studenter.miun.se\/~alku2200\/writeable\/wordpress-6.2\/wordpress\/aktiviteter-i-jarvso-stugby\/#breadcrumb\",\"itemListElement\":[{\"@type\":\"ListItem\",\"position\":1,\"name\":\"Home\",\"item\":\"https:\/\/studenter.miun.se\/~alku2200\/writeable\/wordpress-6.2\/wordpress\/\"},{\"@type\":\"ListItem\",\"position\":2,\"name\":\"Aktiviteter\"}]},{\"@type\":\"WebSite\",\"@id\":\"https:\/\/studenter.miun.se\/~alku2200\/writeable\/wordpress-6.2\/wordpress\/#website\",\"url\":\"https:\/\/studenter.miun.se\/~alku2200\/writeable\/wordpress-6.2\/wordpress\/\",\"name\":\"SkogsAB\",\"description\":\"VT2023 DT197G Datateknik GR (B)\",\"publisher\":{\"@id\":\"https:\/\/studenter.miun.se\/~alku2200\/writeable\/wordpress-6.2\/wordpress\/#organization\"},\"potentialAction\":[{\"@type\":\"SearchAction\",\"target\":{\"@type\":\"EntryPoint\",\"urlTemplate\":\"https:\/\/studenter.miun.se\/~alku2200\/writeable\/wordpress-6.2\/wordpress\/?s={search_term_string}\"},\"query-input\":\"required name=search_term_string\"}],\"inLanguage\":\"en-US\"},{\"@type\":\"Organization\",\"@id\":\"https:\/\/studenter.miun.se\/~alku2200\/writeable\/wordpress-6.2\/wordpress\/#organization\",\"name\":\"SkogsAB\",\"url\":\"https:\/\/studenter.miun.se\/~alku2200\/writeable\/wordpress-6.2\/wordpress\/\",\"logo\":{\"@type\":\"ImageObject\",\"inLanguage\":\"en-US\",\"@id\":\"https:\/\/studenter.miun.se\/~alku2200\/writeable\/wordpress-6.2\/wordpress\/#\/schema\/logo\/image\/\",\"url\":\"https:\/\/studenter.miun.se\/~alku2200\/writeable\/wordpress-6.2\/wordpress\/wp-content\/uploads\/2023\/10\/skoglogo.png\",\"contentUrl\":\"https:\/\/studenter.miun.se\/~alku2200\/writeable\/wordpress-6.2\/wordpress\/wp-content\/uploads\/2023\/10\/skoglogo.png\",\"width\":200,\"height\":200,\"caption\":\"SkogsAB\"},\"image\":{\"@id\":\"https:\/\/studenter.miun.se\/~alku2200\/writeable\/wordpress-6.2\/wordpress\/#\/schema\/logo\/image\/\"}}]}<\/script>\n<!-- \/ Yoast SEO plugin. -->","yoast_head_json":{"title":"Aktiviteter - Webbdesign f\u00f6r CMS","description":"Aktiviteter i J\u00e4rvs\u00f6 stugby, mountainbike i J\u00e4rvs\u00f6, MTB i i J\u00e4rvs\u00f6, vandring i J\u00e4rvs\u00f6, naturn\u00e4ra aktiviteter, vila i i J\u00e4rvs\u00f6 stugor, friluft","robots":{"index":"index","follow":"follow","max-snippet":"max-snippet:-1","max-image-preview":"max-image-preview:large","max-video-preview":"max-video-preview:-1"},"canonical":"https:\/\/studenter.miun.se\/~alku2200\/writeable\/wordpress-6.2\/wordpress\/aktiviteter-i-jarvso-stugby\/","og_locale":"en_US","og_type":"article","og_title":"Aktiviteter - Webbdesign f\u00f6r CMS","og_description":"Aktiviteter i J\u00e4rvs\u00f6 stugby, mountainbike i J\u00e4rvs\u00f6, MTB i i J\u00e4rvs\u00f6, vandring i J\u00e4rvs\u00f6, naturn\u00e4ra aktiviteter, vila i i J\u00e4rvs\u00f6 stugor, friluft","og_url":"https:\/\/studenter.miun.se\/~alku2200\/writeable\/wordpress-6.2\/wordpress\/aktiviteter-i-jarvso-stugby\/","og_site_name":"Webbdesign f\u00f6r CMS","article_modified_time":"2024-11-01T13:10:53+00:00","og_image":[{"width":722,"height":482,"url":"https:\/\/studenter.miun.se\/~alku2200\/writeable\/wordpress-6.2\/wordpress\/wp-content\/uploads\/2024\/11\/male-snowboarder-riding-down-slope-with-beautiful-winter-landscape-background.jpg","type":"image\/jpeg"}],"twitter_card":"summary_large_image","schema":{"@context":"https:\/\/schema.org","@graph":[{"@type":"WebPage","@id":"https:\/\/studenter.miun.se\/~alku2200\/writeable\/wordpress-6.2\/wordpress\/aktiviteter-i-jarvso-stugby\/","url":"https:\/\/studenter.miun.se\/~alku2200\/writeable\/wordpress-6.2\/wordpress\/aktiviteter-i-jarvso-stugby\/","name":"Aktiviteter - Webbdesign f\u00f6r CMS","isPartOf":{"@id":"https:\/\/studenter.miun.se\/~alku2200\/writeable\/wordpress-6.2\/wordpress\/#website"},"datePublished":"2024-11-01T13:10:52+00:00","dateModified":"2024-11-01T13:10:53+00:00","description":"Aktiviteter i J\u00e4rvs\u00f6 stugby, mountainbike i J\u00e4rvs\u00f6, MTB i i J\u00e4rvs\u00f6, vandring i J\u00e4rvs\u00f6, naturn\u00e4ra aktiviteter, vila i i J\u00e4rvs\u00f6 stugor, friluft","breadcrumb":{"@id":"https:\/\/studenter.miun.se\/~alku2200\/writeable\/wordpress-6.2\/wordpress\/aktiviteter-i-jarvso-stugby\/#breadcrumb"},"inLanguage":"en-US","potentialAction":[{"@type":"ReadAction","target":["https:\/\/studenter.miun.se\/~alku2200\/writeable\/wordpress-6.2\/wordpress\/aktiviteter-i-jarvso-stugby\/"]}]},{"@type":"BreadcrumbList","@id":"https:\/\/studenter.miun.se\/~alku2200\/writeable\/wordpress-6.2\/wordpress\/aktiviteter-i-jarvso-stugby\/#breadcrumb","itemListElement":[{"@type":"ListItem","position":1,"name":"Home","item":"https:\/\/studenter.miun.se\/~alku2200\/writeable\/wordpress-6.2\/wordpress\/"},{"@type":"ListItem","position":2,"name":"Aktiviteter"}]},{"@type":"WebSite","@id":"https:\/\/studenter.miun.se\/~alku2200\/writeable\/wordpress-6.2\/wordpress\/#website","url":"https:\/\/studenter.miun.se\/~alku2200\/writeable\/wordpress-6.2\/wordpress\/","name":"SkogsAB","description":"VT2023 DT197G Datateknik GR (B)","publisher":{"@id":"https:\/\/studenter.miun.se\/~alku2200\/writeable\/wordpress-6.2\/wordpress\/#organization"},"potentialAction":[{"@type":"SearchAction","target":{"@type":"EntryPoint","urlTemplate":"https:\/\/studenter.miun.se\/~alku2200\/writeable\/wordpress-6.2\/wordpress\/?s={search_term_string}"},"query-input":"required name=search_term_string"}],"inLanguage":"en-US"},{"@type":"Organization","@id":"https:\/\/studenter.miun.se\/~alku2200\/writeable\/wordpress-6.2\/wordpress\/#organization","name":"SkogsAB","url":"https:\/\/studenter.miun.se\/~alku2200\/writeable\/wordpress-6.2\/wordpress\/","logo":{"@type":"ImageObject","inLanguage":"en-US","@id":"https:\/\/studenter.miun.se\/~alku2200\/writeable\/wordpress-6.2\/wordpress\/#\/schema\/logo\/image\/","url":"https:\/\/studenter.miun.se\/~alku2200\/writeable\/wordpress-6.2\/wordpress\/wp-content\/uploads\/2023\/10\/skoglogo.png","contentUrl":"https:\/\/studenter.miun.se\/~alku2200\/writeable\/wordpress-6.2\/wordpress\/wp-content\/uploads\/2023\/10\/skoglogo.png","width":200,"height":200,"caption":"SkogsAB"},"image":{"@id":"https:\/\/studenter.miun.se\/~alku2200\/writeable\/wordpress-6.2\/wordpress\/#\/schema\/logo\/image\/"}}]}},"_links":{"self":[{"href":"https:\/\/studenter.miun.se\/~alku2200\/writeable\/wordpress-6.2\/wordpress\/wp-json\/wp\/v2\/pages\/224"}],"collection":[{"href":"https:\/\/studenter.miun.se\/~alku2200\/writeable\/wordpress-6.2\/wordpress\/wp-json\/wp\/v2\/pages"}],"about":[{"href":"https:\/\/studenter.miun.se\/~alku2200\/writeable\/wordpress-6.2\/wordpress\/wp-json\/wp\/v2\/types\/page"}],"author":[{"embeddable":true,"href":"https:\/\/studenter.miun.se\/~alku2200\/writeable\/wordpress-6.2\/wordpress\/wp-json\/wp\/v2\/users\/1"}],"replies":[{"embeddable":true,"href":"https:\/\/studenter.miun.se\/~alku2200\/writeable\/wordpress-6.2\/wordpress\/wp-json\/wp\/v2\/comments?post=224"}],"version-history":[{"count":1,"href":"https:\/\/studenter.miun.se\/~alku2200\/writeable\/wordpress-6.2\/wordpress\/wp-json\/wp\/v2\/pages\/224\/revisions"}],"predecessor-version":[{"id":225,"href":"https:\/\/studenter.miun.se\/~alku2200\/writeable\/wordpress-6.2\/wordpress\/wp-json\/wp\/v2\/pages\/224\/revisions\/225"}],"wp:featuredmedia":[{"embeddable":true,"href":"https:\/\/studenter.miun.se\/~alku2200\/writeable\/wordpress-6.2\/wordpress\/wp-json\/wp\/v2\/media\/208"}],"wp:attachment":[{"href":"https:\/\/studenter.miun.se\/~alku2200\/writeable\/wordpress-6.2\/wordpress\/wp-json\/wp\/v2\/media?parent=224"}],"curies":[{"name":"wp","href":"https:\/\/api.w.org\/{rel}","templated":true}]}}