{"id":232,"date":"2024-11-01T13:52:05","date_gmt":"2024-11-01T13:52:05","guid":{"rendered":"https:\/\/studenter.miun.se\/~alku2200\/writeable\/wordpress-6.2\/wordpress\/?page_id=232"},"modified":"2024-11-01T14:01:10","modified_gmt":"2024-11-01T14:01:10","slug":"om-oss","status":"publish","type":"page","link":"https:\/\/studenter.miun.se\/~alku2200\/writeable\/wordpress-6.2\/wordpress\/om-oss\/","title":{"rendered":"Om oss"},"content":{"rendered":"\n<h2 class=\"wp-block-heading\">Om stugby i J\u00e4rvs\u00f6<\/h2>\n","protected":false},"excerpt":{"rendered":"<p>Om stugby i J\u00e4rvs\u00f6<\/p>\n","protected":false},"author":1,"featured_media":0,"parent":0,"menu_order":0,"comment_status":"closed","ping_status":"closed","template":"template-about.php","meta":[],"yoast_head":"<!-- This site is optimized with the Yoast SEO plugin v21.4 - https:\/\/yoast.com\/wordpress\/plugins\/seo\/ -->\n<title>Om oss - Webbdesign f\u00f6r CMS<\/title>\n<meta name=\"description\" content=\"Om stugby i J\u00e4rvs\u00f6, about stugby i J\u00e4rvs\u00f6, aventyr i J\u00e4rvs\u00f6, stugor i i J\u00e4rvs\u00f6, mtb i J\u00e4rvs\u00f6, skid\u00e5kning i J\u00e4rvs\u00f6\" \/>\n<meta name=\"robots\" content=\"index, follow, max-snippet:-1, max-image-preview:large, max-video-preview:-1\" \/>\n<link rel=\"canonical\" href=\"https:\/\/studenter.miun.se\/~alku2200\/writeable\/wordpress-6.2\/wordpress\/om-oss\/\" \/>\n<meta property=\"og:locale\" content=\"en_US\" \/>\n<meta property=\"og:type\" content=\"article\" \/>\n<meta property=\"og:title\" content=\"Om oss - Webbdesign f\u00f6r CMS\" \/>\n<meta property=\"og:description\" content=\"Om stugby i J\u00e4rvs\u00f6, about stugby i J\u00e4rvs\u00f6, aventyr i J\u00e4rvs\u00f6, stugor i i J\u00e4rvs\u00f6, mtb i J\u00e4rvs\u00f6, skid\u00e5kning i J\u00e4rvs\u00f6\" \/>\n<meta property=\"og:url\" content=\"https:\/\/studenter.miun.se\/~alku2200\/writeable\/wordpress-6.2\/wordpress\/om-oss\/\" \/>\n<meta property=\"og:site_name\" content=\"Webbdesign f\u00f6r CMS\" \/>\n<meta property=\"article:modified_time\" content=\"2024-11-01T14:01:10+00:00\" \/>\n<meta name=\"twitter:card\" content=\"summary_large_image\" \/>\n<meta name=\"twitter:label1\" content=\"Est. reading time\" \/>\n\t<meta name=\"twitter:data1\" content=\"1 minute\" \/>\n<script type=\"application\/ld+json\" class=\"yoast-schema-graph\">{\"@context\":\"https:\/\/schema.org\",\"@graph\":[{\"@type\":\"WebPage\",\"@id\":\"https:\/\/studenter.miun.se\/~alku2200\/writeable\/wordpress-6.2\/wordpress\/om-oss\/\",\"url\":\"https:\/\/studenter.miun.se\/~alku2200\/writeable\/wordpress-6.2\/wordpress\/om-oss\/\",\"name\":\"Om oss - Webbdesign f\u00f6r CMS\",\"isPartOf\":{\"@id\":\"https:\/\/studenter.miun.se\/~alku2200\/writeable\/wordpress-6.2\/wordpress\/#website\"},\"datePublished\":\"2024-11-01T13:52:05+00:00\",\"dateModified\":\"2024-11-01T14:01:10+00:00\",\"description\":\"Om stugby i J\u00e4rvs\u00f6, about stugby i J\u00e4rvs\u00f6, aventyr i J\u00e4rvs\u00f6, stugor i i J\u00e4rvs\u00f6, mtb i J\u00e4rvs\u00f6, skid\u00e5kning i J\u00e4rvs\u00f6\",\"breadcrumb\":{\"@id\":\"https:\/\/studenter.miun.se\/~alku2200\/writeable\/wordpress-6.2\/wordpress\/om-oss\/#breadcrumb\"},\"inLanguage\":\"en-US\",\"potentialAction\":[{\"@type\":\"ReadAction\",\"target\":[\"https:\/\/studenter.miun.se\/~alku2200\/writeable\/wordpress-6.2\/wordpress\/om-oss\/\"]}]},{\"@type\":\"BreadcrumbList\",\"@id\":\"https:\/\/studenter.miun.se\/~alku2200\/writeable\/wordpress-6.2\/wordpress\/om-oss\/#breadcrumb\",\"itemListElement\":[{\"@type\":\"ListItem\",\"position\":1,\"name\":\"Home\",\"item\":\"https:\/\/studenter.miun.se\/~alku2200\/writeable\/wordpress-6.2\/wordpress\/\"},{\"@type\":\"ListItem\",\"position\":2,\"name\":\"Om oss\"}]},{\"@type\":\"WebSite\",\"@id\":\"https:\/\/studenter.miun.se\/~alku2200\/writeable\/wordpress-6.2\/wordpress\/#website\",\"url\":\"https:\/\/studenter.miun.se\/~alku2200\/writeable\/wordpress-6.2\/wordpress\/\",\"name\":\"SkogsAB\",\"description\":\"VT2023 DT197G Datateknik GR (B)\",\"publisher\":{\"@id\":\"https:\/\/studenter.miun.se\/~alku2200\/writeable\/wordpress-6.2\/wordpress\/#organization\"},\"potentialAction\":[{\"@type\":\"SearchAction\",\"target\":{\"@type\":\"EntryPoint\",\"urlTemplate\":\"https:\/\/studenter.miun.se\/~alku2200\/writeable\/wordpress-6.2\/wordpress\/?s={search_term_string}\"},\"query-input\":\"required name=search_term_string\"}],\"inLanguage\":\"en-US\"},{\"@type\":\"Organization\",\"@id\":\"https:\/\/studenter.miun.se\/~alku2200\/writeable\/wordpress-6.2\/wordpress\/#organization\",\"name\":\"SkogsAB\",\"url\":\"https:\/\/studenter.miun.se\/~alku2200\/writeable\/wordpress-6.2\/wordpress\/\",\"logo\":{\"@type\":\"ImageObject\",\"inLanguage\":\"en-US\",\"@id\":\"https:\/\/studenter.miun.se\/~alku2200\/writeable\/wordpress-6.2\/wordpress\/#\/schema\/logo\/image\/\",\"url\":\"https:\/\/studenter.miun.se\/~alku2200\/writeable\/wordpress-6.2\/wordpress\/wp-content\/uploads\/2023\/10\/skoglogo.png\",\"contentUrl\":\"https:\/\/studenter.miun.se\/~alku2200\/writeable\/wordpress-6.2\/wordpress\/wp-content\/uploads\/2023\/10\/skoglogo.png\",\"width\":200,\"height\":200,\"caption\":\"SkogsAB\"},\"image\":{\"@id\":\"https:\/\/studenter.miun.se\/~alku2200\/writeable\/wordpress-6.2\/wordpress\/#\/schema\/logo\/image\/\"}}]}<\/script>\n<!-- \/ Yoast SEO plugin. -->","yoast_head_json":{"title":"Om oss - Webbdesign f\u00f6r CMS","description":"Om stugby i J\u00e4rvs\u00f6, about stugby i J\u00e4rvs\u00f6, aventyr i J\u00e4rvs\u00f6, stugor i i J\u00e4rvs\u00f6, mtb i J\u00e4rvs\u00f6, skid\u00e5kning i J\u00e4rvs\u00f6","robots":{"index":"index","follow":"follow","max-snippet":"max-snippet:-1","max-image-preview":"max-image-preview:large","max-video-preview":"max-video-preview:-1"},"canonical":"https:\/\/studenter.miun.se\/~alku2200\/writeable\/wordpress-6.2\/wordpress\/om-oss\/","og_locale":"en_US","og_type":"article","og_title":"Om oss - Webbdesign f\u00f6r CMS","og_description":"Om stugby i J\u00e4rvs\u00f6, about stugby i J\u00e4rvs\u00f6, aventyr i J\u00e4rvs\u00f6, stugor i i J\u00e4rvs\u00f6, mtb i J\u00e4rvs\u00f6, skid\u00e5kning i J\u00e4rvs\u00f6","og_url":"https:\/\/studenter.miun.se\/~alku2200\/writeable\/wordpress-6.2\/wordpress\/om-oss\/","og_site_name":"Webbdesign f\u00f6r CMS","article_modified_time":"2024-11-01T14:01:10+00:00","twitter_card":"summary_large_image","twitter_misc":{"Est. reading time":"1 minute"},"schema":{"@context":"https:\/\/schema.org","@graph":[{"@type":"WebPage","@id":"https:\/\/studenter.miun.se\/~alku2200\/writeable\/wordpress-6.2\/wordpress\/om-oss\/","url":"https:\/\/studenter.miun.se\/~alku2200\/writeable\/wordpress-6.2\/wordpress\/om-oss\/","name":"Om oss - Webbdesign f\u00f6r CMS","isPartOf":{"@id":"https:\/\/studenter.miun.se\/~alku2200\/writeable\/wordpress-6.2\/wordpress\/#website"},"datePublished":"2024-11-01T13:52:05+00:00","dateModified":"2024-11-01T14:01:10+00:00","description":"Om stugby i J\u00e4rvs\u00f6, about stugby i J\u00e4rvs\u00f6, aventyr i J\u00e4rvs\u00f6, stugor i i J\u00e4rvs\u00f6, mtb i J\u00e4rvs\u00f6, skid\u00e5kning i J\u00e4rvs\u00f6","breadcrumb":{"@id":"https:\/\/studenter.miun.se\/~alku2200\/writeable\/wordpress-6.2\/wordpress\/om-oss\/#breadcrumb"},"inLanguage":"en-US","potentialAction":[{"@type":"ReadAction","target":["https:\/\/studenter.miun.se\/~alku2200\/writeable\/wordpress-6.2\/wordpress\/om-oss\/"]}]},{"@type":"BreadcrumbList","@id":"https:\/\/studenter.miun.se\/~alku2200\/writeable\/wordpress-6.2\/wordpress\/om-oss\/#breadcrumb","itemListElement":[{"@type":"ListItem","position":1,"name":"Home","item":"https:\/\/studenter.miun.se\/~alku2200\/writeable\/wordpress-6.2\/wordpress\/"},{"@type":"ListItem","position":2,"name":"Om oss"}]},{"@type":"WebSite","@id":"https:\/\/studenter.miun.se\/~alku2200\/writeable\/wordpress-6.2\/wordpress\/#website","url":"https:\/\/studenter.miun.se\/~alku2200\/writeable\/wordpress-6.2\/wordpress\/","name":"SkogsAB","description":"VT2023 DT197G Datateknik GR (B)","publisher":{"@id":"https:\/\/studenter.miun.se\/~alku2200\/writeable\/wordpress-6.2\/wordpress\/#organization"},"potentialAction":[{"@type":"SearchAction","target":{"@type":"EntryPoint","urlTemplate":"https:\/\/studenter.miun.se\/~alku2200\/writeable\/wordpress-6.2\/wordpress\/?s={search_term_string}"},"query-input":"required name=search_term_string"}],"inLanguage":"en-US"},{"@type":"Organization","@id":"https:\/\/studenter.miun.se\/~alku2200\/writeable\/wordpress-6.2\/wordpress\/#organization","name":"SkogsAB","url":"https:\/\/studenter.miun.se\/~alku2200\/writeable\/wordpress-6.2\/wordpress\/","logo":{"@type":"ImageObject","inLanguage":"en-US","@id":"https:\/\/studenter.miun.se\/~alku2200\/writeable\/wordpress-6.2\/wordpress\/#\/schema\/logo\/image\/","url":"https:\/\/studenter.miun.se\/~alku2200\/writeable\/wordpress-6.2\/wordpress\/wp-content\/uploads\/2023\/10\/skoglogo.png","contentUrl":"https:\/\/studenter.miun.se\/~alku2200\/writeable\/wordpress-6.2\/wordpress\/wp-content\/uploads\/2023\/10\/skoglogo.png","width":200,"height":200,"caption":"SkogsAB"},"image":{"@id":"https:\/\/studenter.miun.se\/~alku2200\/writeable\/wordpress-6.2\/wordpress\/#\/schema\/logo\/image\/"}}]}},"_links":{"self":[{"href":"https:\/\/studenter.miun.se\/~alku2200\/writeable\/wordpress-6.2\/wordpress\/wp-json\/wp\/v2\/pages\/232"}],"collection":[{"href":"https:\/\/studenter.miun.se\/~alku2200\/writeable\/wordpress-6.2\/wordpress\/wp-json\/wp\/v2\/pages"}],"about":[{"href":"https:\/\/studenter.miun.se\/~alku2200\/writeable\/wordpress-6.2\/wordpress\/wp-json\/wp\/v2\/types\/page"}],"author":[{"embeddable":true,"href":"https:\/\/studenter.miun.se\/~alku2200\/writeable\/wordpress-6.2\/wordpress\/wp-json\/wp\/v2\/users\/1"}],"replies":[{"embeddable":true,"href":"https:\/\/studenter.miun.se\/~alku2200\/writeable\/wordpress-6.2\/wordpress\/wp-json\/wp\/v2\/comments?post=232"}],"version-history":[{"count":3,"href":"https:\/\/studenter.miun.se\/~alku2200\/writeable\/wordpress-6.2\/wordpress\/wp-json\/wp\/v2\/pages\/232\/revisions"}],"predecessor-version":[{"id":238,"href":"https:\/\/studenter.miun.se\/~alku2200\/writeable\/wordpress-6.2\/wordpress\/wp-json\/wp\/v2\/pages\/232\/revisions\/238"}],"wp:attachment":[{"href":"https:\/\/studenter.miun.se\/~alku2200\/writeable\/wordpress-6.2\/wordpress\/wp-json\/wp\/v2\/media?parent=232"}],"curies":[{"name":"wp","href":"https:\/\/api.w.org\/{rel}","templated":true}]}}