{"id":31,"date":"2023-05-11T22:47:20","date_gmt":"2023-05-11T20:47:20","guid":{"rendered":"https:\/\/studenter.miun.se\/~ambj2200\/writeable\/dt197g\/projekt\/?page_id=31"},"modified":"2023-05-17T09:46:22","modified_gmt":"2023-05-17T07:46:22","slug":"start","status":"publish","type":"page","link":"https:\/\/studenter.miun.se\/~ambj2200\/writeable\/dt197g\/projekt\/","title":{"rendered":"Start"},"content":{"rendered":"\n<article>\n\n\n\n<h2 class=\"wp-block-heading\"><a href=\"https:\/\/studenter.miun.se\/~ambj2200\/writeable\/dt197g\/projekt\/category\/boende\/\">Hitta ditt n\u00e4sta resm\u00e5l<\/a><\/h2>\n\n\n\n<p>De svenska sj\u00f6arna en fantastisk destination f\u00f6r de som vill uppleva naturen p\u00e5 n\u00e4ra h\u00e5ll och njuta av friluftslivet. Med en m\u00e4ngd olika aktiviteter som fiske, b\u00e5tturer, vandring och camping finns det n\u00e5got f\u00f6r alla att uppleva. Och med en rik flora och fauna finns det ocks\u00e5 m\u00f6jlighet att se en m\u00e4ngd olika djurarter och f\u00e5glar. S\u00e5 om du planerar en resa till Sverige, missa inte chansen att bes\u00f6ka n\u00e5gra av landets vackra sj\u00f6ar och uppleva det svenska friluftslivet p\u00e5 riktigt.<\/p>\n\n\n\n<figure class=\"wp-block-image size-full\"><img data-dominant-color=\"3d3b2f\" data-has-transparency=\"false\" style=\"--dominant-color: #3d3b2f;\" loading=\"lazy\" decoding=\"async\" width=\"1000\" height=\"667\" src=\"https:\/\/studenter.miun.se\/~ambj2200\/writeable\/dt197g\/projekt\/wp-content\/uploads\/2023\/05\/cabin2.webp\" alt=\"Hus vid sj\u00f6 i en dal\" class=\"not-transparent wp-image-104\" srcset=\"https:\/\/studenter.miun.se\/~ambj2200\/writeable\/dt197g\/projekt\/wp-content\/uploads\/2023\/05\/cabin2.webp 1000w, https:\/\/studenter.miun.se\/~ambj2200\/writeable\/dt197g\/projekt\/wp-content\/uploads\/2023\/05\/cabin2-300x200.webp 300w, https:\/\/studenter.miun.se\/~ambj2200\/writeable\/dt197g\/projekt\/wp-content\/uploads\/2023\/05\/cabin2-768x512.webp 768w\" sizes=\"auto, (max-width: 1000px) 100vw, 1000px\" \/><\/figure>\n\n\n\n<\/article>\n\n\n\n<hr>\n\n\n\n<article>\n\n\n\n<h2 class=\"wp-block-heading\"><a href=\"https:\/\/studenter.miun.se\/~ambj2200\/writeable\/dt197g\/projekt\/category\/aktiviteter\/\">Aktiviteter<\/a><\/h2>\n\n\n\n<p>Sverige \u00e4r k\u00e4nt f\u00f6r sina vackra sj\u00f6ar och sin storslagna natur. Det finns tusentals sj\u00f6ar i landet som lockar bes\u00f6kare fr\u00e5n hela v\u00e4rlden med sin fantastiska sk\u00f6nhet och m\u00f6jlighet till friluftsliv. Sj\u00f6arna i Sverige str\u00e4cker sig fr\u00e5n sm\u00e5, stillsamma vattendrag till stora sj\u00f6ar som str\u00e4cker sig \u00f6ver flera mil. Vissa sj\u00f6ar \u00e4r omgivna av h\u00f6ga berg medan andra ligger i mjuka, gr\u00f6na dalar. Oavsett var man v\u00e4ljer att bes\u00f6ka en sj\u00f6 i Sverige finns det alltid m\u00f6jlighet att uppleva naturen p\u00e5 n\u00e4ra h\u00e5ll och njuta av det svenska friluftslivet.<\/p>\n\n\n\n<figure class=\"wp-block-image size-full\"><img data-dominant-color=\"7b807a\" data-has-transparency=\"false\" style=\"--dominant-color: #7b807a;\" loading=\"lazy\" decoding=\"async\" width=\"1000\" height=\"667\" src=\"https:\/\/studenter.miun.se\/~ambj2200\/writeable\/dt197g\/projekt\/wp-content\/uploads\/2023\/05\/fishing1.webp\" alt=\"Person som flugfiskar i ett vattendrag\" class=\"not-transparent wp-image-105\" srcset=\"https:\/\/studenter.miun.se\/~ambj2200\/writeable\/dt197g\/projekt\/wp-content\/uploads\/2023\/05\/fishing1.webp 1000w, https:\/\/studenter.miun.se\/~ambj2200\/writeable\/dt197g\/projekt\/wp-content\/uploads\/2023\/05\/fishing1-300x200.webp 300w, https:\/\/studenter.miun.se\/~ambj2200\/writeable\/dt197g\/projekt\/wp-content\/uploads\/2023\/05\/fishing1-768x512.webp 768w\" sizes=\"auto, (max-width: 1000px) 100vw, 1000px\" \/><\/figure>\n\n\n\n<\/article>\n\n\n\n<hr>\n","protected":false},"excerpt":{"rendered":"<p>Hitta ditt n\u00e4sta resm\u00e5l De svenska sj\u00f6arna en fantastisk destination f\u00f6r de som vill uppleva naturen p\u00e5 n\u00e4ra h\u00e5ll och njuta av friluftslivet. Med en m\u00e4ngd olika aktiviteter som fiske, b\u00e5tturer, vandring och camping finns det n\u00e5got f\u00f6r alla att uppleva. Och med en rik flora och fauna finns det ocks\u00e5 m\u00f6jlighet att se en [&hellip;]<\/p>\n","protected":false},"author":1,"featured_media":0,"parent":0,"menu_order":0,"comment_status":"closed","ping_status":"closed","template":"","meta":{"footnotes":""},"class_list":["post-31","page","type-page","status-publish","hentry"],"yoast_head":"<!-- This site is optimized with the Yoast SEO plugin v20.7 - https:\/\/yoast.com\/wordpress\/plugins\/seo\/ -->\n<title>Start - Lakeview Resorts<\/title>\n<meta name=\"description\" content=\"Lakeview Resorts erbjuder boende och aktiviteter runt om i Sverige vid n\u00e5gra av v\u00e5ra fina inlandssj\u00f6ar. Vandra, fiska eller paddla kajak.\" \/>\n<meta name=\"robots\" content=\"index, follow, max-snippet:-1, max-image-preview:large, max-video-preview:-1\" \/>\n<link rel=\"canonical\" href=\"https:\/\/studenter.miun.se\/~ambj2200\/writeable\/dt197g\/projekt\/\" \/>\n<meta property=\"og:locale\" content=\"sv_SE\" \/>\n<meta property=\"og:type\" content=\"article\" \/>\n<meta property=\"og:title\" content=\"Start - Lakeview Resorts\" \/>\n<meta property=\"og:description\" content=\"Lakeview Resorts erbjuder boende och aktiviteter runt om i Sverige vid n\u00e5gra av v\u00e5ra fina inlandssj\u00f6ar. Vandra, fiska eller paddla kajak.\" \/>\n<meta property=\"og:url\" content=\"https:\/\/studenter.miun.se\/~ambj2200\/writeable\/dt197g\/projekt\/\" \/>\n<meta property=\"og:site_name\" content=\"Lakeview Resorts\" \/>\n<meta property=\"article:modified_time\" content=\"2023-05-17T07:46:22+00:00\" \/>\n<meta property=\"og:image\" content=\"https:\/\/studenter.miun.se\/~ambj2200\/writeable\/dt197g\/projekt\/wp-content\/uploads\/2023\/05\/cabin2.webp\" \/>\n<meta name=\"twitter:card\" content=\"summary_large_image\" \/>\n<meta name=\"twitter:label1\" content=\"Ber\u00e4knad l\u00e4stid\" \/>\n\t<meta name=\"twitter:data1\" content=\"2 minuter\" \/>\n<script type=\"application\/ld+json\" class=\"yoast-schema-graph\">{\"@context\":\"https:\/\/schema.org\",\"@graph\":[{\"@type\":\"WebPage\",\"@id\":\"https:\/\/studenter.miun.se\/~ambj2200\/writeable\/dt197g\/projekt\/\",\"url\":\"https:\/\/studenter.miun.se\/~ambj2200\/writeable\/dt197g\/projekt\/\",\"name\":\"Start - Lakeview Resorts\",\"isPartOf\":{\"@id\":\"https:\/\/studenter.miun.se\/~ambj2200\/writeable\/dt197g\/projekt\/#website\"},\"datePublished\":\"2023-05-11T20:47:20+00:00\",\"dateModified\":\"2023-05-17T07:46:22+00:00\",\"description\":\"Lakeview Resorts erbjuder boende och aktiviteter runt om i Sverige vid n\u00e5gra av v\u00e5ra fina inlandssj\u00f6ar. Vandra, fiska eller paddla kajak.\",\"breadcrumb\":{\"@id\":\"https:\/\/studenter.miun.se\/~ambj2200\/writeable\/dt197g\/projekt\/#breadcrumb\"},\"inLanguage\":\"sv-SE\",\"potentialAction\":[{\"@type\":\"ReadAction\",\"target\":[\"https:\/\/studenter.miun.se\/~ambj2200\/writeable\/dt197g\/projekt\/\"]}]},{\"@type\":\"BreadcrumbList\",\"@id\":\"https:\/\/studenter.miun.se\/~ambj2200\/writeable\/dt197g\/projekt\/#breadcrumb\",\"itemListElement\":[{\"@type\":\"ListItem\",\"position\":1,\"name\":\"Hem\",\"item\":\"https:\/\/studenter.miun.se\/~ambj2200\/writeable\/dt197g\/projekt\/\"},{\"@type\":\"ListItem\",\"position\":2,\"name\":\"Start\"}]},{\"@type\":\"WebSite\",\"@id\":\"https:\/\/studenter.miun.se\/~ambj2200\/writeable\/dt197g\/projekt\/#website\",\"url\":\"https:\/\/studenter.miun.se\/~ambj2200\/writeable\/dt197g\/projekt\/\",\"name\":\"Lakeview Resorts\",\"description\":\"\",\"publisher\":{\"@id\":\"https:\/\/studenter.miun.se\/~ambj2200\/writeable\/dt197g\/projekt\/#organization\"},\"potentialAction\":[{\"@type\":\"SearchAction\",\"target\":{\"@type\":\"EntryPoint\",\"urlTemplate\":\"https:\/\/studenter.miun.se\/~ambj2200\/writeable\/dt197g\/projekt\/?s={search_term_string}\"},\"query-input\":\"required name=search_term_string\"}],\"inLanguage\":\"sv-SE\"},{\"@type\":\"Organization\",\"@id\":\"https:\/\/studenter.miun.se\/~ambj2200\/writeable\/dt197g\/projekt\/#organization\",\"name\":\"Lakeview Resorts\",\"url\":\"https:\/\/studenter.miun.se\/~ambj2200\/writeable\/dt197g\/projekt\/\",\"logo\":{\"@type\":\"ImageObject\",\"inLanguage\":\"sv-SE\",\"@id\":\"https:\/\/studenter.miun.se\/~ambj2200\/writeable\/dt197g\/projekt\/#\/schema\/logo\/image\/\",\"url\":\"https:\/\/studenter.miun.se\/~ambj2200\/writeable\/dt197g\/projekt\/wp-content\/uploads\/2023\/05\/gro\u0308n-mellan-ikon.png\",\"contentUrl\":\"https:\/\/studenter.miun.se\/~ambj2200\/writeable\/dt197g\/projekt\/wp-content\/uploads\/2023\/05\/gro\u0308n-mellan-ikon.png\",\"width\":250,\"height\":233,\"caption\":\"Lakeview Resorts\"},\"image\":{\"@id\":\"https:\/\/studenter.miun.se\/~ambj2200\/writeable\/dt197g\/projekt\/#\/schema\/logo\/image\/\"}}]}<\/script>\n<!-- \/ Yoast SEO plugin. -->","yoast_head_json":{"title":"Start - Lakeview Resorts","description":"Lakeview Resorts erbjuder boende och aktiviteter runt om i Sverige vid n\u00e5gra av v\u00e5ra fina inlandssj\u00f6ar. Vandra, fiska eller paddla kajak.","robots":{"index":"index","follow":"follow","max-snippet":"max-snippet:-1","max-image-preview":"max-image-preview:large","max-video-preview":"max-video-preview:-1"},"canonical":"https:\/\/studenter.miun.se\/~ambj2200\/writeable\/dt197g\/projekt\/","og_locale":"sv_SE","og_type":"article","og_title":"Start - Lakeview Resorts","og_description":"Lakeview Resorts erbjuder boende och aktiviteter runt om i Sverige vid n\u00e5gra av v\u00e5ra fina inlandssj\u00f6ar. Vandra, fiska eller paddla kajak.","og_url":"https:\/\/studenter.miun.se\/~ambj2200\/writeable\/dt197g\/projekt\/","og_site_name":"Lakeview Resorts","article_modified_time":"2023-05-17T07:46:22+00:00","og_image":[{"url":"https:\/\/studenter.miun.se\/~ambj2200\/writeable\/dt197g\/projekt\/wp-content\/uploads\/2023\/05\/cabin2.webp"}],"twitter_card":"summary_large_image","twitter_misc":{"Ber\u00e4knad l\u00e4stid":"2 minuter"},"schema":{"@context":"https:\/\/schema.org","@graph":[{"@type":"WebPage","@id":"https:\/\/studenter.miun.se\/~ambj2200\/writeable\/dt197g\/projekt\/","url":"https:\/\/studenter.miun.se\/~ambj2200\/writeable\/dt197g\/projekt\/","name":"Start - Lakeview Resorts","isPartOf":{"@id":"https:\/\/studenter.miun.se\/~ambj2200\/writeable\/dt197g\/projekt\/#website"},"datePublished":"2023-05-11T20:47:20+00:00","dateModified":"2023-05-17T07:46:22+00:00","description":"Lakeview Resorts erbjuder boende och aktiviteter runt om i Sverige vid n\u00e5gra av v\u00e5ra fina inlandssj\u00f6ar. Vandra, fiska eller paddla kajak.","breadcrumb":{"@id":"https:\/\/studenter.miun.se\/~ambj2200\/writeable\/dt197g\/projekt\/#breadcrumb"},"inLanguage":"sv-SE","potentialAction":[{"@type":"ReadAction","target":["https:\/\/studenter.miun.se\/~ambj2200\/writeable\/dt197g\/projekt\/"]}]},{"@type":"BreadcrumbList","@id":"https:\/\/studenter.miun.se\/~ambj2200\/writeable\/dt197g\/projekt\/#breadcrumb","itemListElement":[{"@type":"ListItem","position":1,"name":"Hem","item":"https:\/\/studenter.miun.se\/~ambj2200\/writeable\/dt197g\/projekt\/"},{"@type":"ListItem","position":2,"name":"Start"}]},{"@type":"WebSite","@id":"https:\/\/studenter.miun.se\/~ambj2200\/writeable\/dt197g\/projekt\/#website","url":"https:\/\/studenter.miun.se\/~ambj2200\/writeable\/dt197g\/projekt\/","name":"Lakeview Resorts","description":"","publisher":{"@id":"https:\/\/studenter.miun.se\/~ambj2200\/writeable\/dt197g\/projekt\/#organization"},"potentialAction":[{"@type":"SearchAction","target":{"@type":"EntryPoint","urlTemplate":"https:\/\/studenter.miun.se\/~ambj2200\/writeable\/dt197g\/projekt\/?s={search_term_string}"},"query-input":"required name=search_term_string"}],"inLanguage":"sv-SE"},{"@type":"Organization","@id":"https:\/\/studenter.miun.se\/~ambj2200\/writeable\/dt197g\/projekt\/#organization","name":"Lakeview Resorts","url":"https:\/\/studenter.miun.se\/~ambj2200\/writeable\/dt197g\/projekt\/","logo":{"@type":"ImageObject","inLanguage":"sv-SE","@id":"https:\/\/studenter.miun.se\/~ambj2200\/writeable\/dt197g\/projekt\/#\/schema\/logo\/image\/","url":"https:\/\/studenter.miun.se\/~ambj2200\/writeable\/dt197g\/projekt\/wp-content\/uploads\/2023\/05\/gro\u0308n-mellan-ikon.png","contentUrl":"https:\/\/studenter.miun.se\/~ambj2200\/writeable\/dt197g\/projekt\/wp-content\/uploads\/2023\/05\/gro\u0308n-mellan-ikon.png","width":250,"height":233,"caption":"Lakeview Resorts"},"image":{"@id":"https:\/\/studenter.miun.se\/~ambj2200\/writeable\/dt197g\/projekt\/#\/schema\/logo\/image\/"}}]}},"_links":{"self":[{"href":"https:\/\/studenter.miun.se\/~ambj2200\/writeable\/dt197g\/projekt\/wp-json\/wp\/v2\/pages\/31","targetHints":{"allow":["GET"]}}],"collection":[{"href":"https:\/\/studenter.miun.se\/~ambj2200\/writeable\/dt197g\/projekt\/wp-json\/wp\/v2\/pages"}],"about":[{"href":"https:\/\/studenter.miun.se\/~ambj2200\/writeable\/dt197g\/projekt\/wp-json\/wp\/v2\/types\/page"}],"author":[{"embeddable":true,"href":"https:\/\/studenter.miun.se\/~ambj2200\/writeable\/dt197g\/projekt\/wp-json\/wp\/v2\/users\/1"}],"replies":[{"embeddable":true,"href":"https:\/\/studenter.miun.se\/~ambj2200\/writeable\/dt197g\/projekt\/wp-json\/wp\/v2\/comments?post=31"}],"version-history":[{"count":3,"href":"https:\/\/studenter.miun.se\/~ambj2200\/writeable\/dt197g\/projekt\/wp-json\/wp\/v2\/pages\/31\/revisions"}],"predecessor-version":[{"id":106,"href":"https:\/\/studenter.miun.se\/~ambj2200\/writeable\/dt197g\/projekt\/wp-json\/wp\/v2\/pages\/31\/revisions\/106"}],"wp:attachment":[{"href":"https:\/\/studenter.miun.se\/~ambj2200\/writeable\/dt197g\/projekt\/wp-json\/wp\/v2\/media?parent=31"}],"curies":[{"name":"wp","href":"https:\/\/api.w.org\/{rel}","templated":true}]}}