{"id":68,"date":"2023-05-12T00:20:43","date_gmt":"2023-05-11T22:20:43","guid":{"rendered":"https:\/\/studenter.miun.se\/~ambj2200\/writeable\/dt197g\/projekt\/?page_id=68"},"modified":"2023-05-12T00:20:44","modified_gmt":"2023-05-11T22:20:44","slug":"kontakt","status":"publish","type":"page","link":"https:\/\/studenter.miun.se\/~ambj2200\/writeable\/dt197g\/projekt\/kontakt\/","title":{"rendered":"Kontakt"},"content":{"rendered":"\n<p>Fyll i formul\u00e4ret nedan om du har n\u00e5gra fr\u00e5gor s\u00e5 kontaktar vi dig s\u00e5 snabbt vi kan.<\/p>\n\n\n\n<div class=\"wp-block-contact-form-7-contact-form-selector\">\n<div class=\"wpcf7 no-js\" id=\"wpcf7-f5-o1\" lang=\"sv-SE\" dir=\"ltr\">\n<div class=\"screen-reader-response\"><p role=\"status\" aria-live=\"polite\" aria-atomic=\"true\"><\/p> <ul><\/ul><\/div>\n<form action=\"\/~ambj2200\/writeable\/dt197g\/projekt\/wp-json\/wp\/v2\/pages\/68#wpcf7-f5-o1\" method=\"post\" class=\"wpcf7-form init\" aria-label=\"Kontaktformul\u00e4r\" novalidate=\"novalidate\" data-status=\"init\">\n<div style=\"display: none;\">\n<input type=\"hidden\" name=\"_wpcf7\" value=\"5\" \/>\n<input type=\"hidden\" name=\"_wpcf7_version\" value=\"5.7.6\" \/>\n<input type=\"hidden\" name=\"_wpcf7_locale\" value=\"sv_SE\" \/>\n<input type=\"hidden\" name=\"_wpcf7_unit_tag\" value=\"wpcf7-f5-o1\" \/>\n<input type=\"hidden\" name=\"_wpcf7_container_post\" value=\"0\" \/>\n<input type=\"hidden\" name=\"_wpcf7_posted_data_hash\" value=\"\" \/>\n<\/div>\n<p><label> F\u00f6r- och efternamn<br \/>\n<span class=\"wpcf7-form-control-wrap\" data-name=\"your-name\"><input size=\"40\" class=\"wpcf7-form-control wpcf7-text wpcf7-validates-as-required\" autocomplete=\"name\" aria-required=\"true\" aria-invalid=\"false\" value=\"\" type=\"text\" name=\"your-name\" \/><\/span> <\/label>\n<\/p>\n<p><label> E-post<br \/>\n<span class=\"wpcf7-form-control-wrap\" data-name=\"your-email\"><input size=\"40\" class=\"wpcf7-form-control wpcf7-text wpcf7-email wpcf7-validates-as-required wpcf7-validates-as-email\" autocomplete=\"email\" aria-required=\"true\" aria-invalid=\"false\" value=\"\" type=\"email\" name=\"your-email\" \/><\/span> <\/label>\n<\/p>\n<p><label> Meddelande<br \/>\n<span class=\"wpcf7-form-control-wrap\" data-name=\"your-message\"><textarea cols=\"40\" rows=\"10\" class=\"wpcf7-form-control wpcf7-textarea\" aria-invalid=\"false\" name=\"your-message\"><\/textarea><\/span> <\/label>\n<\/p>\n<p><input class=\"wpcf7-form-control has-spinner wpcf7-submit\" type=\"submit\" value=\"Skicka formul\u00e4r\" \/>\n<\/p><div class=\"wpcf7-response-output\" aria-hidden=\"true\"><\/div>\n<\/form>\n<\/div>\n<\/div>\n","protected":false},"excerpt":{"rendered":"<p>Fyll i formul\u00e4ret nedan om du har n\u00e5gra fr\u00e5gor s\u00e5 kontaktar vi dig s\u00e5 snabbt vi kan.<\/p>\n","protected":false},"author":1,"featured_media":17,"parent":0,"menu_order":0,"comment_status":"closed","ping_status":"closed","template":"template-contact.php","meta":{"footnotes":""},"class_list":["post-68","page","type-page","status-publish","has-post-thumbnail","hentry"],"yoast_head":"<!-- This site is optimized with the Yoast SEO plugin v20.7 - https:\/\/yoast.com\/wordpress\/plugins\/seo\/ -->\n<title>Kontakt - Lakeview Resorts<\/title>\n<meta name=\"description\" content=\"Fyll i formul\u00e4ret s\u00e5 kontaktar Lakeview Resorts dig s\u00e5 snabbt vi kan! Vi f\u00f6rs\u00f6ker svara p\u00e5 Era fr\u00e5gor varje dag.\" \/>\n<meta name=\"robots\" content=\"index, follow, max-snippet:-1, max-image-preview:large, max-video-preview:-1\" \/>\n<link rel=\"canonical\" href=\"https:\/\/studenter.miun.se\/~ambj2200\/writeable\/dt197g\/projekt\/kontakt\/\" \/>\n<meta property=\"og:locale\" content=\"sv_SE\" \/>\n<meta property=\"og:type\" content=\"article\" \/>\n<meta property=\"og:title\" content=\"Kontakt - Lakeview Resorts\" \/>\n<meta property=\"og:description\" content=\"Fyll i formul\u00e4ret s\u00e5 kontaktar Lakeview Resorts dig s\u00e5 snabbt vi kan! Vi f\u00f6rs\u00f6ker svara p\u00e5 Era fr\u00e5gor varje dag.\" \/>\n<meta property=\"og:url\" content=\"https:\/\/studenter.miun.se\/~ambj2200\/writeable\/dt197g\/projekt\/kontakt\/\" \/>\n<meta property=\"og:site_name\" content=\"Lakeview Resorts\" \/>\n<meta property=\"article:modified_time\" content=\"2023-05-11T22:20:44+00:00\" \/>\n<meta property=\"og:image\" content=\"https:\/\/studenter.miun.se\/~ambj2200\/writeable\/dt197g\/projekt\/wp-content\/uploads\/2023\/05\/hiking2-1.jpg\" \/>\n\t<meta property=\"og:image:width\" content=\"773\" \/>\n\t<meta property=\"og:image:height\" content=\"1000\" \/>\n\t<meta property=\"og:image:type\" content=\"image\/jpeg\" \/>\n<meta name=\"twitter:card\" content=\"summary_large_image\" \/>\n<meta name=\"twitter:label1\" content=\"Ber\u00e4knad l\u00e4stid\" \/>\n\t<meta name=\"twitter:data1\" content=\"1 minut\" \/>\n<script type=\"application\/ld+json\" class=\"yoast-schema-graph\">{\"@context\":\"https:\/\/schema.org\",\"@graph\":[{\"@type\":\"WebPage\",\"@id\":\"https:\/\/studenter.miun.se\/~ambj2200\/writeable\/dt197g\/projekt\/kontakt\/\",\"url\":\"https:\/\/studenter.miun.se\/~ambj2200\/writeable\/dt197g\/projekt\/kontakt\/\",\"name\":\"Kontakt - Lakeview Resorts\",\"isPartOf\":{\"@id\":\"https:\/\/studenter.miun.se\/~ambj2200\/writeable\/dt197g\/projekt\/#website\"},\"datePublished\":\"2023-05-11T22:20:43+00:00\",\"dateModified\":\"2023-05-11T22:20:44+00:00\",\"description\":\"Fyll i formul\u00e4ret s\u00e5 kontaktar Lakeview Resorts dig s\u00e5 snabbt vi kan! Vi f\u00f6rs\u00f6ker svara p\u00e5 Era fr\u00e5gor varje dag.\",\"breadcrumb\":{\"@id\":\"https:\/\/studenter.miun.se\/~ambj2200\/writeable\/dt197g\/projekt\/kontakt\/#breadcrumb\"},\"inLanguage\":\"sv-SE\",\"potentialAction\":[{\"@type\":\"ReadAction\",\"target\":[\"https:\/\/studenter.miun.se\/~ambj2200\/writeable\/dt197g\/projekt\/kontakt\/\"]}]},{\"@type\":\"BreadcrumbList\",\"@id\":\"https:\/\/studenter.miun.se\/~ambj2200\/writeable\/dt197g\/projekt\/kontakt\/#breadcrumb\",\"itemListElement\":[{\"@type\":\"ListItem\",\"position\":1,\"name\":\"Hem\",\"item\":\"https:\/\/studenter.miun.se\/~ambj2200\/writeable\/dt197g\/projekt\/\"},{\"@type\":\"ListItem\",\"position\":2,\"name\":\"Kontakt\"}]},{\"@type\":\"WebSite\",\"@id\":\"https:\/\/studenter.miun.se\/~ambj2200\/writeable\/dt197g\/projekt\/#website\",\"url\":\"https:\/\/studenter.miun.se\/~ambj2200\/writeable\/dt197g\/projekt\/\",\"name\":\"Lakeview Resorts\",\"description\":\"\",\"publisher\":{\"@id\":\"https:\/\/studenter.miun.se\/~ambj2200\/writeable\/dt197g\/projekt\/#organization\"},\"potentialAction\":[{\"@type\":\"SearchAction\",\"target\":{\"@type\":\"EntryPoint\",\"urlTemplate\":\"https:\/\/studenter.miun.se\/~ambj2200\/writeable\/dt197g\/projekt\/?s={search_term_string}\"},\"query-input\":\"required name=search_term_string\"}],\"inLanguage\":\"sv-SE\"},{\"@type\":\"Organization\",\"@id\":\"https:\/\/studenter.miun.se\/~ambj2200\/writeable\/dt197g\/projekt\/#organization\",\"name\":\"Lakeview Resorts\",\"url\":\"https:\/\/studenter.miun.se\/~ambj2200\/writeable\/dt197g\/projekt\/\",\"logo\":{\"@type\":\"ImageObject\",\"inLanguage\":\"sv-SE\",\"@id\":\"https:\/\/studenter.miun.se\/~ambj2200\/writeable\/dt197g\/projekt\/#\/schema\/logo\/image\/\",\"url\":\"https:\/\/studenter.miun.se\/~ambj2200\/writeable\/dt197g\/projekt\/wp-content\/uploads\/2023\/05\/gro\u0308n-mellan-ikon.png\",\"contentUrl\":\"https:\/\/studenter.miun.se\/~ambj2200\/writeable\/dt197g\/projekt\/wp-content\/uploads\/2023\/05\/gro\u0308n-mellan-ikon.png\",\"width\":250,\"height\":233,\"caption\":\"Lakeview Resorts\"},\"image\":{\"@id\":\"https:\/\/studenter.miun.se\/~ambj2200\/writeable\/dt197g\/projekt\/#\/schema\/logo\/image\/\"}}]}<\/script>\n<!-- \/ Yoast SEO plugin. -->","yoast_head_json":{"title":"Kontakt - Lakeview Resorts","description":"Fyll i formul\u00e4ret s\u00e5 kontaktar Lakeview Resorts dig s\u00e5 snabbt vi kan! Vi f\u00f6rs\u00f6ker svara p\u00e5 Era fr\u00e5gor varje dag.","robots":{"index":"index","follow":"follow","max-snippet":"max-snippet:-1","max-image-preview":"max-image-preview:large","max-video-preview":"max-video-preview:-1"},"canonical":"https:\/\/studenter.miun.se\/~ambj2200\/writeable\/dt197g\/projekt\/kontakt\/","og_locale":"sv_SE","og_type":"article","og_title":"Kontakt - Lakeview Resorts","og_description":"Fyll i formul\u00e4ret s\u00e5 kontaktar Lakeview Resorts dig s\u00e5 snabbt vi kan! Vi f\u00f6rs\u00f6ker svara p\u00e5 Era fr\u00e5gor varje dag.","og_url":"https:\/\/studenter.miun.se\/~ambj2200\/writeable\/dt197g\/projekt\/kontakt\/","og_site_name":"Lakeview Resorts","article_modified_time":"2023-05-11T22:20:44+00:00","og_image":[{"width":773,"height":1000,"url":"https:\/\/studenter.miun.se\/~ambj2200\/writeable\/dt197g\/projekt\/wp-content\/uploads\/2023\/05\/hiking2-1.jpg","type":"image\/jpeg"}],"twitter_card":"summary_large_image","twitter_misc":{"Ber\u00e4knad l\u00e4stid":"1 minut"},"schema":{"@context":"https:\/\/schema.org","@graph":[{"@type":"WebPage","@id":"https:\/\/studenter.miun.se\/~ambj2200\/writeable\/dt197g\/projekt\/kontakt\/","url":"https:\/\/studenter.miun.se\/~ambj2200\/writeable\/dt197g\/projekt\/kontakt\/","name":"Kontakt - Lakeview Resorts","isPartOf":{"@id":"https:\/\/studenter.miun.se\/~ambj2200\/writeable\/dt197g\/projekt\/#website"},"datePublished":"2023-05-11T22:20:43+00:00","dateModified":"2023-05-11T22:20:44+00:00","description":"Fyll i formul\u00e4ret s\u00e5 kontaktar Lakeview Resorts dig s\u00e5 snabbt vi kan! Vi f\u00f6rs\u00f6ker svara p\u00e5 Era fr\u00e5gor varje dag.","breadcrumb":{"@id":"https:\/\/studenter.miun.se\/~ambj2200\/writeable\/dt197g\/projekt\/kontakt\/#breadcrumb"},"inLanguage":"sv-SE","potentialAction":[{"@type":"ReadAction","target":["https:\/\/studenter.miun.se\/~ambj2200\/writeable\/dt197g\/projekt\/kontakt\/"]}]},{"@type":"BreadcrumbList","@id":"https:\/\/studenter.miun.se\/~ambj2200\/writeable\/dt197g\/projekt\/kontakt\/#breadcrumb","itemListElement":[{"@type":"ListItem","position":1,"name":"Hem","item":"https:\/\/studenter.miun.se\/~ambj2200\/writeable\/dt197g\/projekt\/"},{"@type":"ListItem","position":2,"name":"Kontakt"}]},{"@type":"WebSite","@id":"https:\/\/studenter.miun.se\/~ambj2200\/writeable\/dt197g\/projekt\/#website","url":"https:\/\/studenter.miun.se\/~ambj2200\/writeable\/dt197g\/projekt\/","name":"Lakeview Resorts","description":"","publisher":{"@id":"https:\/\/studenter.miun.se\/~ambj2200\/writeable\/dt197g\/projekt\/#organization"},"potentialAction":[{"@type":"SearchAction","target":{"@type":"EntryPoint","urlTemplate":"https:\/\/studenter.miun.se\/~ambj2200\/writeable\/dt197g\/projekt\/?s={search_term_string}"},"query-input":"required name=search_term_string"}],"inLanguage":"sv-SE"},{"@type":"Organization","@id":"https:\/\/studenter.miun.se\/~ambj2200\/writeable\/dt197g\/projekt\/#organization","name":"Lakeview Resorts","url":"https:\/\/studenter.miun.se\/~ambj2200\/writeable\/dt197g\/projekt\/","logo":{"@type":"ImageObject","inLanguage":"sv-SE","@id":"https:\/\/studenter.miun.se\/~ambj2200\/writeable\/dt197g\/projekt\/#\/schema\/logo\/image\/","url":"https:\/\/studenter.miun.se\/~ambj2200\/writeable\/dt197g\/projekt\/wp-content\/uploads\/2023\/05\/gro\u0308n-mellan-ikon.png","contentUrl":"https:\/\/studenter.miun.se\/~ambj2200\/writeable\/dt197g\/projekt\/wp-content\/uploads\/2023\/05\/gro\u0308n-mellan-ikon.png","width":250,"height":233,"caption":"Lakeview Resorts"},"image":{"@id":"https:\/\/studenter.miun.se\/~ambj2200\/writeable\/dt197g\/projekt\/#\/schema\/logo\/image\/"}}]}},"_links":{"self":[{"href":"https:\/\/studenter.miun.se\/~ambj2200\/writeable\/dt197g\/projekt\/wp-json\/wp\/v2\/pages\/68","targetHints":{"allow":["GET"]}}],"collection":[{"href":"https:\/\/studenter.miun.se\/~ambj2200\/writeable\/dt197g\/projekt\/wp-json\/wp\/v2\/pages"}],"about":[{"href":"https:\/\/studenter.miun.se\/~ambj2200\/writeable\/dt197g\/projekt\/wp-json\/wp\/v2\/types\/page"}],"author":[{"embeddable":true,"href":"https:\/\/studenter.miun.se\/~ambj2200\/writeable\/dt197g\/projekt\/wp-json\/wp\/v2\/users\/1"}],"replies":[{"embeddable":true,"href":"https:\/\/studenter.miun.se\/~ambj2200\/writeable\/dt197g\/projekt\/wp-json\/wp\/v2\/comments?post=68"}],"version-history":[{"count":1,"href":"https:\/\/studenter.miun.se\/~ambj2200\/writeable\/dt197g\/projekt\/wp-json\/wp\/v2\/pages\/68\/revisions"}],"predecessor-version":[{"id":69,"href":"https:\/\/studenter.miun.se\/~ambj2200\/writeable\/dt197g\/projekt\/wp-json\/wp\/v2\/pages\/68\/revisions\/69"}],"wp:featuredmedia":[{"embeddable":true,"href":"https:\/\/studenter.miun.se\/~ambj2200\/writeable\/dt197g\/projekt\/wp-json\/wp\/v2\/media\/17"}],"wp:attachment":[{"href":"https:\/\/studenter.miun.se\/~ambj2200\/writeable\/dt197g\/projekt\/wp-json\/wp\/v2\/media?parent=68"}],"curies":[{"name":"wp","href":"https:\/\/api.w.org\/{rel}","templated":true}]}}