{"id":71,"date":"2023-05-12T00:24:02","date_gmt":"2023-05-11T22:24:02","guid":{"rendered":"https:\/\/studenter.miun.se\/~ambj2200\/writeable\/dt197g\/projekt\/?page_id=71"},"modified":"2023-05-16T16:39:35","modified_gmt":"2023-05-16T14:39:35","slug":"boka","status":"publish","type":"page","link":"https:\/\/studenter.miun.se\/~ambj2200\/writeable\/dt197g\/projekt\/boka\/","title":{"rendered":"Boka"},"content":{"rendered":"\n<p>V\u00e4lj nedan vilket boende och\/eller aktivitet du vill boka.<\/p>\n\n\n\n<div class=\"wp-block-contact-form-7-contact-form-selector\">\n<div class=\"wpcf7 no-js\" id=\"wpcf7-f67-o1\" lang=\"sv-SE\" dir=\"ltr\">\n<div class=\"screen-reader-response\"><p role=\"status\" aria-live=\"polite\" aria-atomic=\"true\"><\/p> <ul><\/ul><\/div>\n<form action=\"\/~ambj2200\/writeable\/dt197g\/projekt\/wp-json\/wp\/v2\/pages\/71#wpcf7-f67-o1\" method=\"post\" class=\"wpcf7-form init\" aria-label=\"Kontaktformul\u00e4r\" novalidate=\"novalidate\" data-status=\"init\">\n<div style=\"display: none;\">\n<input type=\"hidden\" name=\"_wpcf7\" value=\"67\" \/>\n<input type=\"hidden\" name=\"_wpcf7_version\" value=\"5.7.6\" \/>\n<input type=\"hidden\" name=\"_wpcf7_locale\" value=\"sv_SE\" \/>\n<input type=\"hidden\" name=\"_wpcf7_unit_tag\" value=\"wpcf7-f67-o1\" \/>\n<input type=\"hidden\" name=\"_wpcf7_container_post\" value=\"0\" \/>\n<input type=\"hidden\" name=\"_wpcf7_posted_data_hash\" value=\"\" \/>\n<\/div>\n<p><label> F\u00f6r- och efternamn<br \/>\n<span class=\"wpcf7-form-control-wrap\" data-name=\"your-name\"><input size=\"40\" class=\"wpcf7-form-control wpcf7-text wpcf7-validates-as-required\" autocomplete=\"name\" aria-required=\"true\" aria-invalid=\"false\" value=\"\" type=\"text\" name=\"your-name\" \/><\/span> <\/label>\n<\/p>\n<p><label> E-post<br \/>\n<span class=\"wpcf7-form-control-wrap\" data-name=\"your-email\"><input size=\"40\" class=\"wpcf7-form-control wpcf7-text wpcf7-email wpcf7-validates-as-required wpcf7-validates-as-email\" autocomplete=\"email\" aria-required=\"true\" aria-invalid=\"false\" value=\"\" type=\"email\" name=\"your-email\" \/><\/span> <\/label>\n<\/p>\n<p><label> Antal personer<br \/>\n<span class=\"wpcf7-form-control-wrap\" data-name=\"antal\"><input class=\"wpcf7-form-control wpcf7-number wpcf7-validates-as-required wpcf7-validates-as-number\" id=\"antal\" min=\"1\" max=\"10\" aria-required=\"true\" aria-invalid=\"false\" value=\"\" type=\"number\" name=\"antal\" \/><\/span> <\/label>\n<\/p>\n<p><label> V\u00e4lj boende<br \/>\n<span class=\"wpcf7-form-control-wrap\" data-name=\"stuga\"><select class=\"wpcf7-form-control wpcf7-select\" id=\"stuga\" aria-invalid=\"false\" name=\"stuga\"><option value=\"Liten stuga\">Liten stuga<\/option><option value=\"Stor stuga\">Stor stuga<\/option><\/select><\/span> <\/label>\n<\/p>\n<p><label> V\u00e4lj aktivitet (valfritt)<br \/>\n<span class=\"wpcf7-form-control-wrap\" data-name=\"aktiviter\"><select class=\"wpcf7-form-control wpcf7-select\" id=\"aktivitet\" aria-invalid=\"false\" name=\"aktiviter\"><option value=\"\">\u2013 V\u00e4lj ett alternativ \u2013<\/option><option value=\"Vandra\">Vandra<\/option><option value=\"Fiska\">Fiska<\/option><option value=\"Paddla kajak\">Paddla kajak<\/option><\/select><\/span> <\/label>\n<\/p>\n<p><label> Startdatum<br \/>\n<span class=\"wpcf7-form-control-wrap\" data-name=\"startdatum\"><input class=\"wpcf7-form-control wpcf7-date wpcf7-validates-as-required wpcf7-validates-as-date\" id=\"startdatum\" aria-required=\"true\" aria-invalid=\"false\" value=\"\" type=\"date\" name=\"startdatum\" \/><\/span> <\/label>\n<\/p>\n<p><label> Slutdatum<br \/>\n<span class=\"wpcf7-form-control-wrap\" data-name=\"slutdatum\"><input class=\"wpcf7-form-control wpcf7-date wpcf7-validates-as-required wpcf7-validates-as-date\" id=\"slutdatum\" aria-required=\"true\" aria-invalid=\"false\" value=\"\" type=\"date\" name=\"slutdatum\" \/><\/span> <\/label>\n<\/p>\n<p><label> Meddelande (valfritt)<br \/>\n<span class=\"wpcf7-form-control-wrap\" data-name=\"your-message\"><textarea cols=\"40\" rows=\"10\" class=\"wpcf7-form-control wpcf7-textarea\" aria-invalid=\"false\" name=\"your-message\"><\/textarea><\/span> <\/label>\n<\/p>\n<p><input class=\"wpcf7-form-control has-spinner wpcf7-submit\" type=\"submit\" value=\"Boka \u00e4ventyr\" \/>\n<\/p><div class=\"wpcf7-response-output\" aria-hidden=\"true\"><\/div>\n<\/form>\n<\/div>\n<\/div>\n\n\n\n<p class=\"has-vivid-red-color has-text-color\"><strong>OBS! Om du inte har f\u00e5tt en bokningsbekr\u00e4ftelse via e-post: kontrollera din skr\u00e4ppost.<\/strong><\/p>\n","protected":false},"excerpt":{"rendered":"<p>V\u00e4lj nedan vilket boende och\/eller aktivitet du vill boka. OBS! Om du inte har f\u00e5tt en bokningsbekr\u00e4ftelse via e-post: kontrollera din skr\u00e4ppost.<\/p>\n","protected":false},"author":1,"featured_media":0,"parent":0,"menu_order":0,"comment_status":"closed","ping_status":"closed","template":"template-reserve.php","meta":{"footnotes":""},"class_list":["post-71","page","type-page","status-publish","hentry"],"yoast_head":"<!-- This site is optimized with the Yoast SEO plugin v20.7 - https:\/\/yoast.com\/wordpress\/plugins\/seo\/ -->\n<title>Boka - Lakeview Resorts<\/title>\n<meta name=\"robots\" content=\"noindex, follow\" \/>\n<meta property=\"og:locale\" content=\"sv_SE\" \/>\n<meta property=\"og:type\" content=\"article\" \/>\n<meta property=\"og:title\" content=\"Boka - Lakeview Resorts\" \/>\n<meta property=\"og:description\" content=\"V\u00e4lj nedan vilket boende och\/eller aktivitet du vill boka. OBS! Om du inte har f\u00e5tt en bokningsbekr\u00e4ftelse via e-post: kontrollera din skr\u00e4ppost.\" \/>\n<meta property=\"og:url\" content=\"https:\/\/studenter.miun.se\/~ambj2200\/writeable\/dt197g\/projekt\/boka\/\" \/>\n<meta property=\"og:site_name\" content=\"Lakeview Resorts\" \/>\n<meta property=\"article:modified_time\" content=\"2023-05-16T14:39:35+00:00\" \/>\n<meta name=\"twitter:card\" content=\"summary_large_image\" \/>\n<meta name=\"twitter:label1\" content=\"Ber\u00e4knad l\u00e4stid\" \/>\n\t<meta name=\"twitter:data1\" content=\"1 minut\" \/>\n<script type=\"application\/ld+json\" class=\"yoast-schema-graph\">{\"@context\":\"https:\/\/schema.org\",\"@graph\":[{\"@type\":\"WebPage\",\"@id\":\"https:\/\/studenter.miun.se\/~ambj2200\/writeable\/dt197g\/projekt\/boka\/\",\"url\":\"https:\/\/studenter.miun.se\/~ambj2200\/writeable\/dt197g\/projekt\/boka\/\",\"name\":\"Boka - Lakeview Resorts\",\"isPartOf\":{\"@id\":\"https:\/\/studenter.miun.se\/~ambj2200\/writeable\/dt197g\/projekt\/#website\"},\"datePublished\":\"2023-05-11T22:24:02+00:00\",\"dateModified\":\"2023-05-16T14:39:35+00:00\",\"breadcrumb\":{\"@id\":\"https:\/\/studenter.miun.se\/~ambj2200\/writeable\/dt197g\/projekt\/boka\/#breadcrumb\"},\"inLanguage\":\"sv-SE\",\"potentialAction\":[{\"@type\":\"ReadAction\",\"target\":[\"https:\/\/studenter.miun.se\/~ambj2200\/writeable\/dt197g\/projekt\/boka\/\"]}]},{\"@type\":\"BreadcrumbList\",\"@id\":\"https:\/\/studenter.miun.se\/~ambj2200\/writeable\/dt197g\/projekt\/boka\/#breadcrumb\",\"itemListElement\":[{\"@type\":\"ListItem\",\"position\":1,\"name\":\"Hem\",\"item\":\"https:\/\/studenter.miun.se\/~ambj2200\/writeable\/dt197g\/projekt\/\"},{\"@type\":\"ListItem\",\"position\":2,\"name\":\"Boka\"}]},{\"@type\":\"WebSite\",\"@id\":\"https:\/\/studenter.miun.se\/~ambj2200\/writeable\/dt197g\/projekt\/#website\",\"url\":\"https:\/\/studenter.miun.se\/~ambj2200\/writeable\/dt197g\/projekt\/\",\"name\":\"Lakeview Resorts\",\"description\":\"\",\"publisher\":{\"@id\":\"https:\/\/studenter.miun.se\/~ambj2200\/writeable\/dt197g\/projekt\/#organization\"},\"potentialAction\":[{\"@type\":\"SearchAction\",\"target\":{\"@type\":\"EntryPoint\",\"urlTemplate\":\"https:\/\/studenter.miun.se\/~ambj2200\/writeable\/dt197g\/projekt\/?s={search_term_string}\"},\"query-input\":\"required name=search_term_string\"}],\"inLanguage\":\"sv-SE\"},{\"@type\":\"Organization\",\"@id\":\"https:\/\/studenter.miun.se\/~ambj2200\/writeable\/dt197g\/projekt\/#organization\",\"name\":\"Lakeview Resorts\",\"url\":\"https:\/\/studenter.miun.se\/~ambj2200\/writeable\/dt197g\/projekt\/\",\"logo\":{\"@type\":\"ImageObject\",\"inLanguage\":\"sv-SE\",\"@id\":\"https:\/\/studenter.miun.se\/~ambj2200\/writeable\/dt197g\/projekt\/#\/schema\/logo\/image\/\",\"url\":\"https:\/\/studenter.miun.se\/~ambj2200\/writeable\/dt197g\/projekt\/wp-content\/uploads\/2023\/05\/gro\u0308n-mellan-ikon.png\",\"contentUrl\":\"https:\/\/studenter.miun.se\/~ambj2200\/writeable\/dt197g\/projekt\/wp-content\/uploads\/2023\/05\/gro\u0308n-mellan-ikon.png\",\"width\":250,\"height\":233,\"caption\":\"Lakeview Resorts\"},\"image\":{\"@id\":\"https:\/\/studenter.miun.se\/~ambj2200\/writeable\/dt197g\/projekt\/#\/schema\/logo\/image\/\"}}]}<\/script>\n<!-- \/ Yoast SEO plugin. -->","yoast_head_json":{"title":"Boka - Lakeview Resorts","robots":{"index":"noindex","follow":"follow"},"og_locale":"sv_SE","og_type":"article","og_title":"Boka - Lakeview Resorts","og_description":"V\u00e4lj nedan vilket boende och\/eller aktivitet du vill boka. OBS! Om du inte har f\u00e5tt en bokningsbekr\u00e4ftelse via e-post: kontrollera din skr\u00e4ppost.","og_url":"https:\/\/studenter.miun.se\/~ambj2200\/writeable\/dt197g\/projekt\/boka\/","og_site_name":"Lakeview Resorts","article_modified_time":"2023-05-16T14:39:35+00:00","twitter_card":"summary_large_image","twitter_misc":{"Ber\u00e4knad l\u00e4stid":"1 minut"},"schema":{"@context":"https:\/\/schema.org","@graph":[{"@type":"WebPage","@id":"https:\/\/studenter.miun.se\/~ambj2200\/writeable\/dt197g\/projekt\/boka\/","url":"https:\/\/studenter.miun.se\/~ambj2200\/writeable\/dt197g\/projekt\/boka\/","name":"Boka - Lakeview Resorts","isPartOf":{"@id":"https:\/\/studenter.miun.se\/~ambj2200\/writeable\/dt197g\/projekt\/#website"},"datePublished":"2023-05-11T22:24:02+00:00","dateModified":"2023-05-16T14:39:35+00:00","breadcrumb":{"@id":"https:\/\/studenter.miun.se\/~ambj2200\/writeable\/dt197g\/projekt\/boka\/#breadcrumb"},"inLanguage":"sv-SE","potentialAction":[{"@type":"ReadAction","target":["https:\/\/studenter.miun.se\/~ambj2200\/writeable\/dt197g\/projekt\/boka\/"]}]},{"@type":"BreadcrumbList","@id":"https:\/\/studenter.miun.se\/~ambj2200\/writeable\/dt197g\/projekt\/boka\/#breadcrumb","itemListElement":[{"@type":"ListItem","position":1,"name":"Hem","item":"https:\/\/studenter.miun.se\/~ambj2200\/writeable\/dt197g\/projekt\/"},{"@type":"ListItem","position":2,"name":"Boka"}]},{"@type":"WebSite","@id":"https:\/\/studenter.miun.se\/~ambj2200\/writeable\/dt197g\/projekt\/#website","url":"https:\/\/studenter.miun.se\/~ambj2200\/writeable\/dt197g\/projekt\/","name":"Lakeview Resorts","description":"","publisher":{"@id":"https:\/\/studenter.miun.se\/~ambj2200\/writeable\/dt197g\/projekt\/#organization"},"potentialAction":[{"@type":"SearchAction","target":{"@type":"EntryPoint","urlTemplate":"https:\/\/studenter.miun.se\/~ambj2200\/writeable\/dt197g\/projekt\/?s={search_term_string}"},"query-input":"required name=search_term_string"}],"inLanguage":"sv-SE"},{"@type":"Organization","@id":"https:\/\/studenter.miun.se\/~ambj2200\/writeable\/dt197g\/projekt\/#organization","name":"Lakeview Resorts","url":"https:\/\/studenter.miun.se\/~ambj2200\/writeable\/dt197g\/projekt\/","logo":{"@type":"ImageObject","inLanguage":"sv-SE","@id":"https:\/\/studenter.miun.se\/~ambj2200\/writeable\/dt197g\/projekt\/#\/schema\/logo\/image\/","url":"https:\/\/studenter.miun.se\/~ambj2200\/writeable\/dt197g\/projekt\/wp-content\/uploads\/2023\/05\/gro\u0308n-mellan-ikon.png","contentUrl":"https:\/\/studenter.miun.se\/~ambj2200\/writeable\/dt197g\/projekt\/wp-content\/uploads\/2023\/05\/gro\u0308n-mellan-ikon.png","width":250,"height":233,"caption":"Lakeview Resorts"},"image":{"@id":"https:\/\/studenter.miun.se\/~ambj2200\/writeable\/dt197g\/projekt\/#\/schema\/logo\/image\/"}}]}},"_links":{"self":[{"href":"https:\/\/studenter.miun.se\/~ambj2200\/writeable\/dt197g\/projekt\/wp-json\/wp\/v2\/pages\/71","targetHints":{"allow":["GET"]}}],"collection":[{"href":"https:\/\/studenter.miun.se\/~ambj2200\/writeable\/dt197g\/projekt\/wp-json\/wp\/v2\/pages"}],"about":[{"href":"https:\/\/studenter.miun.se\/~ambj2200\/writeable\/dt197g\/projekt\/wp-json\/wp\/v2\/types\/page"}],"author":[{"embeddable":true,"href":"https:\/\/studenter.miun.se\/~ambj2200\/writeable\/dt197g\/projekt\/wp-json\/wp\/v2\/users\/1"}],"replies":[{"embeddable":true,"href":"https:\/\/studenter.miun.se\/~ambj2200\/writeable\/dt197g\/projekt\/wp-json\/wp\/v2\/comments?post=71"}],"version-history":[{"count":3,"href":"https:\/\/studenter.miun.se\/~ambj2200\/writeable\/dt197g\/projekt\/wp-json\/wp\/v2\/pages\/71\/revisions"}],"predecessor-version":[{"id":102,"href":"https:\/\/studenter.miun.se\/~ambj2200\/writeable\/dt197g\/projekt\/wp-json\/wp\/v2\/pages\/71\/revisions\/102"}],"wp:attachment":[{"href":"https:\/\/studenter.miun.se\/~ambj2200\/writeable\/dt197g\/projekt\/wp-json\/wp\/v2\/media?parent=71"}],"curies":[{"name":"wp","href":"https:\/\/api.w.org\/{rel}","templated":true}]}}