

{"id":11,"date":"2023-10-10T18:22:39","date_gmt":"2023-10-10T18:22:39","guid":{"rendered":"http:\/\/jarvsoski.local\/?page_id=9"},"modified":"2023-10-10T18:22:39","modified_gmt":"2023-10-10T18:22:39","slug":"om-oss","status":"publish","type":"page","link":"https:\/\/studenter.miun.se\/~aojo2100\/writeable\/DT197G_CMS\/jarv_wp\/om-oss\/","title":{"rendered":"Om oss"},"content":{"rendered":"\n<h2 class=\"wp-block-heading\">V\u00e5r Historiai<\/h2>\n\n\n\n<p>V\u00e4lkommen till J\u00e4rvsj\u00f6 Ski Resort, ditt ultimata m\u00e5l f\u00f6r en of\u00f6rgl\u00f6mlig skidupplevelse i den vackra orten J\u00e4rvs\u00f6. V\u00e5r historia b\u00f6rjade \u00e5r 2003 n\u00e4r v\u00e5r grundare, Kevin Berg, dr\u00f6mde om att skapa en skidanl\u00e4ggning som skulle erbjuda enast\u00e5ende skid\u00e5kning i en \u00e4nnu mer enast\u00e5ende milj\u00f6. Med en passion f\u00f6r vintersport och en stark \u00f6vertygelse om betydelsen av att v\u00e5rda v\u00e5r planet, satte Bert ig\u00e5ng med att f\u00f6rverkliga sin vision.<\/p>\n\n\n\n<h2 class=\"wp-block-heading\">V\u00e5r Skidomr\u00e5de<\/h2>\n\n\n\n<p>V\u00e5r anl\u00e4ggning i J\u00e4rvs\u00f6 har utvecklats fr\u00e5n beskedliga b\u00f6rjan till att bli en blomstrande skiddestination med n\u00e5got f\u00f6r alla. Oavsett om du \u00e4r nyb\u00f6rjare eller erfaren \u00e5kare, har v\u00e5rt skidomr\u00e5de ett brett utbud av pister och backar som passar dina behov. Dessutom erbjuder vi moderna faciliteter, kvalitetsservice och en varm atmosf\u00e4r som g\u00f6r att du k\u00e4nner dig som hemma. <\/p>\n\n\n\n<h2 class=\"wp-block-heading\">H\u00e5llbarhet<\/h2>\n\n\n\n<p>V\u00e5r anl\u00e4ggning i J\u00e4rvs\u00f6 har utvecklats fr\u00e5n beskedliga b\u00f6rjan till att bli en blomstrande skiddestination med n\u00e5got f\u00f6r alla. Oavsett om du \u00e4r nyb\u00f6rjare eller erfaren \u00e5kare, har v\u00e5rt skidomr\u00e5de ett brett utbud av pister och backar som passar dina behov. Dessutom erbjuder vi moderna faciliteter, kvalitetsservice och en varm atmosf\u00e4r som g\u00f6r att du k\u00e4nner dig som hemma.<\/p>\n\n\n\n<h2 class=\"wp-block-heading\">Bes\u00f6k oss<\/h2>\n\n\n\n<p>Vi ser fram emot att v\u00e4lkomna dig till J\u00e4rvsj\u00f6 Ski Resort och dela gl\u00e4djen av skid\u00e5kning i en av de vackraste delarna av Sverige.<\/p>\n","protected":false},"excerpt":{"rendered":"<p>V\u00e5r Historiai V\u00e4lkommen till J\u00e4rvsj\u00f6 Ski Resort, ditt ultimata m\u00e5l f\u00f6r en of\u00f6rgl\u00f6mlig skidupplevelse i den vackra orten J\u00e4rvs\u00f6. V\u00e5r historia b\u00f6rjade \u00e5r 2003 n\u00e4r v\u00e5r grundare, Kevin Berg, dr\u00f6mde om att skapa en skidanl\u00e4ggning som skulle erbjuda enast\u00e5ende skid\u00e5kning i en \u00e4nnu mer enast\u00e5ende milj\u00f6. Med en passion f\u00f6r vintersport och en stark \u00f6vertygelse [&hellip;]<\/p>\n","protected":false},"author":1,"featured_media":0,"parent":0,"menu_order":0,"comment_status":"closed","ping_status":"closed","template":"about-template.php","meta":{"footnotes":""},"yoast_head":"<!-- This site is optimized with the Yoast SEO plugin v21.4 - https:\/\/yoast.com\/wordpress\/plugins\/seo\/ -->\n<title>Om oss - jarvsoski<\/title>\n<meta name=\"robots\" content=\"index, follow, max-snippet:-1, max-image-preview:large, max-video-preview:-1\" \/>\n<link rel=\"canonical\" href=\"https:\/\/studenter.miun.se\/~aojo2100\/writeable\/DT197G_CMS\/jarv_wp\/om-oss\/\" \/>\n<meta property=\"og:locale\" content=\"en_US\" \/>\n<meta property=\"og:type\" content=\"article\" \/>\n<meta property=\"og:title\" content=\"Om oss - jarvsoski\" \/>\n<meta property=\"og:description\" content=\"V\u00e5r Historiai V\u00e4lkommen till J\u00e4rvsj\u00f6 Ski Resort, ditt ultimata m\u00e5l f\u00f6r en of\u00f6rgl\u00f6mlig skidupplevelse i den vackra orten J\u00e4rvs\u00f6. V\u00e5r historia b\u00f6rjade \u00e5r 2003 n\u00e4r v\u00e5r grundare, Kevin Berg, dr\u00f6mde om att skapa en skidanl\u00e4ggning som skulle erbjuda enast\u00e5ende skid\u00e5kning i en \u00e4nnu mer enast\u00e5ende milj\u00f6. Med en passion f\u00f6r vintersport och en stark \u00f6vertygelse [&hellip;]\" \/>\n<meta property=\"og:url\" content=\"https:\/\/studenter.miun.se\/~aojo2100\/writeable\/DT197G_CMS\/jarv_wp\/om-oss\/\" \/>\n<meta property=\"og:site_name\" content=\"jarvsoski\" \/>\n<meta name=\"twitter:card\" content=\"summary_large_image\" \/>\n<meta name=\"twitter:label1\" content=\"Est. reading time\" \/>\n\t<meta name=\"twitter:data1\" content=\"1 minute\" \/>\n<script type=\"application\/ld+json\" class=\"yoast-schema-graph\">{\"@context\":\"https:\/\/schema.org\",\"@graph\":[{\"@type\":\"WebPage\",\"@id\":\"https:\/\/studenter.miun.se\/~aojo2100\/writeable\/DT197G_CMS\/jarv_wp\/om-oss\/\",\"url\":\"https:\/\/studenter.miun.se\/~aojo2100\/writeable\/DT197G_CMS\/jarv_wp\/om-oss\/\",\"name\":\"Om oss - jarvsoski\",\"isPartOf\":{\"@id\":\"https:\/\/studenter.miun.se\/~aojo2100\/writeable\/DT197G_CMS\/jarv_wp\/#website\"},\"datePublished\":\"2023-10-10T18:22:39+00:00\",\"dateModified\":\"2023-10-10T18:22:39+00:00\",\"breadcrumb\":{\"@id\":\"https:\/\/studenter.miun.se\/~aojo2100\/writeable\/DT197G_CMS\/jarv_wp\/om-oss\/#breadcrumb\"},\"inLanguage\":\"en-US\",\"potentialAction\":[{\"@type\":\"ReadAction\",\"target\":[\"https:\/\/studenter.miun.se\/~aojo2100\/writeable\/DT197G_CMS\/jarv_wp\/om-oss\/\"]}]},{\"@type\":\"BreadcrumbList\",\"@id\":\"https:\/\/studenter.miun.se\/~aojo2100\/writeable\/DT197G_CMS\/jarv_wp\/om-oss\/#breadcrumb\",\"itemListElement\":[{\"@type\":\"ListItem\",\"position\":1,\"name\":\"Hem\",\"item\":\"https:\/\/studenter.miun.se\/~aojo2100\/writeable\/DT197G_CMS\/jarv_wp\/\"},{\"@type\":\"ListItem\",\"position\":2,\"name\":\"Om oss\"}]},{\"@type\":\"WebSite\",\"@id\":\"https:\/\/studenter.miun.se\/~aojo2100\/writeable\/DT197G_CMS\/jarv_wp\/#website\",\"url\":\"https:\/\/studenter.miun.se\/~aojo2100\/writeable\/DT197G_CMS\/jarv_wp\/\",\"name\":\"J\u00e4rvs\u00f6 resort\",\"description\":\"\",\"publisher\":{\"@id\":\"https:\/\/studenter.miun.se\/~aojo2100\/writeable\/DT197G_CMS\/jarv_wp\/#organization\"},\"potentialAction\":[{\"@type\":\"SearchAction\",\"target\":{\"@type\":\"EntryPoint\",\"urlTemplate\":\"https:\/\/studenter.miun.se\/~aojo2100\/writeable\/DT197G_CMS\/jarv_wp\/?s={search_term_string}\"},\"query-input\":\"required name=search_term_string\"}],\"inLanguage\":\"en-US\"},{\"@type\":\"Organization\",\"@id\":\"https:\/\/studenter.miun.se\/~aojo2100\/writeable\/DT197G_CMS\/jarv_wp\/#organization\",\"name\":\"jarvsoresort\",\"url\":\"https:\/\/studenter.miun.se\/~aojo2100\/writeable\/DT197G_CMS\/jarv_wp\/\",\"logo\":{\"@type\":\"ImageObject\",\"inLanguage\":\"en-US\",\"@id\":\"https:\/\/studenter.miun.se\/~aojo2100\/writeable\/DT197G_CMS\/jarv_wp\/#\/schema\/logo\/image\/\",\"url\":\"https:\/\/studenter.miun.se\/~aojo2100\/writeable\/DT197G_CMS\/jarv_wp\/wp-content\/uploads\/2023\/10\/sample.jpg\",\"contentUrl\":\"https:\/\/studenter.miun.se\/~aojo2100\/writeable\/DT197G_CMS\/jarv_wp\/wp-content\/uploads\/2023\/10\/sample.jpg\",\"width\":285,\"height\":316,\"caption\":\"jarvsoresort\"},\"image\":{\"@id\":\"https:\/\/studenter.miun.se\/~aojo2100\/writeable\/DT197G_CMS\/jarv_wp\/#\/schema\/logo\/image\/\"}}]}<\/script>\n<!-- \/ Yoast SEO plugin. -->","yoast_head_json":{"title":"Om oss - jarvsoski","robots":{"index":"index","follow":"follow","max-snippet":"max-snippet:-1","max-image-preview":"max-image-preview:large","max-video-preview":"max-video-preview:-1"},"canonical":"https:\/\/studenter.miun.se\/~aojo2100\/writeable\/DT197G_CMS\/jarv_wp\/om-oss\/","og_locale":"en_US","og_type":"article","og_title":"Om oss - jarvsoski","og_description":"V\u00e5r Historiai V\u00e4lkommen till J\u00e4rvsj\u00f6 Ski Resort, ditt ultimata m\u00e5l f\u00f6r en of\u00f6rgl\u00f6mlig skidupplevelse i den vackra orten J\u00e4rvs\u00f6. V\u00e5r historia b\u00f6rjade \u00e5r 2003 n\u00e4r v\u00e5r grundare, Kevin Berg, dr\u00f6mde om att skapa en skidanl\u00e4ggning som skulle erbjuda enast\u00e5ende skid\u00e5kning i en \u00e4nnu mer enast\u00e5ende milj\u00f6. Med en passion f\u00f6r vintersport och en stark \u00f6vertygelse [&hellip;]","og_url":"https:\/\/studenter.miun.se\/~aojo2100\/writeable\/DT197G_CMS\/jarv_wp\/om-oss\/","og_site_name":"jarvsoski","twitter_card":"summary_large_image","twitter_misc":{"Est. reading time":"1 minute"},"schema":{"@context":"https:\/\/schema.org","@graph":[{"@type":"WebPage","@id":"https:\/\/studenter.miun.se\/~aojo2100\/writeable\/DT197G_CMS\/jarv_wp\/om-oss\/","url":"https:\/\/studenter.miun.se\/~aojo2100\/writeable\/DT197G_CMS\/jarv_wp\/om-oss\/","name":"Om oss - jarvsoski","isPartOf":{"@id":"https:\/\/studenter.miun.se\/~aojo2100\/writeable\/DT197G_CMS\/jarv_wp\/#website"},"datePublished":"2023-10-10T18:22:39+00:00","dateModified":"2023-10-10T18:22:39+00:00","breadcrumb":{"@id":"https:\/\/studenter.miun.se\/~aojo2100\/writeable\/DT197G_CMS\/jarv_wp\/om-oss\/#breadcrumb"},"inLanguage":"en-US","potentialAction":[{"@type":"ReadAction","target":["https:\/\/studenter.miun.se\/~aojo2100\/writeable\/DT197G_CMS\/jarv_wp\/om-oss\/"]}]},{"@type":"BreadcrumbList","@id":"https:\/\/studenter.miun.se\/~aojo2100\/writeable\/DT197G_CMS\/jarv_wp\/om-oss\/#breadcrumb","itemListElement":[{"@type":"ListItem","position":1,"name":"Hem","item":"https:\/\/studenter.miun.se\/~aojo2100\/writeable\/DT197G_CMS\/jarv_wp\/"},{"@type":"ListItem","position":2,"name":"Om oss"}]},{"@type":"WebSite","@id":"https:\/\/studenter.miun.se\/~aojo2100\/writeable\/DT197G_CMS\/jarv_wp\/#website","url":"https:\/\/studenter.miun.se\/~aojo2100\/writeable\/DT197G_CMS\/jarv_wp\/","name":"J\u00e4rvs\u00f6 resort","description":"","publisher":{"@id":"https:\/\/studenter.miun.se\/~aojo2100\/writeable\/DT197G_CMS\/jarv_wp\/#organization"},"potentialAction":[{"@type":"SearchAction","target":{"@type":"EntryPoint","urlTemplate":"https:\/\/studenter.miun.se\/~aojo2100\/writeable\/DT197G_CMS\/jarv_wp\/?s={search_term_string}"},"query-input":"required name=search_term_string"}],"inLanguage":"en-US"},{"@type":"Organization","@id":"https:\/\/studenter.miun.se\/~aojo2100\/writeable\/DT197G_CMS\/jarv_wp\/#organization","name":"jarvsoresort","url":"https:\/\/studenter.miun.se\/~aojo2100\/writeable\/DT197G_CMS\/jarv_wp\/","logo":{"@type":"ImageObject","inLanguage":"en-US","@id":"https:\/\/studenter.miun.se\/~aojo2100\/writeable\/DT197G_CMS\/jarv_wp\/#\/schema\/logo\/image\/","url":"https:\/\/studenter.miun.se\/~aojo2100\/writeable\/DT197G_CMS\/jarv_wp\/wp-content\/uploads\/2023\/10\/sample.jpg","contentUrl":"https:\/\/studenter.miun.se\/~aojo2100\/writeable\/DT197G_CMS\/jarv_wp\/wp-content\/uploads\/2023\/10\/sample.jpg","width":285,"height":316,"caption":"jarvsoresort"},"image":{"@id":"https:\/\/studenter.miun.se\/~aojo2100\/writeable\/DT197G_CMS\/jarv_wp\/#\/schema\/logo\/image\/"}}]}},"_links":{"self":[{"href":"https:\/\/studenter.miun.se\/~aojo2100\/writeable\/DT197G_CMS\/jarv_wp\/wp-json\/wp\/v2\/pages\/11"}],"collection":[{"href":"https:\/\/studenter.miun.se\/~aojo2100\/writeable\/DT197G_CMS\/jarv_wp\/wp-json\/wp\/v2\/pages"}],"about":[{"href":"https:\/\/studenter.miun.se\/~aojo2100\/writeable\/DT197G_CMS\/jarv_wp\/wp-json\/wp\/v2\/types\/page"}],"author":[{"embeddable":true,"href":"https:\/\/studenter.miun.se\/~aojo2100\/writeable\/DT197G_CMS\/jarv_wp\/wp-json\/wp\/v2\/users\/1"}],"replies":[{"embeddable":true,"href":"https:\/\/studenter.miun.se\/~aojo2100\/writeable\/DT197G_CMS\/jarv_wp\/wp-json\/wp\/v2\/comments?post=11"}],"version-history":[{"count":0,"href":"https:\/\/studenter.miun.se\/~aojo2100\/writeable\/DT197G_CMS\/jarv_wp\/wp-json\/wp\/v2\/pages\/11\/revisions"}],"wp:attachment":[{"href":"https:\/\/studenter.miun.se\/~aojo2100\/writeable\/DT197G_CMS\/jarv_wp\/wp-json\/wp\/v2\/media?parent=11"}],"curies":[{"name":"wp","href":"https:\/\/api.w.org\/{rel}","templated":true}]}}