{"id":25,"date":"2022-08-19T22:24:28","date_gmt":"2022-08-19T22:24:28","guid":{"rendered":"http:\/\/studenter.miun.se\/~dekj2100\/writeable\/wordpress\/?page_id=25"},"modified":"2022-08-31T07:28:45","modified_gmt":"2022-08-31T07:28:45","slug":"start","status":"publish","type":"page","link":"https:\/\/studenter.miun.se\/~dekj2100\/writeable\/wordpress\/","title":{"rendered":"Hem"},"content":{"rendered":"\n<div class=\"wp-container-4 wp-block-columns\">\n<div class=\"wp-container-2 wp-block-column\" style=\"flex-basis:50%\">\n<h2 style=\"font-size:32px\">V\u00e4lkommen till Dreamlodge<\/h2>\n\n\n\n<p>Hos oss f\u00e5r du m\u00f6jligheten att uppleva alporten S\u00f6lden fr\u00e5n dess b\u00e4sta och mest fantastiska sidor. Dreamlodge erbjuder unika boenden i sagolika stugor med klassisk alpisk anda. Uppt\u00e4ck de olika sagolika dalarna och ta dig an den utmanande off-pist \u00e5kningen eller varf\u00f6r inte l\u00e4ra dig grunderna f\u00f6rst med hj\u00e4lp av v\u00e5ra skidinstrukt\u00f6rer! Vi har pister att erbjuda de mest avancerade \u00e5karna och f\u00f6r nyb\u00f6rjare, s\u00e5 Dreamlodge och S\u00f6lden passar hela reses\u00e4llskapet.<\/p>\n\n\n\n<div style=\"height:18px\" aria-hidden=\"true\" class=\"wp-block-spacer\"><\/div>\n\n\n\n<p>F\u00f6redrar du att varva ner och ha en stund f\u00f6r dig sj\u00e4lv, s\u00e5 kan du njuta av de h\u00e4rliga spa upplevelserna i byn och mycket mer som S\u00f6lden har att erbjuda. Ditt n\u00e4sta sn\u00f6rika \u00e4ventyr v\u00e4ntar p\u00e5 dig!<\/p>\n\n\n\n<div style=\"height:23px\" aria-hidden=\"true\" class=\"wp-block-spacer\"><\/div>\n\n\n\n<p>Har du n\u00e5gra funderingar s\u00e5 h\u00f6r av dig!<\/p>\n\n\n\n<div class=\"wp-container-1 wp-block-buttons\">\n<div class=\"wp-block-button btn-complement-black mt-2\"><a class=\"wp-block-button__link\" href=\"https:\/\/studenter.miun.se\/~dekj2100\/writeable\/wordpress\/kontakt\/\">Kontakta oss<\/a><\/div>\n<\/div>\n\n\n\n<div style=\"height:23px\" aria-hidden=\"true\" class=\"wp-block-spacer\"><\/div>\n<\/div>\n\n\n\n<div class=\"wp-container-3 wp-block-column\" style=\"flex-basis:50%\"><div class=\"ti-widget ti-trip\" data-layout-id=\"34\" data-set-id=\"light-background-large\" data-pid=\"b5167179c03e50ec942cb\" data-pager-autoplay-timeout=\"6\" > <div class=\"ti-widget-container ti-col-3\"> <div class=\"ti-header source-Tripadvisor\"> <div class=\"ti-large-logo\"> <div class=\"ti-v-center\"> <img class=\"ti-logo-fb\" src=\"https:\/\/cdn.trustindex.io\/assets\/platform\/Tripadvisor\/logo.svg\" width=\"150\" height=\"25\" alt=\"Tripadvisor\" width=\"150\" height=\"25\" \/> <\/div> <\/div> <div class=\"ti-stars star-lg\"> <span class=\"ti-star f\"><\/span><span class=\"ti-star f\"><\/span><span class=\"ti-star f\"><\/span><span class=\"ti-star f\"><\/span><span class=\"ti-star h\"><\/span> <\/div>  <\/div> <div class=\"ti-reviews-container\"> <div class=\"ti-controls\"> <div class=\"ti-next\"><\/div> <div class=\"ti-prev\"><\/div> <\/div> <div class=\"ti-reviews-container-wrapper\">  <div class=\"ti-review-item source-Tripadvisor\" > <div class=\"ti-inner\"> <div class=\"ti-review-header\"> <div class=\"ti-profile-img\"> <img src=\"https:\/\/dynamic-media-cdn.tripadvisor.com\/media\/photo-o\/1a\/f6\/de\/5a\/default-avatar-2020-36.jpg?w=100&h=100&s=1\" alt=\"lorelay78\" \/> <\/div> <div class=\"ti-profile-details\"> <div class=\"ti-name\">lorelay78<\/div> <div class=\"ti-date\">2022-07-03<\/div> <\/div> <\/div> <div class=\"ti-stars\"><span class=\"ti-star f\"><\/span><span class=\"ti-star f\"><\/span><span class=\"ti-star f\"><\/span><span class=\"ti-star f\"><\/span><span class=\"ti-star f\"><\/span><\/div> <div class=\"ti-review-content\"> <!-- R-CONTENT --><strong>Solden in estate, un paradiso<\/strong>\nPosti bellissimi, aria fresca e pochi turisti... Solden \u00e8 fantastica in estate per trascorrere un po' di giorni di pieno relax tra camminate in montagna e nuotate alle terme. Da visitare assolutamente !<!-- R-CONTENT --> <\/div> <\/div> <\/div>  <div class=\"ti-review-item source-Tripadvisor\" > <div class=\"ti-inner\"> <div class=\"ti-review-header\"> <div class=\"ti-profile-img\"> <img src=\"https:\/\/dynamic-media-cdn.tripadvisor.com\/media\/photo-o\/1a\/f6\/ee\/10\/default-avatar-2020-8.jpg?w=100&h=100&s=1\" alt=\"Aki\" \/> <\/div> <div class=\"ti-profile-details\"> <div class=\"ti-name\">Aki<\/div> <div class=\"ti-date\">2022-04-19<\/div> <\/div> <\/div> <div class=\"ti-stars\"><span class=\"ti-star f\"><\/span><span class=\"ti-star f\"><\/span><span class=\"ti-star f\"><\/span><span class=\"ti-star f\"><\/span><span class=\"ti-star e\"><\/span><\/div> <div class=\"ti-review-content\"> <!-- R-CONTENT --><strong>Awesome experience and a nice set of slopes for an Alps first-timer.<\/strong>\nIn April you will enjoy lots of sunshine and ridable slopes. Time to time the snow in the slopes may feel too heavy and wet. Try to enter in the early morning or before midday.<!-- R-CONTENT --> <\/div> <\/div> <\/div>  <div class=\"ti-review-item source-Tripadvisor\" > <div class=\"ti-inner\"> <div class=\"ti-review-header\"> <div class=\"ti-profile-img\"> <img src=\"https:\/\/dynamic-media-cdn.tripadvisor.com\/media\/photo-o\/03\/a2\/c8\/2d\/staessen.jpg?w=100&h=100&s=1\" alt=\"Staessen\" \/> <\/div> <div class=\"ti-profile-details\"> <div class=\"ti-name\">Staessen<\/div> <div class=\"ti-date\">2022-02-25<\/div> <\/div> <\/div> <div class=\"ti-stars\"><span class=\"ti-star f\"><\/span><span class=\"ti-star f\"><\/span><span class=\"ti-star f\"><\/span><span class=\"ti-star f\"><\/span><span class=\"ti-star f\"><\/span><\/div> <div class=\"ti-review-content\"> <!-- R-CONTENT --><strong>fantastic ski area<\/strong>\nThis was our third visit to S\u00f6lden and it was 11 years ago now, but this remains a fantastic ski area. Fortunately, we were able to go back in a calm period (corona) because presumably this is super busy in normal times.<!-- R-CONTENT --> <\/div> <\/div> <\/div>  <div class=\"ti-review-item source-Tripadvisor\" > <div class=\"ti-inner\"> <div class=\"ti-review-header\"> <div class=\"ti-profile-img\"> <img src=\"https:\/\/dynamic-media-cdn.tripadvisor.com\/media\/photo-o\/1a\/f6\/e2\/11\/default-avatar-2020-41.jpg?w=100&h=100&s=1\" alt=\"\u05e9\u05de\u05d5\u05d0\u05dc \u05e9\" \/> <\/div> <div class=\"ti-profile-details\"> <div class=\"ti-name\">\u05e9\u05de\u05d5\u05d0\u05dc \u05e9<\/div> <div class=\"ti-date\">2022-02-24<\/div> <\/div> <\/div> <div class=\"ti-stars\"><span class=\"ti-star f\"><\/span><span class=\"ti-star f\"><\/span><span class=\"ti-star f\"><\/span><span class=\"ti-star f\"><\/span><span class=\"ti-star f\"><\/span><\/div> <div class=\"ti-review-content\"> <!-- R-CONTENT --><strong>Amazing bike trails in stunning views<\/strong>\nAmazing place.  Very tourist friendly. All along vey helpful starting with help on phone in planning stage. Easy cancellation of accommodation when needed to change.\nLooks like there's a lot of activities in the area yet We came to Mountain bike so I'll write about that.<br \/>Bike friendly inviorment . Very clear maps available. Trails are fun challenging and well marked prices reasonable<br \/>Enjoy!<!-- R-CONTENT --> <\/div> <\/div> <\/div>  <div class=\"ti-review-item source-Tripadvisor\" > <div class=\"ti-inner\"> <div class=\"ti-review-header\"> <div class=\"ti-profile-img\"> <img src=\"https:\/\/dynamic-media-cdn.tripadvisor.com\/media\/photo-o\/15\/46\/95\/14\/andrew-leakey.jpg?w=100&h=100&s=1\" alt=\"Andrew L\" \/> <\/div> <div class=\"ti-profile-details\"> <div class=\"ti-name\">Andrew L<\/div> <div class=\"ti-date\">2021-11-14<\/div> <\/div> <\/div> <div class=\"ti-stars\"><span class=\"ti-star f\"><\/span><span class=\"ti-star f\"><\/span><span class=\"ti-star f\"><\/span><span class=\"ti-star f\"><\/span><span class=\"ti-star e\"><\/span><\/div> <div class=\"ti-review-content\"> <!-- R-CONTENT --><strong>boarding in Nov - what's not to like ?<\/strong>\nGlacier snowboarding in November !  It would be rude not to.   Fab to be out on the mountains again.  Pistes were well groomed.  Off piste was too sketchy to try - combination of ice & rocks was not a winner.   bubbles & chairs all worked very well.  Good choice of restaurants and rest rooms available.  Beautiful, beautiful views.  Would like to return when all the slopes are open - looks a good variety.<!-- R-CONTENT --> <\/div> <\/div> <\/div>  <div class=\"ti-review-item source-Tripadvisor\" > <div class=\"ti-inner\"> <div class=\"ti-review-header\"> <div class=\"ti-profile-img\"> <img src=\"https:\/\/dynamic-media-cdn.tripadvisor.com\/media\/photo-o\/1a\/f6\/ec\/a2\/default-avatar-2020-3.jpg?w=100&h=100&s=1\" alt=\"Didierleguy\" \/> <\/div> <div class=\"ti-profile-details\"> <div class=\"ti-name\">Didierleguy<\/div> <div class=\"ti-date\">2020-08-24<\/div> <\/div> <\/div> <div class=\"ti-stars\"><span class=\"ti-star f\"><\/span><span class=\"ti-star f\"><\/span><span class=\"ti-star f\"><\/span><span class=\"ti-star f\"><\/span><span class=\"ti-star f\"><\/span><\/div> <div class=\"ti-review-content\"> <!-- R-CONTENT --><strong>S\u00e9jour \u00e0 Soelden<\/strong>\nSuperbe s\u00e9jour dans cette station magnifique \nNous avons visit\u00e9 le mus\u00e9e \u00c9l\u00e9ment 007  de James Bond qui \u00e9tait superbe il retrace une sc\u00e8ne spectaculaire du film Spectre.<br \/>La vue et le paysage sont \u00e9poustouflants.<br \/>De nombreuses remont\u00e9es m\u00e9caniques.<br \/>Nous reviendrons<!-- R-CONTENT --> <\/div> <\/div> <\/div>  <div class=\"ti-review-item source-Tripadvisor\" > <div class=\"ti-inner\"> <div class=\"ti-review-header\"> <div class=\"ti-profile-img\"> <img src=\"https:\/\/dynamic-media-cdn.tripadvisor.com\/media\/photo-o\/15\/5f\/98\/38\/arenda-d.jpg?w=100&h=100&s=1\" alt=\"Arenda D\" \/> <\/div> <div class=\"ti-profile-details\"> <div class=\"ti-name\">Arenda D<\/div> <div class=\"ti-date\">2020-08-10<\/div> <\/div> <\/div> <div class=\"ti-stars\"><span class=\"ti-star f\"><\/span><span class=\"ti-star f\"><\/span><span class=\"ti-star f\"><\/span><span class=\"ti-star f\"><\/span><span class=\"ti-star f\"><\/span><\/div> <div class=\"ti-review-content\"> <!-- R-CONTENT --><strong>Heerlijk geskied in S\u00f6lden<\/strong>\nIk heb in S\u00f6lden gewerkt als Chalet host voor 2 maanden tot aan de Corona uitbraak. Erg levendig dorp met veel restaurants en apres ski bars. Ski pistes zijn top. Vooral wanneer je zo vroeg mogelijk de lift naar boven pakt en de onaangeraakte ski pistes kan genieten. In de vakanties is het wel erg druk in S\u00f6lden dus als het mogelijk is zou ik buiten de schoolvakanties gaan. \n<br \/>Helaas omdat het een uitgaans en apres ski dorp is zijn er overdag aardig wat kamikaze skiers aanwezig, voor de beginnende skier is dit niet erg prettig. <br \/><br \/>Er zitten voldoende leuke restaurants aan de pistes om lekker te eten. De cheesecake bij de Giggijoch is een aanrader. Ook de panorama Alm heeft heerlijk eten, de kaisersmarrn en het gorgonzola pannetje zijn hier echt verukkelijk!<!-- R-CONTENT --> <\/div> <\/div> <\/div>  <div class=\"ti-review-item source-Tripadvisor\" > <div class=\"ti-inner\"> <div class=\"ti-review-header\"> <div class=\"ti-profile-img\"> <img src=\"https:\/\/dynamic-media-cdn.tripadvisor.com\/media\/photo-o\/1a\/f6\/e5\/2b\/default-avatar-2020-52.jpg?w=100&h=100&s=1\" alt=\"Lucie Mayer\" \/> <\/div> <div class=\"ti-profile-details\"> <div class=\"ti-name\">Lucie Mayer<\/div> <div class=\"ti-date\">2020-03-11<\/div> <\/div> <\/div> <div class=\"ti-stars\"><span class=\"ti-star f\"><\/span><span class=\"ti-star f\"><\/span><span class=\"ti-star f\"><\/span><span class=\"ti-star f\"><\/span><span class=\"ti-star e\"><\/span><\/div> <div class=\"ti-review-content\"> <!-- R-CONTENT --><strong>good skiing but posh place<\/strong>\nSlopes are fantastic, everything is well connected and if you are a bit experienced you can always find somewhere with less people and good terrain. Most lifts have bubbles or are closed cabins so when the weather decides to get grumpy, you are still fairly protected from it. For lunch go to one of the big Selbsbedienung places - food is good, not too expensive and there is always a place to sit and to dry your gloves. Good experience, it is just a little bit too posh and too visage and design orientated. But if you like that then enjoy! Skibus works well too and is for free!<!-- R-CONTENT --> <\/div> <\/div> <\/div>  <\/div> <div class=\"ti-controls-dots\"> <div class=\"dot active\"><\/div> <\/div> <\/div> <\/div> <\/div>\n<\/div>\n<\/div>\n","protected":false},"excerpt":{"rendered":"<p>V\u00e4lkommen till Dreamlodge Hos oss f\u00e5r du m\u00f6jligheten att uppleva alporten S\u00f6lden fr\u00e5n dess b\u00e4sta och mest fantastiska sidor. Dreamlodge erbjuder unika boenden i sagolika stugor med klassisk alpisk anda. Uppt\u00e4ck de olika sagolika dalarna och ta dig an den utmanande off-pist \u00e5kningen eller varf\u00f6r inte l\u00e4ra dig grunderna f\u00f6rst med hj\u00e4lp av v\u00e5ra skidinstrukt\u00f6rer! [&hellip;]<\/p>\n","protected":false},"author":1,"featured_media":0,"parent":0,"menu_order":0,"comment_status":"closed","ping_status":"closed","template":"template-hero-standard-bg-white.php","meta":[],"_links":{"self":[{"href":"https:\/\/studenter.miun.se\/~dekj2100\/writeable\/wordpress\/wp-json\/wp\/v2\/pages\/25"}],"collection":[{"href":"https:\/\/studenter.miun.se\/~dekj2100\/writeable\/wordpress\/wp-json\/wp\/v2\/pages"}],"about":[{"href":"https:\/\/studenter.miun.se\/~dekj2100\/writeable\/wordpress\/wp-json\/wp\/v2\/types\/page"}],"author":[{"embeddable":true,"href":"https:\/\/studenter.miun.se\/~dekj2100\/writeable\/wordpress\/wp-json\/wp\/v2\/users\/1"}],"replies":[{"embeddable":true,"href":"https:\/\/studenter.miun.se\/~dekj2100\/writeable\/wordpress\/wp-json\/wp\/v2\/comments?post=25"}],"version-history":[{"count":28,"href":"https:\/\/studenter.miun.se\/~dekj2100\/writeable\/wordpress\/wp-json\/wp\/v2\/pages\/25\/revisions"}],"predecessor-version":[{"id":527,"href":"https:\/\/studenter.miun.se\/~dekj2100\/writeable\/wordpress\/wp-json\/wp\/v2\/pages\/25\/revisions\/527"}],"wp:attachment":[{"href":"https:\/\/studenter.miun.se\/~dekj2100\/writeable\/wordpress\/wp-json\/wp\/v2\/media?parent=25"}],"curies":[{"name":"wp","href":"https:\/\/api.w.org\/{rel}","templated":true}]}}