{"id":58,"date":"2022-08-20T19:00:34","date_gmt":"2022-08-20T19:00:34","guid":{"rendered":"https:\/\/studenter.miun.se\/~dekj2100\/writeable\/wordpress\/?page_id=58"},"modified":"2022-08-31T07:57:10","modified_gmt":"2022-08-31T07:57:10","slug":"om-oss","status":"publish","type":"page","link":"https:\/\/studenter.miun.se\/~dekj2100\/writeable\/wordpress\/om-oss\/","title":{"rendered":"Om oss"},"content":{"rendered":"\n<h2 class=\"has-text-align-center\">Dreamlodge &#8211; ett team av alpfantaster!<\/h2>\n\n\n\n<p class=\"has-text-align-center\">Att skapa Dreamlodge \u00e4r en ide som blev till p\u00e5 Arlandas flygplats utanf\u00f6r Stockholm en kall januarikv\u00e4ll 2018. Vi hade precis kommit hem fr\u00e5n att ha s\u00e4songat i S\u00f6lden som skidvallare, vi jobbade om kv\u00e4llarna och \u00e5kte om dagarna tills vi inte orkade st\u00e5 p\u00e5 benen. Att komma hem till Sverige var sk\u00f6nt, men ingen av oss tre kunde sluta att t\u00e4nka p\u00e5 S\u00f6lden, alperna, sn\u00f6n och p\u00e5 livet d\u00e4r borta &#8211; och d\u00e5 hade vi precis landat.<\/p>\n\n\n\n<div style=\"height:25px\" aria-hidden=\"true\" class=\"wp-block-spacer\"><\/div>\n\n\n\n<p class=\"has-text-align-center\">Vi var inte redo att ge upp det livet, s\u00e5 genast b\u00f6rjade en diskussion om hur vi skulle kunna driva en egen verksamhet d\u00e4r nere och kanske, bygga oss ett nytt hem hemifr\u00e5n s\u00e5 att s\u00e4ga. Sagt och gjort, h\u00e4r st\u00e5r vi cirka fyra \u00e5r senare med en fullt fungerande verksamhet, som vi har byggt fr\u00e5n grunden och samlat de boenden och upplevelser som vi blev s\u00e5 f\u00f6rtjust i f\u00f6rsta g\u00e5ngen vi var h\u00e4r!<\/p>\n\n\n\n<div style=\"height:25px\" aria-hidden=\"true\" class=\"wp-block-spacer\"><\/div>\n\n\n\n<p class=\"has-text-align-center\">S\u00e5 nu vill vi f\u00f6rmedla samma k\u00e4nsla och upplevelse till just dig, f\u00f6r oss \u00e4r S\u00f6lden en dr\u00f6m &#8211; d\u00e4rav namnet Dreamlodge.<\/p>\n\n\n\n<p><\/p>\n\n\n\n<div style=\"height:25px\" aria-hidden=\"true\" class=\"wp-block-spacer\"><\/div>\n\n\n\n<hr class=\"wp-block-separator has-alpha-channel-opacity\"\/>\n\n\n\n<div style=\"height:25px\" aria-hidden=\"true\" class=\"wp-block-spacer\"><\/div>\n\n\n\n<h2 class=\"has-text-align-center\">Team Dreamlodge<\/h2>\n\n\n\n<div style=\"height:25px\" aria-hidden=\"true\" class=\"wp-block-spacer\"><\/div>\n\n\n\n<div class=\"wp-container-4 wp-block-columns\">\n<div class=\"wp-container-1 wp-block-column\"><div class=\"wp-block-image is-style-rounded\">\n<figure class=\"aligncenter size-full is-resized\"><img loading=\"lazy\" src=\"https:\/\/studenter.miun.se\/~dekj2100\/writeable\/wordpress\/wp-content\/uploads\/2022\/08\/dennis_dreamlodge.jpg\" alt=\"Portr\u00e4ttbild p\u00e5 Henrik, st\u00e5endes i skidutrustning lyftandes en snowboard \u00f6ver huvudet\" class=\"wp-image-473\" width=\"200\" height=\"200\" srcset=\"https:\/\/studenter.miun.se\/~dekj2100\/writeable\/wordpress\/wp-content\/uploads\/2022\/08\/dennis_dreamlodge.jpg 524w, https:\/\/studenter.miun.se\/~dekj2100\/writeable\/wordpress\/wp-content\/uploads\/2022\/08\/dennis_dreamlodge-300x300.jpg 300w, https:\/\/studenter.miun.se\/~dekj2100\/writeable\/wordpress\/wp-content\/uploads\/2022\/08\/dennis_dreamlodge-150x150.jpg 150w, https:\/\/studenter.miun.se\/~dekj2100\/writeable\/wordpress\/wp-content\/uploads\/2022\/08\/dennis_dreamlodge-500x500.jpg 500w, https:\/\/studenter.miun.se\/~dekj2100\/writeable\/wordpress\/wp-content\/uploads\/2022\/08\/dennis_dreamlodge-400x400.jpg 400w\" sizes=\"(max-width: 200px) 100vw, 200px\" \/><\/figure><\/div>\n\n\n<p class=\"has-text-align-center\"><strong>Henrik Nygren <\/strong><\/p>\n\n\n\n<p class=\"has-text-align-center\">Alpfantast sedan barnsben, st\u00e5r helst p\u00e5 ett par skidor, annars hittar du han som Dreamlodge allt i alla, det som inte Henrik kan laga \u00e4r troligtvis trasigt p\u00e5 riktigt som vi brukar s\u00e4ga!<\/p>\n<\/div>\n\n\n\n<div class=\"wp-container-2 wp-block-column\"><div class=\"wp-block-image is-style-rounded\">\n<figure class=\"aligncenter size-full is-resized\"><img loading=\"lazy\" src=\"https:\/\/studenter.miun.se\/~dekj2100\/writeable\/wordpress\/wp-content\/uploads\/2022\/08\/kelly_dreamlodge.jpg\" alt=\"Portr\u00e4ttbild p\u00e5 Kelly, st\u00e5endes i en gr\u00e5 jacka med gr\u00f6 m\u00f6ssa, svart h\u00e5r och ett glatt leende\" class=\"wp-image-476\" width=\"200\" height=\"200\" srcset=\"https:\/\/studenter.miun.se\/~dekj2100\/writeable\/wordpress\/wp-content\/uploads\/2022\/08\/kelly_dreamlodge.jpg 804w, https:\/\/studenter.miun.se\/~dekj2100\/writeable\/wordpress\/wp-content\/uploads\/2022\/08\/kelly_dreamlodge-300x300.jpg 300w, https:\/\/studenter.miun.se\/~dekj2100\/writeable\/wordpress\/wp-content\/uploads\/2022\/08\/kelly_dreamlodge-150x150.jpg 150w, https:\/\/studenter.miun.se\/~dekj2100\/writeable\/wordpress\/wp-content\/uploads\/2022\/08\/kelly_dreamlodge-768x768.jpg 768w, https:\/\/studenter.miun.se\/~dekj2100\/writeable\/wordpress\/wp-content\/uploads\/2022\/08\/kelly_dreamlodge-500x500.jpg 500w, https:\/\/studenter.miun.se\/~dekj2100\/writeable\/wordpress\/wp-content\/uploads\/2022\/08\/kelly_dreamlodge-800x800.jpg 800w, https:\/\/studenter.miun.se\/~dekj2100\/writeable\/wordpress\/wp-content\/uploads\/2022\/08\/kelly_dreamlodge-400x400.jpg 400w\" sizes=\"(max-width: 200px) 100vw, 200px\" \/><\/figure><\/div>\n\n\n<p class=\"has-text-align-center\"><strong>Kelly Jonsson<\/strong><\/p>\n\n\n\n<p class=\"has-text-align-center\">En av Sveriges mest lovande talanger i halfpipe \u00e5kning i Snowboard. N\u00e4r hon inte slipar p\u00e5 nya trick s\u00e5 st\u00e5r hon och slipar p\u00e5 nya roliga events och \u00e4ventyr. Kelly \u00e4r den som skapar nya \u00e4ventyr p\u00e5 daglig basis f\u00f6r v\u00e5ra g\u00e4ster!<\/p>\n<\/div>\n\n\n\n<div class=\"wp-container-3 wp-block-column\"><div class=\"wp-block-image is-style-rounded\">\n<figure class=\"aligncenter size-full is-resized\"><img loading=\"lazy\" src=\"https:\/\/studenter.miun.se\/~dekj2100\/writeable\/wordpress\/wp-content\/uploads\/2022\/08\/jag.jpg\" alt=\"Om Dreamlodge, Portr\u00e4ttbild p\u00e5 Dennis, kort m\u00f6rkt h\u00e5rt, leendes\" class=\"wp-image-478\" width=\"200\" height=\"200\" srcset=\"https:\/\/studenter.miun.se\/~dekj2100\/writeable\/wordpress\/wp-content\/uploads\/2022\/08\/jag.jpg 959w, https:\/\/studenter.miun.se\/~dekj2100\/writeable\/wordpress\/wp-content\/uploads\/2022\/08\/jag-300x300.jpg 300w, https:\/\/studenter.miun.se\/~dekj2100\/writeable\/wordpress\/wp-content\/uploads\/2022\/08\/jag-150x150.jpg 150w, https:\/\/studenter.miun.se\/~dekj2100\/writeable\/wordpress\/wp-content\/uploads\/2022\/08\/jag-768x768.jpg 768w, https:\/\/studenter.miun.se\/~dekj2100\/writeable\/wordpress\/wp-content\/uploads\/2022\/08\/jag-500x500.jpg 500w, https:\/\/studenter.miun.se\/~dekj2100\/writeable\/wordpress\/wp-content\/uploads\/2022\/08\/jag-800x800.jpg 800w, https:\/\/studenter.miun.se\/~dekj2100\/writeable\/wordpress\/wp-content\/uploads\/2022\/08\/jag-400x400.jpg 400w\" sizes=\"(max-width: 200px) 100vw, 200px\" \/><\/figure><\/div>\n\n\n<p class=\"has-text-align-center\"><strong>Dennis Kjellin<\/strong><\/p>\n\n\n\n<p class=\"has-text-align-center\">Webbansvarig f\u00f6r Dreamlodge, har hand om bokningar, f\u00f6rfr\u00e5gningar och allt mellan himmel och jord! tar g\u00e4rna n\u00e5gra \u00e5k i backen sj\u00e4lv p\u00e5 sina lediga dagar!<\/p>\n<\/div>\n<\/div>\n\n\n\n<div class=\"wp-container-7 wp-block-columns\">\n<div class=\"wp-container-6 wp-block-column\">\n<div style=\"height:25px\" aria-hidden=\"true\" class=\"wp-block-spacer\"><\/div>\n\n\n\n<p class=\"has-text-align-center\"> Om du beh\u00f6ver komma i kontakt med n\u00e5gon p\u00e5 Dreamlodge s\u00e5 g\u00e5r det alldeles utm\u00e4rkt att kontakta oss via v\u00e5r kontakt sida!<\/p>\n\n\n\n<div style=\"height:25px\" aria-hidden=\"true\" class=\"wp-block-spacer\"><\/div>\n\n\n\n<div class=\"wp-container-5 wp-block-buttons\">\n<div class=\"wp-block-button has-custom-width wp-block-button__width-100 btn-complement-black mt-2\"><a class=\"wp-block-button__link\" href=\"https:\/\/studenter.miun.se\/~dekj2100\/writeable\/wordpress\/kontakt\/\">Kontakta oss<\/a><\/div>\n<\/div>\n\n\n\n<div style=\"height:25px\" aria-hidden=\"true\" class=\"wp-block-spacer\"><\/div>\n<\/div>\n<\/div>\n\n\n\n<p><\/p>\n","protected":false},"excerpt":{"rendered":"<p>Dreamlodge &#8211; ett team av alpfantaster! Att skapa Dreamlodge \u00e4r en ide som blev till p\u00e5 Arlandas flygplats utanf\u00f6r Stockholm en kall januarikv\u00e4ll 2018. Vi hade precis kommit hem fr\u00e5n att ha s\u00e4songat i S\u00f6lden som skidvallare, vi jobbade om kv\u00e4llarna och \u00e5kte om dagarna tills vi inte orkade st\u00e5 p\u00e5 benen. Att komma hem [&hellip;]<\/p>\n","protected":false},"author":1,"featured_media":0,"parent":0,"menu_order":0,"comment_status":"closed","ping_status":"closed","template":"template-hero-standard-title-custom-bg-gray.php","meta":[],"_links":{"self":[{"href":"https:\/\/studenter.miun.se\/~dekj2100\/writeable\/wordpress\/wp-json\/wp\/v2\/pages\/58"}],"collection":[{"href":"https:\/\/studenter.miun.se\/~dekj2100\/writeable\/wordpress\/wp-json\/wp\/v2\/pages"}],"about":[{"href":"https:\/\/studenter.miun.se\/~dekj2100\/writeable\/wordpress\/wp-json\/wp\/v2\/types\/page"}],"author":[{"embeddable":true,"href":"https:\/\/studenter.miun.se\/~dekj2100\/writeable\/wordpress\/wp-json\/wp\/v2\/users\/1"}],"replies":[{"embeddable":true,"href":"https:\/\/studenter.miun.se\/~dekj2100\/writeable\/wordpress\/wp-json\/wp\/v2\/comments?post=58"}],"version-history":[{"count":29,"href":"https:\/\/studenter.miun.se\/~dekj2100\/writeable\/wordpress\/wp-json\/wp\/v2\/pages\/58\/revisions"}],"predecessor-version":[{"id":545,"href":"https:\/\/studenter.miun.se\/~dekj2100\/writeable\/wordpress\/wp-json\/wp\/v2\/pages\/58\/revisions\/545"}],"wp:attachment":[{"href":"https:\/\/studenter.miun.se\/~dekj2100\/writeable\/wordpress\/wp-json\/wp\/v2\/media?parent=58"}],"curies":[{"name":"wp","href":"https:\/\/api.w.org\/{rel}","templated":true}]}}