{"id":82,"date":"2022-08-20T20:21:41","date_gmt":"2022-08-20T20:21:41","guid":{"rendered":"http:\/\/studenter.miun.se\/~dekj2100\/writeable\/wordpress\/?page_id=82"},"modified":"2022-08-28T10:31:07","modified_gmt":"2022-08-28T10:31:07","slug":"boenden1","status":"publish","type":"page","link":"https:\/\/studenter.miun.se\/~dekj2100\/writeable\/wordpress\/boenden1\/","title":{"rendered":"Boenden"},"content":{"rendered":"\n<div class=\"wp-container-2 wp-block-columns\">\n<div class=\"wp-container-1 wp-block-column\"><\/div>\n<\/div>\n\n\n\n<div class=\"wp-container-7 wp-block-columns\">\n<div class=\"wp-container-4 wp-block-column\">\n<h2>Boende Bj\u00f6rnen<\/h2>\n\n\n\n<figure class=\"wp-block-image size-full is-style-default\"><img loading=\"lazy\" width=\"900\" height=\"600\" src=\"https:\/\/studenter.miun.se\/~dekj2100\/writeable\/wordpress\/wp-content\/uploads\/2022\/08\/lodge_bjornen900x600.jpg\" alt=\"Boende lodge Bj\u00f6rnen, stor brun Tr\u00e4stuga i S\u00f6ldens vinterskog.\" class=\"wp-image-145\" srcset=\"https:\/\/studenter.miun.se\/~dekj2100\/writeable\/wordpress\/wp-content\/uploads\/2022\/08\/lodge_bjornen900x600.jpg 900w, https:\/\/studenter.miun.se\/~dekj2100\/writeable\/wordpress\/wp-content\/uploads\/2022\/08\/lodge_bjornen900x600-300x200.jpg 300w, https:\/\/studenter.miun.se\/~dekj2100\/writeable\/wordpress\/wp-content\/uploads\/2022\/08\/lodge_bjornen900x600-768x512.jpg 768w, https:\/\/studenter.miun.se\/~dekj2100\/writeable\/wordpress\/wp-content\/uploads\/2022\/08\/lodge_bjornen900x600-500x333.jpg 500w, https:\/\/studenter.miun.se\/~dekj2100\/writeable\/wordpress\/wp-content\/uploads\/2022\/08\/lodge_bjornen900x600-400x267.jpg 400w\" sizes=\"(max-width: 900px) 100vw, 900px\" \/><\/figure>\n\n\n\n<p>Boenden i S\u00f6lden blir inte b\u00e4ttre \u00e4n s\u00e5h\u00e4rDetta \u00e4r en stuga som har gott om utrymme f\u00f6r att samla hela s\u00e4llskapet f\u00f6r en minnesv\u00e4rd semester i fantastiska S\u00f6lden. Med Lodge Bj\u00f6rnens ypperliga l\u00e4ge i mitten av dalen Val Derans s\u00e5 kan man ta p\u00e5 sig skidorna direkt utanf\u00f6r d\u00f6rren f\u00f6r att sedan bege sig ner f\u00f6r pisten. <\/p>\n\n\n\n<div class=\"wp-container-3 wp-block-buttons\">\n<div class=\"wp-block-button btn-complement-black mt-2\"><a class=\"wp-block-button__link\" href=\"https:\/\/studenter.miun.se\/~dekj2100\/writeable\/wordpress\/lodge-bjornen\/\">Se detaljer<\/a><\/div>\n<\/div>\n<\/div>\n\n\n\n<div class=\"wp-container-6 wp-block-column\">\n<h2>Boende J\u00e4rven<\/h2>\n\n\n\n<figure class=\"wp-block-image size-full is-style-default\"><img loading=\"lazy\" width=\"900\" height=\"600\" src=\"https:\/\/studenter.miun.se\/~dekj2100\/writeable\/wordpress\/wp-content\/uploads\/2022\/08\/lodge_jarven900x600-1.jpg\" alt=\"Boende lodge J\u00e4rven, tr\u00e4stuga i S\u00f6ldens alpnatur, ljuset fr\u00e5n stugan lyser upp i vinternatten.\" class=\"wp-image-147\" srcset=\"https:\/\/studenter.miun.se\/~dekj2100\/writeable\/wordpress\/wp-content\/uploads\/2022\/08\/lodge_jarven900x600-1.jpg 900w, https:\/\/studenter.miun.se\/~dekj2100\/writeable\/wordpress\/wp-content\/uploads\/2022\/08\/lodge_jarven900x600-1-300x200.jpg 300w, https:\/\/studenter.miun.se\/~dekj2100\/writeable\/wordpress\/wp-content\/uploads\/2022\/08\/lodge_jarven900x600-1-768x512.jpg 768w, https:\/\/studenter.miun.se\/~dekj2100\/writeable\/wordpress\/wp-content\/uploads\/2022\/08\/lodge_jarven900x600-1-500x333.jpg 500w, https:\/\/studenter.miun.se\/~dekj2100\/writeable\/wordpress\/wp-content\/uploads\/2022\/08\/lodge_jarven900x600-1-400x267.jpg 400w\" sizes=\"(max-width: 900px) 100vw, 900px\" \/><\/figure>\n\n\n\n<p>Lodge J\u00e4rven ligger i foten av dalen Val Daosta och erbjuder en sagolik utsikt \u00f6ver forsen och naturen genom de stora panorama f\u00f6nsterna. Runtom stugan finns vandringsleder och sp\u00e5r f\u00f6r l\u00e4ngdskidor. Lodge J\u00e4rven \u00e4r l\u00e4mplig f\u00f6r mindre s\u00e4llskap, perfekt f\u00f6r tv\u00e5 personer.  <\/p>\n\n\n\n<div style=\"height:11px\" aria-hidden=\"true\" class=\"wp-block-spacer\"><\/div>\n\n\n\n<div class=\"wp-container-5 wp-block-buttons\">\n<div class=\"wp-block-button btn-complement-black mt-2\"><a class=\"wp-block-button__link\" href=\"https:\/\/studenter.miun.se\/~dekj2100\/writeable\/wordpress\/lodge-jarven\/\">Se detaljer<\/a><\/div>\n<\/div>\n<\/div>\n<\/div>\n\n\n\n<div class=\"wp-container-12 wp-block-columns\">\n<div class=\"wp-container-9 wp-block-column\">\n<h2>Boende \u00c4lgen<\/h2>\n\n\n\n<figure class=\"wp-block-image size-full is-style-default\"><img loading=\"lazy\" width=\"900\" height=\"600\" src=\"https:\/\/studenter.miun.se\/~dekj2100\/writeable\/wordpress\/wp-content\/uploads\/2022\/08\/lodge_algen-1.jpg\" alt=\"Boende lodge \u00c4lgen, klassisk timmerstuga i S\u00f6lden med h\u00e4rligt sold\u00e4ck, omgiven av skog &amp; natur.\" class=\"wp-image-160\" srcset=\"https:\/\/studenter.miun.se\/~dekj2100\/writeable\/wordpress\/wp-content\/uploads\/2022\/08\/lodge_algen-1.jpg 900w, https:\/\/studenter.miun.se\/~dekj2100\/writeable\/wordpress\/wp-content\/uploads\/2022\/08\/lodge_algen-1-300x200.jpg 300w, https:\/\/studenter.miun.se\/~dekj2100\/writeable\/wordpress\/wp-content\/uploads\/2022\/08\/lodge_algen-1-768x512.jpg 768w, https:\/\/studenter.miun.se\/~dekj2100\/writeable\/wordpress\/wp-content\/uploads\/2022\/08\/lodge_algen-1-500x333.jpg 500w, https:\/\/studenter.miun.se\/~dekj2100\/writeable\/wordpress\/wp-content\/uploads\/2022\/08\/lodge_algen-1-400x267.jpg 400w\" sizes=\"(max-width: 900px) 100vw, 900px\" \/><\/figure>\n\n\n\n<p>Lodge \u00c4lgen \u00e4r stugan f\u00f6r dig som reser med ett stort s\u00e4llskap, med hela 6 sovrum och tv\u00e5 v\u00e5ningar s\u00e5 blir denna j\u00e4tte skogens konung, d\u00e4rav namnet. Stugan \u00e4r placerad i n\u00e4rheten av S\u00f6ldens mest fantastiska vattendrag  och har massor av mysiga vandringsleder som bara m\u00e5ste utforskas!<\/p>\n\n\n\n<div class=\"wp-container-8 wp-block-buttons\">\n<div class=\"wp-block-button btn-complement-black mt-2\"><a class=\"wp-block-button__link\" href=\"https:\/\/studenter.miun.se\/~dekj2100\/writeable\/wordpress\/lodge-algen\/\">Se detaljer<\/a><\/div>\n<\/div>\n<\/div>\n\n\n\n<div class=\"wp-container-11 wp-block-column\">\n<h2>Boende Granen<\/h2>\n\n\n\n<figure class=\"wp-block-image size-full is-style-default\"><img loading=\"lazy\" width=\"900\" height=\"600\" src=\"https:\/\/studenter.miun.se\/~dekj2100\/writeable\/wordpress\/wp-content\/uploads\/2022\/08\/lodge_Granen.jpg\" alt=\"Boende lodge Granen, idyllisk stuga i ljust tr\u00e4 intill ett sj\u00f6drag i S\u00f6lden.\" class=\"wp-image-158\" srcset=\"https:\/\/studenter.miun.se\/~dekj2100\/writeable\/wordpress\/wp-content\/uploads\/2022\/08\/lodge_Granen.jpg 900w, https:\/\/studenter.miun.se\/~dekj2100\/writeable\/wordpress\/wp-content\/uploads\/2022\/08\/lodge_Granen-300x200.jpg 300w, https:\/\/studenter.miun.se\/~dekj2100\/writeable\/wordpress\/wp-content\/uploads\/2022\/08\/lodge_Granen-768x512.jpg 768w, https:\/\/studenter.miun.se\/~dekj2100\/writeable\/wordpress\/wp-content\/uploads\/2022\/08\/lodge_Granen-500x333.jpg 500w, https:\/\/studenter.miun.se\/~dekj2100\/writeable\/wordpress\/wp-content\/uploads\/2022\/08\/lodge_Granen-400x267.jpg 400w\" sizes=\"(max-width: 900px) 100vw, 900px\" \/><\/figure>\n\n\n\n<p>Lodge granen \u00e4r f\u00f6r det lilla s\u00e4llskapet, detta \u00e4r en idyllisk stuga alldeles intill ett vattendrag som \u00e4r v\u00e4l bes\u00f6kt av sm\u00e5 djur i naturen. Hit kan du komma f\u00f6r att koppla av och komma bort en stund, passar perfekt f\u00f6r ett s\u00e4llskap p\u00e5 tv\u00e5 personer som vill uppt\u00e4cka S\u00f6lden.<\/p>\n\n\n\n<div class=\"wp-container-10 wp-block-buttons\">\n<div class=\"wp-block-button btn-complement-black mt-2\"><a class=\"wp-block-button__link\" href=\"https:\/\/studenter.miun.se\/~dekj2100\/writeable\/wordpress\/lodge-granen\/\">Se detaljer<\/a><\/div>\n<\/div>\n<\/div>\n<\/div>\n","protected":false},"excerpt":{"rendered":"<p>Boende Bj\u00f6rnen Boenden i S\u00f6lden blir inte b\u00e4ttre \u00e4n s\u00e5h\u00e4rDetta \u00e4r en stuga som har gott om utrymme f\u00f6r att samla hela s\u00e4llskapet f\u00f6r en minnesv\u00e4rd semester i fantastiska S\u00f6lden. Med Lodge Bj\u00f6rnens ypperliga l\u00e4ge i mitten av dalen Val Derans s\u00e5 kan man ta p\u00e5 sig skidorna direkt utanf\u00f6r d\u00f6rren f\u00f6r att sedan bege [&hellip;]<\/p>\n","protected":false},"author":1,"featured_media":0,"parent":0,"menu_order":0,"comment_status":"closed","ping_status":"closed","template":"template-empty-bg-gray.php","meta":[],"_links":{"self":[{"href":"https:\/\/studenter.miun.se\/~dekj2100\/writeable\/wordpress\/wp-json\/wp\/v2\/pages\/82"}],"collection":[{"href":"https:\/\/studenter.miun.se\/~dekj2100\/writeable\/wordpress\/wp-json\/wp\/v2\/pages"}],"about":[{"href":"https:\/\/studenter.miun.se\/~dekj2100\/writeable\/wordpress\/wp-json\/wp\/v2\/types\/page"}],"author":[{"embeddable":true,"href":"https:\/\/studenter.miun.se\/~dekj2100\/writeable\/wordpress\/wp-json\/wp\/v2\/users\/1"}],"replies":[{"embeddable":true,"href":"https:\/\/studenter.miun.se\/~dekj2100\/writeable\/wordpress\/wp-json\/wp\/v2\/comments?post=82"}],"version-history":[{"count":34,"href":"https:\/\/studenter.miun.se\/~dekj2100\/writeable\/wordpress\/wp-json\/wp\/v2\/pages\/82\/revisions"}],"predecessor-version":[{"id":521,"href":"https:\/\/studenter.miun.se\/~dekj2100\/writeable\/wordpress\/wp-json\/wp\/v2\/pages\/82\/revisions\/521"}],"wp:attachment":[{"href":"https:\/\/studenter.miun.se\/~dekj2100\/writeable\/wordpress\/wp-json\/wp\/v2\/media?parent=82"}],"curies":[{"name":"wp","href":"https:\/\/api.w.org\/{rel}","templated":true}]}}