{"id":90,"date":"2022-08-20T20:30:01","date_gmt":"2022-08-20T20:30:01","guid":{"rendered":"http:\/\/studenter.miun.se\/~dekj2100\/writeable\/wordpress\/?page_id=90"},"modified":"2022-08-31T07:37:25","modified_gmt":"2022-08-31T07:37:25","slug":"events","status":"publish","type":"page","link":"https:\/\/studenter.miun.se\/~dekj2100\/writeable\/wordpress\/events\/","title":{"rendered":"Events"},"content":{"rendered":"\n<div class=\"wp-container-6 wp-block-columns\">\n<div class=\"wp-container-5 wp-block-column\">\n<div class=\"wp-container-4 wp-block-columns\">\n<div class=\"wp-container-2 wp-block-column\">\n<h2>Skidskola<\/h2>\n\n\n\n<figure class=\"wp-block-image size-full\"><img loading=\"lazy\" width=\"900\" height=\"600\" src=\"https:\/\/studenter.miun.se\/~dekj2100\/writeable\/wordpress\/wp-content\/uploads\/2022\/08\/skidskola.jpg\" alt=\"Tre skid\u00e5kare som b\u00e4r sina skidor p\u00e5 axlarna en solig vinterdag\" class=\"wp-image-298\" srcset=\"https:\/\/studenter.miun.se\/~dekj2100\/writeable\/wordpress\/wp-content\/uploads\/2022\/08\/skidskola.jpg 900w, https:\/\/studenter.miun.se\/~dekj2100\/writeable\/wordpress\/wp-content\/uploads\/2022\/08\/skidskola-300x200.jpg 300w, https:\/\/studenter.miun.se\/~dekj2100\/writeable\/wordpress\/wp-content\/uploads\/2022\/08\/skidskola-768x512.jpg 768w, https:\/\/studenter.miun.se\/~dekj2100\/writeable\/wordpress\/wp-content\/uploads\/2022\/08\/skidskola-500x333.jpg 500w, https:\/\/studenter.miun.se\/~dekj2100\/writeable\/wordpress\/wp-content\/uploads\/2022\/08\/skidskola-400x267.jpg 400w\" sizes=\"(max-width: 900px) 100vw, 900px\" \/><\/figure>\n\n\n\n<p>Events inf\u00f6r s\u00e4songen b\u00f6rjar ta sin form, i full g\u00e5ng \u00e4r S\u00f6ldens backar och \u00e4r fulla med sn\u00f6 och bes\u00f6kare! Premi\u00e4r f\u00f6r s\u00e4songen har nu v\u00e5r popul\u00e4ra skidskola, f\u00f6rfina tekniken eller l\u00e4r dig att st\u00e5 p\u00e5 ett par skidor f\u00f6r f\u00f6rsta g\u00e5ngen, oavsett vilken niv\u00e5 du \u00e5ker p\u00e5 s\u00e5 har vi p\u00e5 Dreamlodge skidinstrukt\u00f6ren f\u00f6r just dig, skidbacken \u00e4r till f\u00f6r alla!<\/p>\n\n\n\n<div class=\"wp-container-1 wp-block-buttons\">\n<div class=\"wp-block-button btn-complement-black mt-2\"><a class=\"wp-block-button__link\" href=\"https:\/\/studenter.miun.se\/~dekj2100\/writeable\/wordpress\/skidskola\/\">Boka skidskola<\/a><\/div>\n<\/div>\n<\/div>\n\n\n\n<div class=\"wp-container-3 wp-block-column\">\n<h2>Afterski Events<\/h2>\n\n\n\n<figure class=\"wp-block-image size-full\"><img loading=\"lazy\" width=\"900\" height=\"600\" src=\"https:\/\/studenter.miun.se\/~dekj2100\/writeable\/wordpress\/wp-content\/uploads\/2022\/08\/snowboard_afterski.jpg\" alt=\"Eventsbild, En snowboard som st\u00e5r i sn\u00f6n, med stora alpberg i bakgrunden t\u00e4ckta med sn\u00f6\" class=\"wp-image-350\" srcset=\"https:\/\/studenter.miun.se\/~dekj2100\/writeable\/wordpress\/wp-content\/uploads\/2022\/08\/snowboard_afterski.jpg 900w, https:\/\/studenter.miun.se\/~dekj2100\/writeable\/wordpress\/wp-content\/uploads\/2022\/08\/snowboard_afterski-300x200.jpg 300w, https:\/\/studenter.miun.se\/~dekj2100\/writeable\/wordpress\/wp-content\/uploads\/2022\/08\/snowboard_afterski-768x512.jpg 768w, https:\/\/studenter.miun.se\/~dekj2100\/writeable\/wordpress\/wp-content\/uploads\/2022\/08\/snowboard_afterski-500x333.jpg 500w, https:\/\/studenter.miun.se\/~dekj2100\/writeable\/wordpress\/wp-content\/uploads\/2022\/08\/snowboard_afterski-400x267.jpg 400w\" sizes=\"(max-width: 900px) 100vw, 900px\" \/><\/figure>\n\n\n\n<p>Dreamlodge anordnar afterski i foten av <strong>Val Daosta<\/strong> varje dag mellan klockan <strong>15:00-19:00<\/strong>. Efter en h\u00e4rlig dag i backen \u00e4r man v\u00e4rd att koppla av en stund i eftermiddagssolen med god mat och dryck. <\/p>\n\n\n\n<div style=\"height:18px\" aria-hidden=\"true\" class=\"wp-block-spacer\"><\/div>\n\n\n\n<p>Varmt v\u00e4lkomna till ett partyfyllt event!<\/p>\n<\/div>\n<\/div>\n<\/div>\n<\/div>\n\n\n\n<div class=\"wp-container-10 wp-block-columns\">\n<div class=\"wp-container-8 wp-block-column\">\n<h2>Instagram T\u00e4vling<\/h2>\n\n\n\n<figure class=\"wp-block-image size-full is-style-default\"><img loading=\"lazy\" width=\"900\" height=\"600\" src=\"https:\/\/studenter.miun.se\/~dekj2100\/writeable\/wordpress\/wp-content\/uploads\/2022\/08\/instagram.jpg\" alt=\"Kvinna med skidutrustning som ser \u00f6ver bergen n\u00e4r solen g\u00e5r ner\" class=\"wp-image-438\" srcset=\"https:\/\/studenter.miun.se\/~dekj2100\/writeable\/wordpress\/wp-content\/uploads\/2022\/08\/instagram.jpg 900w, https:\/\/studenter.miun.se\/~dekj2100\/writeable\/wordpress\/wp-content\/uploads\/2022\/08\/instagram-300x200.jpg 300w, https:\/\/studenter.miun.se\/~dekj2100\/writeable\/wordpress\/wp-content\/uploads\/2022\/08\/instagram-768x512.jpg 768w, https:\/\/studenter.miun.se\/~dekj2100\/writeable\/wordpress\/wp-content\/uploads\/2022\/08\/instagram-500x333.jpg 500w, https:\/\/studenter.miun.se\/~dekj2100\/writeable\/wordpress\/wp-content\/uploads\/2022\/08\/instagram-400x267.jpg 400w\" sizes=\"(max-width: 900px) 100vw, 900px\" \/><\/figure>\n\n\n\n<p>M\u00e5nadens vinnare i v\u00e5r Instagram t\u00e4vling \u00e4r Lovisa Hjalmarsson fr\u00e5n \u00d6stersund som tog denna bild n\u00e4r hon uppt\u00e4ckte S\u00f6ldens backar f\u00f6rra veckan. Hon \u00e4r d\u00e4rmed den nya lyckliga \u00e4garen till ett par Oakley skidglas\u00f6gon, stort grattis \u00f6nskar vi p\u00e5 Dreamlodge!<\/p>\n\n\n\n<div style=\"height:26px\" aria-hidden=\"true\" class=\"wp-block-spacer\"><\/div>\n\n\n\n<p>Vill du ocks\u00e5 t\u00e4vla?<\/p>\n\n\n\n<div class=\"wp-container-7 wp-block-buttons\">\n<div class=\"wp-block-button btn-complement-black mt-2\"><a class=\"wp-block-button__link\" href=\"https:\/\/studenter.miun.se\/~dekj2100\/writeable\/wordpress\/2022\/08\/26\/instagram-tavling\/\">L\u00e4s mer<\/a><\/div>\n<\/div>\n<\/div>\n\n\n\n<div class=\"wp-container-9 wp-block-column\">\n<h2>Uppt\u00e4ck Naturen<\/h2>\n\n\n\n<figure class=\"wp-block-image size-full is-style-default\"><img loading=\"lazy\" width=\"900\" height=\"600\" src=\"https:\/\/studenter.miun.se\/~dekj2100\/writeable\/wordpress\/wp-content\/uploads\/2022\/08\/utflykt.jpg\" alt=\"Kvinna som st\u00e5r vid isberg och en liten sj\u00f6 av sm\u00e4ltvatten\" class=\"wp-image-461\" srcset=\"https:\/\/studenter.miun.se\/~dekj2100\/writeable\/wordpress\/wp-content\/uploads\/2022\/08\/utflykt.jpg 900w, https:\/\/studenter.miun.se\/~dekj2100\/writeable\/wordpress\/wp-content\/uploads\/2022\/08\/utflykt-300x200.jpg 300w, https:\/\/studenter.miun.se\/~dekj2100\/writeable\/wordpress\/wp-content\/uploads\/2022\/08\/utflykt-768x512.jpg 768w, https:\/\/studenter.miun.se\/~dekj2100\/writeable\/wordpress\/wp-content\/uploads\/2022\/08\/utflykt-500x333.jpg 500w, https:\/\/studenter.miun.se\/~dekj2100\/writeable\/wordpress\/wp-content\/uploads\/2022\/08\/utflykt-400x267.jpg 400w\" sizes=\"(max-width: 900px) 100vw, 900px\" \/><\/figure>\n\n\n\n<p>H\u00e4ng med p\u00e5 utflykt till S\u00f6ldens vackraste platser! Den <strong>2022-10-10<\/strong> klockan <strong>10:00<\/strong> samlas vi vid Dreamlodge och g\u00e5r sedan till fots till S\u00f6ldens olika naturupplevelser, kl\u00e4 dig med o\u00f6mma kl\u00e4der och tag g\u00e4rna med eget fika!<\/p>\n\n\n\n<div style=\"height:18px\" aria-hidden=\"true\" class=\"wp-block-spacer\"><\/div>\n\n\n\n<p>Vi p\u00e5 Dreamlodge \u00f6nskar dig hj\u00e4rtligt v\u00e4lkommen!<\/p>\n<\/div>\n<\/div>\n","protected":false},"excerpt":{"rendered":"<p>Skidskola Events inf\u00f6r s\u00e4songen b\u00f6rjar ta sin form, i full g\u00e5ng \u00e4r S\u00f6ldens backar och \u00e4r fulla med sn\u00f6 och bes\u00f6kare! Premi\u00e4r f\u00f6r s\u00e4songen har nu v\u00e5r popul\u00e4ra skidskola, f\u00f6rfina tekniken eller l\u00e4r dig att st\u00e5 p\u00e5 ett par skidor f\u00f6r f\u00f6rsta g\u00e5ngen, oavsett vilken niv\u00e5 du \u00e5ker p\u00e5 s\u00e5 har vi p\u00e5 Dreamlodge skidinstrukt\u00f6ren [&hellip;]<\/p>\n","protected":false},"author":1,"featured_media":0,"parent":0,"menu_order":0,"comment_status":"closed","ping_status":"closed","template":"template-empty-bg-gray.php","meta":[],"_links":{"self":[{"href":"https:\/\/studenter.miun.se\/~dekj2100\/writeable\/wordpress\/wp-json\/wp\/v2\/pages\/90"}],"collection":[{"href":"https:\/\/studenter.miun.se\/~dekj2100\/writeable\/wordpress\/wp-json\/wp\/v2\/pages"}],"about":[{"href":"https:\/\/studenter.miun.se\/~dekj2100\/writeable\/wordpress\/wp-json\/wp\/v2\/types\/page"}],"author":[{"embeddable":true,"href":"https:\/\/studenter.miun.se\/~dekj2100\/writeable\/wordpress\/wp-json\/wp\/v2\/users\/1"}],"replies":[{"embeddable":true,"href":"https:\/\/studenter.miun.se\/~dekj2100\/writeable\/wordpress\/wp-json\/wp\/v2\/comments?post=90"}],"version-history":[{"count":16,"href":"https:\/\/studenter.miun.se\/~dekj2100\/writeable\/wordpress\/wp-json\/wp\/v2\/pages\/90\/revisions"}],"predecessor-version":[{"id":531,"href":"https:\/\/studenter.miun.se\/~dekj2100\/writeable\/wordpress\/wp-json\/wp\/v2\/pages\/90\/revisions\/531"}],"wp:attachment":[{"href":"https:\/\/studenter.miun.se\/~dekj2100\/writeable\/wordpress\/wp-json\/wp\/v2\/media?parent=90"}],"curies":[{"name":"wp","href":"https:\/\/api.w.org\/{rel}","templated":true}]}}