{"id":13,"date":"2023-05-04T11:11:46","date_gmt":"2023-05-04T09:11:46","guid":{"rendered":"https:\/\/studenter.miun.se\/~kacl1200\/writeable\/wpskog\/?page_id=13"},"modified":"2023-05-04T11:11:47","modified_gmt":"2023-05-04T09:11:47","slug":"kontakt","status":"publish","type":"page","link":"https:\/\/studenter.miun.se\/~kacl1200\/writeable\/wpskog\/kontakt\/","title":{"rendered":"Kontakt"},"content":{"rendered":"\n<p>Varmt v\u00e4lkommen att ringa oss eller fylla i kontaktformul\u00e4ret nedan f\u00f6r att f\u00e5 en kostnadsfri offert. Vi ser fram emot att h\u00f6ra om ditt projekt.<\/p>\n\n\n\n<div class=\"wp-block-contact-form-7-contact-form-selector\">\n<div class=\"wpcf7 no-js\" id=\"wpcf7-f12-o1\" lang=\"en-US\" dir=\"ltr\">\n<div class=\"screen-reader-response\"><p role=\"status\" aria-live=\"polite\" aria-atomic=\"true\"><\/p> <ul><\/ul><\/div>\n<form action=\"\/~kacl1200\/writeable\/wpskog\/wp-json\/wp\/v2\/pages\/13#wpcf7-f12-o1\" method=\"post\" class=\"wpcf7-form init\" aria-label=\"Contact form\" novalidate=\"novalidate\" data-status=\"init\">\n<div style=\"display: none;\">\n<input type=\"hidden\" name=\"_wpcf7\" value=\"12\" \/>\n<input type=\"hidden\" name=\"_wpcf7_version\" value=\"5.7.6\" \/>\n<input type=\"hidden\" name=\"_wpcf7_locale\" value=\"en_US\" \/>\n<input type=\"hidden\" name=\"_wpcf7_unit_tag\" value=\"wpcf7-f12-o1\" \/>\n<input type=\"hidden\" name=\"_wpcf7_container_post\" value=\"0\" \/>\n<input type=\"hidden\" name=\"_wpcf7_posted_data_hash\" value=\"\" \/>\n<\/div>\n<p><label> Namn:<br \/>\n<span class=\"wpcf7-form-control-wrap\" data-name=\"your-name\"><input size=\"40\" class=\"wpcf7-form-control wpcf7-text wpcf7-validates-as-required\" autocomplete=\"name\" aria-required=\"true\" aria-invalid=\"false\" value=\"\" type=\"text\" name=\"your-name\" \/><\/span> <\/label><br \/>\n<label> E-post:<br \/>\n<span class=\"wpcf7-form-control-wrap\" data-name=\"your-email\"><input size=\"40\" class=\"wpcf7-form-control wpcf7-text wpcf7-email wpcf7-validates-as-required wpcf7-validates-as-email\" autocomplete=\"email\" aria-required=\"true\" aria-invalid=\"false\" value=\"\" type=\"email\" name=\"your-email\" \/><\/span> <\/label><br \/>\n<label> Telefonnummer:<br \/>\n<span class=\"wpcf7-form-control-wrap\" data-name=\"tel-844\"><input size=\"40\" class=\"wpcf7-form-control wpcf7-text wpcf7-tel wpcf7-validates-as-tel\" aria-invalid=\"false\" value=\"\" type=\"tel\" name=\"tel-844\" \/><\/span> <\/label><br \/>\n<label> Meddelande<br \/>\n<span class=\"wpcf7-form-control-wrap\" data-name=\"your-message\"><textarea cols=\"40\" rows=\"10\" class=\"wpcf7-form-control wpcf7-textarea wpcf7-validates-as-required\" aria-required=\"true\" aria-invalid=\"false\" name=\"your-message\"><\/textarea><\/span> <\/label>\n<\/p>\n<p>Jag vill bli kontaktad via:<br \/>\n<span class=\"wpcf7-form-control-wrap\" data-name=\"radio-319\"><span class=\"wpcf7-form-control wpcf7-radio\"><span class=\"wpcf7-list-item first\"><label><input type=\"radio\" name=\"radio-319\" value=\"E-post\" checked=\"checked\" \/><span class=\"wpcf7-list-item-label\">E-post<\/span><\/label><\/span><span class=\"wpcf7-list-item last\"><label><input type=\"radio\" name=\"radio-319\" value=\"Telefon\" \/><span class=\"wpcf7-list-item-label\">Telefon<\/span><\/label><\/span><\/span><\/span>\n<\/p>\n<p><span class=\"wpcf7-form-control-wrap\" data-name=\"acceptance-939\"><span class=\"wpcf7-form-control wpcf7-acceptance\"><span class=\"wpcf7-list-item\"><label><input type=\"checkbox\" name=\"acceptance-939\" value=\"1\" aria-invalid=\"false\" \/><span class=\"wpcf7-list-item-label\">Jag godk\u00e4nner att mina uppgifter sparas i syfte att ta kontakt med mig f\u00f6r \u00e5terkoppling.<\/span><\/label><\/span><\/span><\/span>\n<\/p>\n<p><input class=\"wpcf7-form-control has-spinner wpcf7-submit\" type=\"submit\" value=\"Skicka\" \/>\n<\/p><div class=\"wpcf7-response-output\" aria-hidden=\"true\"><\/div>\n<\/form>\n<\/div>\n<\/div>\n","protected":false},"excerpt":{"rendered":"<p>Varmt v\u00e4lkommen att ringa oss eller fylla i kontaktformul\u00e4ret nedan f\u00f6r att f\u00e5 en kostnadsfri offert. Vi ser fram emot att h\u00f6ra om ditt projekt.<\/p>\n","protected":false},"author":1,"featured_media":0,"parent":0,"menu_order":0,"comment_status":"closed","ping_status":"closed","template":"","meta":[],"yoast_head":"<!-- This site is optimized with the Yoast SEO plugin v20.6 - https:\/\/yoast.com\/wordpress\/plugins\/seo\/ -->\n<title>Kontakt - Skog AB<\/title>\n<meta name=\"robots\" content=\"index, follow, max-snippet:-1, max-image-preview:large, max-video-preview:-1\" \/>\n<link rel=\"canonical\" href=\"https:\/\/studenter.miun.se\/~kacl1200\/writeable\/wpskog\/kontakt\/\" \/>\n<meta property=\"og:locale\" content=\"en_US\" \/>\n<meta property=\"og:type\" content=\"article\" \/>\n<meta property=\"og:title\" content=\"Kontakt - Skog AB\" \/>\n<meta property=\"og:description\" content=\"Varmt v\u00e4lkommen att ringa oss eller fylla i kontaktformul\u00e4ret nedan f\u00f6r att f\u00e5 en kostnadsfri offert. Vi ser fram emot att h\u00f6ra om ditt projekt.\" \/>\n<meta property=\"og:url\" content=\"https:\/\/studenter.miun.se\/~kacl1200\/writeable\/wpskog\/kontakt\/\" \/>\n<meta property=\"og:site_name\" content=\"Skog AB\" \/>\n<meta property=\"article:modified_time\" content=\"2023-05-04T09:11:47+00:00\" \/>\n<meta name=\"twitter:card\" content=\"summary_large_image\" \/>\n<meta name=\"twitter:label1\" content=\"Est. reading time\" \/>\n\t<meta name=\"twitter:data1\" content=\"1 minute\" \/>\n<script type=\"application\/ld+json\" class=\"yoast-schema-graph\">{\"@context\":\"https:\/\/schema.org\",\"@graph\":[{\"@type\":\"WebPage\",\"@id\":\"https:\/\/studenter.miun.se\/~kacl1200\/writeable\/wpskog\/kontakt\/\",\"url\":\"https:\/\/studenter.miun.se\/~kacl1200\/writeable\/wpskog\/kontakt\/\",\"name\":\"Kontakt - Skog AB\",\"isPartOf\":{\"@id\":\"https:\/\/studenter.miun.se\/~kacl1200\/writeable\/wpskog\/#website\"},\"datePublished\":\"2023-05-04T09:11:46+00:00\",\"dateModified\":\"2023-05-04T09:11:47+00:00\",\"breadcrumb\":{\"@id\":\"https:\/\/studenter.miun.se\/~kacl1200\/writeable\/wpskog\/kontakt\/#breadcrumb\"},\"inLanguage\":\"en-US\",\"potentialAction\":[{\"@type\":\"ReadAction\",\"target\":[\"https:\/\/studenter.miun.se\/~kacl1200\/writeable\/wpskog\/kontakt\/\"]}]},{\"@type\":\"BreadcrumbList\",\"@id\":\"https:\/\/studenter.miun.se\/~kacl1200\/writeable\/wpskog\/kontakt\/#breadcrumb\",\"itemListElement\":[{\"@type\":\"ListItem\",\"position\":1,\"name\":\"Home\",\"item\":\"https:\/\/studenter.miun.se\/~kacl1200\/writeable\/wpskog\/\"},{\"@type\":\"ListItem\",\"position\":2,\"name\":\"Kontakt\"}]},{\"@type\":\"WebSite\",\"@id\":\"https:\/\/studenter.miun.se\/~kacl1200\/writeable\/wpskog\/#website\",\"url\":\"https:\/\/studenter.miun.se\/~kacl1200\/writeable\/wpskog\/\",\"name\":\"Skog AB\",\"description\":\"Vi tar hand om dina tr\u00e4d\",\"publisher\":{\"@id\":\"https:\/\/studenter.miun.se\/~kacl1200\/writeable\/wpskog\/#organization\"},\"potentialAction\":[{\"@type\":\"SearchAction\",\"target\":{\"@type\":\"EntryPoint\",\"urlTemplate\":\"https:\/\/studenter.miun.se\/~kacl1200\/writeable\/wpskog\/?s={search_term_string}\"},\"query-input\":\"required name=search_term_string\"}],\"inLanguage\":\"en-US\"},{\"@type\":\"Organization\",\"@id\":\"https:\/\/studenter.miun.se\/~kacl1200\/writeable\/wpskog\/#organization\",\"name\":\"Skog AB\",\"url\":\"https:\/\/studenter.miun.se\/~kacl1200\/writeable\/wpskog\/\",\"logo\":{\"@type\":\"ImageObject\",\"inLanguage\":\"en-US\",\"@id\":\"https:\/\/studenter.miun.se\/~kacl1200\/writeable\/wpskog\/#\/schema\/logo\/image\/\",\"url\":\"https:\/\/studenter.miun.se\/~kacl1200\/writeable\/wpskog\/wp-content\/uploads\/2023\/05\/logo.png\",\"contentUrl\":\"https:\/\/studenter.miun.se\/~kacl1200\/writeable\/wpskog\/wp-content\/uploads\/2023\/05\/logo.png\",\"width\":1196,\"height\":586,\"caption\":\"Skog AB\"},\"image\":{\"@id\":\"https:\/\/studenter.miun.se\/~kacl1200\/writeable\/wpskog\/#\/schema\/logo\/image\/\"}}]}<\/script>\n<!-- \/ Yoast SEO plugin. -->","yoast_head_json":{"title":"Kontakt - Skog AB","robots":{"index":"index","follow":"follow","max-snippet":"max-snippet:-1","max-image-preview":"max-image-preview:large","max-video-preview":"max-video-preview:-1"},"canonical":"https:\/\/studenter.miun.se\/~kacl1200\/writeable\/wpskog\/kontakt\/","og_locale":"en_US","og_type":"article","og_title":"Kontakt - Skog AB","og_description":"Varmt v\u00e4lkommen att ringa oss eller fylla i kontaktformul\u00e4ret nedan f\u00f6r att f\u00e5 en kostnadsfri offert. Vi ser fram emot att h\u00f6ra om ditt projekt.","og_url":"https:\/\/studenter.miun.se\/~kacl1200\/writeable\/wpskog\/kontakt\/","og_site_name":"Skog AB","article_modified_time":"2023-05-04T09:11:47+00:00","twitter_card":"summary_large_image","twitter_misc":{"Est. reading time":"1 minute"},"schema":{"@context":"https:\/\/schema.org","@graph":[{"@type":"WebPage","@id":"https:\/\/studenter.miun.se\/~kacl1200\/writeable\/wpskog\/kontakt\/","url":"https:\/\/studenter.miun.se\/~kacl1200\/writeable\/wpskog\/kontakt\/","name":"Kontakt - Skog AB","isPartOf":{"@id":"https:\/\/studenter.miun.se\/~kacl1200\/writeable\/wpskog\/#website"},"datePublished":"2023-05-04T09:11:46+00:00","dateModified":"2023-05-04T09:11:47+00:00","breadcrumb":{"@id":"https:\/\/studenter.miun.se\/~kacl1200\/writeable\/wpskog\/kontakt\/#breadcrumb"},"inLanguage":"en-US","potentialAction":[{"@type":"ReadAction","target":["https:\/\/studenter.miun.se\/~kacl1200\/writeable\/wpskog\/kontakt\/"]}]},{"@type":"BreadcrumbList","@id":"https:\/\/studenter.miun.se\/~kacl1200\/writeable\/wpskog\/kontakt\/#breadcrumb","itemListElement":[{"@type":"ListItem","position":1,"name":"Home","item":"https:\/\/studenter.miun.se\/~kacl1200\/writeable\/wpskog\/"},{"@type":"ListItem","position":2,"name":"Kontakt"}]},{"@type":"WebSite","@id":"https:\/\/studenter.miun.se\/~kacl1200\/writeable\/wpskog\/#website","url":"https:\/\/studenter.miun.se\/~kacl1200\/writeable\/wpskog\/","name":"Skog AB","description":"Vi tar hand om dina tr\u00e4d","publisher":{"@id":"https:\/\/studenter.miun.se\/~kacl1200\/writeable\/wpskog\/#organization"},"potentialAction":[{"@type":"SearchAction","target":{"@type":"EntryPoint","urlTemplate":"https:\/\/studenter.miun.se\/~kacl1200\/writeable\/wpskog\/?s={search_term_string}"},"query-input":"required name=search_term_string"}],"inLanguage":"en-US"},{"@type":"Organization","@id":"https:\/\/studenter.miun.se\/~kacl1200\/writeable\/wpskog\/#organization","name":"Skog AB","url":"https:\/\/studenter.miun.se\/~kacl1200\/writeable\/wpskog\/","logo":{"@type":"ImageObject","inLanguage":"en-US","@id":"https:\/\/studenter.miun.se\/~kacl1200\/writeable\/wpskog\/#\/schema\/logo\/image\/","url":"https:\/\/studenter.miun.se\/~kacl1200\/writeable\/wpskog\/wp-content\/uploads\/2023\/05\/logo.png","contentUrl":"https:\/\/studenter.miun.se\/~kacl1200\/writeable\/wpskog\/wp-content\/uploads\/2023\/05\/logo.png","width":1196,"height":586,"caption":"Skog AB"},"image":{"@id":"https:\/\/studenter.miun.se\/~kacl1200\/writeable\/wpskog\/#\/schema\/logo\/image\/"}}]}},"_links":{"self":[{"href":"https:\/\/studenter.miun.se\/~kacl1200\/writeable\/wpskog\/wp-json\/wp\/v2\/pages\/13"}],"collection":[{"href":"https:\/\/studenter.miun.se\/~kacl1200\/writeable\/wpskog\/wp-json\/wp\/v2\/pages"}],"about":[{"href":"https:\/\/studenter.miun.se\/~kacl1200\/writeable\/wpskog\/wp-json\/wp\/v2\/types\/page"}],"author":[{"embeddable":true,"href":"https:\/\/studenter.miun.se\/~kacl1200\/writeable\/wpskog\/wp-json\/wp\/v2\/users\/1"}],"replies":[{"embeddable":true,"href":"https:\/\/studenter.miun.se\/~kacl1200\/writeable\/wpskog\/wp-json\/wp\/v2\/comments?post=13"}],"version-history":[{"count":1,"href":"https:\/\/studenter.miun.se\/~kacl1200\/writeable\/wpskog\/wp-json\/wp\/v2\/pages\/13\/revisions"}],"predecessor-version":[{"id":14,"href":"https:\/\/studenter.miun.se\/~kacl1200\/writeable\/wpskog\/wp-json\/wp\/v2\/pages\/13\/revisions\/14"}],"wp:attachment":[{"href":"https:\/\/studenter.miun.se\/~kacl1200\/writeable\/wpskog\/wp-json\/wp\/v2\/media?parent=13"}],"curies":[{"name":"wp","href":"https:\/\/api.w.org\/{rel}","templated":true}]}}