{"id":9,"date":"2023-05-03T14:37:06","date_gmt":"2023-05-03T14:37:06","guid":{"rendered":"https:\/\/studenter.miun.se\/~kacl1200\/writeable\/wpskog\/?page_id=9"},"modified":"2023-05-03T14:37:06","modified_gmt":"2023-05-03T14:37:06","slug":"om-oss","status":"publish","type":"page","link":"https:\/\/studenter.miun.se\/~kacl1200\/writeable\/wpskog\/om-oss\/","title":{"rendered":"Om oss"},"content":{"rendered":"\n<p class=\"has-medium-font-size\">Varje tr\u00e4d \u00e4r unikt och s\u00e5 \u00e4ven v\u00e5ra kunders behov. F\u00f6r oss \u00e4r det viktigt att du k\u00e4nner dig trygg som kund hos oss. N\u00e4r vi kommer ut p\u00e5 ett kostnadsfritt hembes\u00f6k lyssnar vi d\u00e4rf\u00f6r p\u00e5 dina \u00f6nskem\u00e5l och tittar p\u00e5 dina tr\u00e4d f\u00f6r att sedan ge ett kostnadsf\u00f6rslag.<\/p>\n\n\n\n<p class=\"has-medium-font-size\">Med stor erfarenhet, kunskap och v\u00e4l utt\u00e4nkta arbetsmetoder f\u00e5r vi jobbet gjort p\u00e5 ett s\u00e4kert och smidigt s\u00e4tt. L\u00e4s mer om v\u00e5ra tj\u00e4nster nedan och v\u00e4lkommen att kontakta oss f\u00f6r kostnadsfri r\u00e5dgivning.<\/p>\n","protected":false},"excerpt":{"rendered":"<p>Varje tr\u00e4d \u00e4r unikt och s\u00e5 \u00e4ven v\u00e5ra kunders behov. F\u00f6r oss \u00e4r det viktigt att du k\u00e4nner dig trygg som kund hos oss. N\u00e4r vi kommer ut p\u00e5 ett kostnadsfritt hembes\u00f6k lyssnar vi d\u00e4rf\u00f6r p\u00e5 dina \u00f6nskem\u00e5l och tittar p\u00e5 dina tr\u00e4d f\u00f6r att sedan ge ett kostnadsf\u00f6rslag. Med stor erfarenhet, kunskap och v\u00e4l [&hellip;]<\/p>\n","protected":false},"author":1,"featured_media":10,"parent":0,"menu_order":0,"comment_status":"closed","ping_status":"closed","template":"","meta":[],"yoast_head":"<!-- This site is optimized with the Yoast SEO plugin v20.6 - https:\/\/yoast.com\/wordpress\/plugins\/seo\/ -->\n<title>Om oss - Skog AB<\/title>\n<meta name=\"robots\" content=\"index, follow, max-snippet:-1, max-image-preview:large, max-video-preview:-1\" \/>\n<link rel=\"canonical\" href=\"https:\/\/studenter.miun.se\/~kacl1200\/writeable\/wpskog\/om-oss\/\" \/>\n<meta property=\"og:locale\" content=\"en_US\" \/>\n<meta property=\"og:type\" content=\"article\" \/>\n<meta property=\"og:title\" content=\"Om oss - Skog AB\" \/>\n<meta property=\"og:description\" content=\"Varje tr\u00e4d \u00e4r unikt och s\u00e5 \u00e4ven v\u00e5ra kunders behov. F\u00f6r oss \u00e4r det viktigt att du k\u00e4nner dig trygg som kund hos oss. N\u00e4r vi kommer ut p\u00e5 ett kostnadsfritt hembes\u00f6k lyssnar vi d\u00e4rf\u00f6r p\u00e5 dina \u00f6nskem\u00e5l och tittar p\u00e5 dina tr\u00e4d f\u00f6r att sedan ge ett kostnadsf\u00f6rslag. Med stor erfarenhet, kunskap och v\u00e4l [&hellip;]\" \/>\n<meta property=\"og:url\" content=\"https:\/\/studenter.miun.se\/~kacl1200\/writeable\/wpskog\/om-oss\/\" \/>\n<meta property=\"og:site_name\" content=\"Skog AB\" \/>\n<meta property=\"og:image\" content=\"https:\/\/studenter.miun.se\/~kacl1200\/writeable\/wpskog\/wp-content\/uploads\/2023\/05\/about.webp\" \/>\n\t<meta property=\"og:image:width\" content=\"700\" \/>\n\t<meta property=\"og:image:height\" content=\"331\" \/>\n\t<meta property=\"og:image:type\" content=\"image\/webp\" \/>\n<meta name=\"twitter:card\" content=\"summary_large_image\" \/>\n<meta name=\"twitter:label1\" content=\"Est. reading time\" \/>\n\t<meta name=\"twitter:data1\" content=\"1 minute\" \/>\n<script type=\"application\/ld+json\" class=\"yoast-schema-graph\">{\"@context\":\"https:\/\/schema.org\",\"@graph\":[{\"@type\":\"WebPage\",\"@id\":\"https:\/\/studenter.miun.se\/~kacl1200\/writeable\/wpskog\/om-oss\/\",\"url\":\"https:\/\/studenter.miun.se\/~kacl1200\/writeable\/wpskog\/om-oss\/\",\"name\":\"Om oss - Skog AB\",\"isPartOf\":{\"@id\":\"https:\/\/studenter.miun.se\/~kacl1200\/writeable\/wpskog\/#website\"},\"datePublished\":\"2023-05-03T14:37:06+00:00\",\"dateModified\":\"2023-05-03T14:37:06+00:00\",\"breadcrumb\":{\"@id\":\"https:\/\/studenter.miun.se\/~kacl1200\/writeable\/wpskog\/om-oss\/#breadcrumb\"},\"inLanguage\":\"en-US\",\"potentialAction\":[{\"@type\":\"ReadAction\",\"target\":[\"https:\/\/studenter.miun.se\/~kacl1200\/writeable\/wpskog\/om-oss\/\"]}]},{\"@type\":\"BreadcrumbList\",\"@id\":\"https:\/\/studenter.miun.se\/~kacl1200\/writeable\/wpskog\/om-oss\/#breadcrumb\",\"itemListElement\":[{\"@type\":\"ListItem\",\"position\":1,\"name\":\"Home\",\"item\":\"https:\/\/studenter.miun.se\/~kacl1200\/writeable\/wpskog\/\"},{\"@type\":\"ListItem\",\"position\":2,\"name\":\"Om oss\"}]},{\"@type\":\"WebSite\",\"@id\":\"https:\/\/studenter.miun.se\/~kacl1200\/writeable\/wpskog\/#website\",\"url\":\"https:\/\/studenter.miun.se\/~kacl1200\/writeable\/wpskog\/\",\"name\":\"Skog AB\",\"description\":\"Vi tar hand om dina tr\u00e4d\",\"publisher\":{\"@id\":\"https:\/\/studenter.miun.se\/~kacl1200\/writeable\/wpskog\/#organization\"},\"potentialAction\":[{\"@type\":\"SearchAction\",\"target\":{\"@type\":\"EntryPoint\",\"urlTemplate\":\"https:\/\/studenter.miun.se\/~kacl1200\/writeable\/wpskog\/?s={search_term_string}\"},\"query-input\":\"required name=search_term_string\"}],\"inLanguage\":\"en-US\"},{\"@type\":\"Organization\",\"@id\":\"https:\/\/studenter.miun.se\/~kacl1200\/writeable\/wpskog\/#organization\",\"name\":\"Skog AB\",\"url\":\"https:\/\/studenter.miun.se\/~kacl1200\/writeable\/wpskog\/\",\"logo\":{\"@type\":\"ImageObject\",\"inLanguage\":\"en-US\",\"@id\":\"https:\/\/studenter.miun.se\/~kacl1200\/writeable\/wpskog\/#\/schema\/logo\/image\/\",\"url\":\"https:\/\/studenter.miun.se\/~kacl1200\/writeable\/wpskog\/wp-content\/uploads\/2023\/05\/logo.png\",\"contentUrl\":\"https:\/\/studenter.miun.se\/~kacl1200\/writeable\/wpskog\/wp-content\/uploads\/2023\/05\/logo.png\",\"width\":1196,\"height\":586,\"caption\":\"Skog AB\"},\"image\":{\"@id\":\"https:\/\/studenter.miun.se\/~kacl1200\/writeable\/wpskog\/#\/schema\/logo\/image\/\"}}]}<\/script>\n<!-- \/ Yoast SEO plugin. -->","yoast_head_json":{"title":"Om oss - Skog AB","robots":{"index":"index","follow":"follow","max-snippet":"max-snippet:-1","max-image-preview":"max-image-preview:large","max-video-preview":"max-video-preview:-1"},"canonical":"https:\/\/studenter.miun.se\/~kacl1200\/writeable\/wpskog\/om-oss\/","og_locale":"en_US","og_type":"article","og_title":"Om oss - Skog AB","og_description":"Varje tr\u00e4d \u00e4r unikt och s\u00e5 \u00e4ven v\u00e5ra kunders behov. F\u00f6r oss \u00e4r det viktigt att du k\u00e4nner dig trygg som kund hos oss. N\u00e4r vi kommer ut p\u00e5 ett kostnadsfritt hembes\u00f6k lyssnar vi d\u00e4rf\u00f6r p\u00e5 dina \u00f6nskem\u00e5l och tittar p\u00e5 dina tr\u00e4d f\u00f6r att sedan ge ett kostnadsf\u00f6rslag. Med stor erfarenhet, kunskap och v\u00e4l [&hellip;]","og_url":"https:\/\/studenter.miun.se\/~kacl1200\/writeable\/wpskog\/om-oss\/","og_site_name":"Skog AB","og_image":[{"width":700,"height":331,"url":"https:\/\/studenter.miun.se\/~kacl1200\/writeable\/wpskog\/wp-content\/uploads\/2023\/05\/about.webp","type":"image\/webp"}],"twitter_card":"summary_large_image","twitter_misc":{"Est. reading time":"1 minute"},"schema":{"@context":"https:\/\/schema.org","@graph":[{"@type":"WebPage","@id":"https:\/\/studenter.miun.se\/~kacl1200\/writeable\/wpskog\/om-oss\/","url":"https:\/\/studenter.miun.se\/~kacl1200\/writeable\/wpskog\/om-oss\/","name":"Om oss - Skog AB","isPartOf":{"@id":"https:\/\/studenter.miun.se\/~kacl1200\/writeable\/wpskog\/#website"},"datePublished":"2023-05-03T14:37:06+00:00","dateModified":"2023-05-03T14:37:06+00:00","breadcrumb":{"@id":"https:\/\/studenter.miun.se\/~kacl1200\/writeable\/wpskog\/om-oss\/#breadcrumb"},"inLanguage":"en-US","potentialAction":[{"@type":"ReadAction","target":["https:\/\/studenter.miun.se\/~kacl1200\/writeable\/wpskog\/om-oss\/"]}]},{"@type":"BreadcrumbList","@id":"https:\/\/studenter.miun.se\/~kacl1200\/writeable\/wpskog\/om-oss\/#breadcrumb","itemListElement":[{"@type":"ListItem","position":1,"name":"Home","item":"https:\/\/studenter.miun.se\/~kacl1200\/writeable\/wpskog\/"},{"@type":"ListItem","position":2,"name":"Om oss"}]},{"@type":"WebSite","@id":"https:\/\/studenter.miun.se\/~kacl1200\/writeable\/wpskog\/#website","url":"https:\/\/studenter.miun.se\/~kacl1200\/writeable\/wpskog\/","name":"Skog AB","description":"Vi tar hand om dina tr\u00e4d","publisher":{"@id":"https:\/\/studenter.miun.se\/~kacl1200\/writeable\/wpskog\/#organization"},"potentialAction":[{"@type":"SearchAction","target":{"@type":"EntryPoint","urlTemplate":"https:\/\/studenter.miun.se\/~kacl1200\/writeable\/wpskog\/?s={search_term_string}"},"query-input":"required name=search_term_string"}],"inLanguage":"en-US"},{"@type":"Organization","@id":"https:\/\/studenter.miun.se\/~kacl1200\/writeable\/wpskog\/#organization","name":"Skog AB","url":"https:\/\/studenter.miun.se\/~kacl1200\/writeable\/wpskog\/","logo":{"@type":"ImageObject","inLanguage":"en-US","@id":"https:\/\/studenter.miun.se\/~kacl1200\/writeable\/wpskog\/#\/schema\/logo\/image\/","url":"https:\/\/studenter.miun.se\/~kacl1200\/writeable\/wpskog\/wp-content\/uploads\/2023\/05\/logo.png","contentUrl":"https:\/\/studenter.miun.se\/~kacl1200\/writeable\/wpskog\/wp-content\/uploads\/2023\/05\/logo.png","width":1196,"height":586,"caption":"Skog AB"},"image":{"@id":"https:\/\/studenter.miun.se\/~kacl1200\/writeable\/wpskog\/#\/schema\/logo\/image\/"}}]}},"_links":{"self":[{"href":"https:\/\/studenter.miun.se\/~kacl1200\/writeable\/wpskog\/wp-json\/wp\/v2\/pages\/9"}],"collection":[{"href":"https:\/\/studenter.miun.se\/~kacl1200\/writeable\/wpskog\/wp-json\/wp\/v2\/pages"}],"about":[{"href":"https:\/\/studenter.miun.se\/~kacl1200\/writeable\/wpskog\/wp-json\/wp\/v2\/types\/page"}],"author":[{"embeddable":true,"href":"https:\/\/studenter.miun.se\/~kacl1200\/writeable\/wpskog\/wp-json\/wp\/v2\/users\/1"}],"replies":[{"embeddable":true,"href":"https:\/\/studenter.miun.se\/~kacl1200\/writeable\/wpskog\/wp-json\/wp\/v2\/comments?post=9"}],"version-history":[{"count":1,"href":"https:\/\/studenter.miun.se\/~kacl1200\/writeable\/wpskog\/wp-json\/wp\/v2\/pages\/9\/revisions"}],"predecessor-version":[{"id":11,"href":"https:\/\/studenter.miun.se\/~kacl1200\/writeable\/wpskog\/wp-json\/wp\/v2\/pages\/9\/revisions\/11"}],"wp:featuredmedia":[{"embeddable":true,"href":"https:\/\/studenter.miun.se\/~kacl1200\/writeable\/wpskog\/wp-json\/wp\/v2\/media\/10"}],"wp:attachment":[{"href":"https:\/\/studenter.miun.se\/~kacl1200\/writeable\/wpskog\/wp-json\/wp\/v2\/media?parent=9"}],"curies":[{"name":"wp","href":"https:\/\/api.w.org\/{rel}","templated":true}]}}