{"id":21,"date":"2022-10-29T08:30:32","date_gmt":"2022-10-29T06:30:32","guid":{"rendered":"https:\/\/studenter.miun.se\/~pibo1900\/writeable\/dt197g\/Solsk%C3%A4rStugor\/?page_id=21"},"modified":"2022-10-29T16:40:17","modified_gmt":"2022-10-29T14:40:17","slug":"startsida","status":"publish","type":"page","link":"https:\/\/studenter.miun.se\/~pibo1900\/writeable\/dt197g\/Solsk%C3%A4rStugor\/","title":{"rendered":"Startsida"},"content":{"rendered":"\n<p><strong>P\u00e5 Solsk\u00e4r kan du uppleva den svenska sk\u00e4rg\u00e5rden som det var menat.<\/strong><\/p>\n\n\n\n<p>Hyr en stuga hos Solsk\u00e4r Stugor och spendera din semester p\u00e5 det klassiska viset. H\u00e4r kan du slappna av, sl\u00e4ppa in naturen, och l\u00e5ta tankarna fl\u00f6da fritt. Ta en vandringstur och uppt\u00e4ck den fina naturen p\u00e5 egen hand, eller l\u00e5t oss g\u00f6ra dig s\u00e4llskap med en av v\u00e5ra guidade vandringar. Eller varf\u00f6r inte ta en b\u00e5ttur f\u00f6r att utforska v\u00e5ra grann\u00f6ar, ta en cykeltur, och sedan avsluta dagen med bastubad. L\u00e5t bara fantasin s\u00e4tta gr\u00e4nser. <\/p>\n\n\n\n<p>Boka en stuga p\u00e5 Solsk\u00e4r idag, och l\u00e5t den h\u00e4r sommaren bli en du aldrig kommer gl\u00f6mma.<\/p>\n\n\n\n<div class=\"alignnormal\"><div id=\"metaslider-id-96\" style=\"width: 100%;\" class=\"ml-slider-3-27-13 metaslider metaslider-flex metaslider-96 ml-slider startshow\">\n    <div id=\"metaslider_container_96\">\n        <div id=\"metaslider_96\">\n            <ul aria-live=\"polite\" class=\"slides\">\n                <li style=\"display: block; width: 100%;\" class=\"slide-97 ms-image\"><img src=\"https:\/\/studenter.miun.se\/~pibo1900\/writeable\/dt197g\/Solsk%C3%A4rStugor\/wp-content\/uploads\/2022\/10\/bo-hos-oss-700x300.jpg\" height=\"300\" width=\"700\" alt=\"Solsk\u00e4rs hamn i kv\u00e4llssolen\" class=\"slider-96 slide-97\" title=\"bo-hos-oss\" \/><\/li>\n                <li style=\"display: none; width: 100%;\" class=\"slide-98 ms-image\"><img src=\"https:\/\/studenter.miun.se\/~pibo1900\/writeable\/dt197g\/Solsk%C3%A4rStugor\/wp-content\/uploads\/2022\/10\/battur-scaled-700x300.jpg\" height=\"300\" width=\"700\" alt=\"Sidan av en b\u00e5t p\u00e5 vattnet\" class=\"slider-96 slide-98\" title=\"battur\" \/><\/li>\n                <li style=\"display: none; width: 100%;\" class=\"slide-99 ms-image\"><img src=\"https:\/\/studenter.miun.se\/~pibo1900\/writeable\/dt197g\/Solsk%C3%A4rStugor\/wp-content\/uploads\/2022\/10\/om-oss-700x300.jpg\" height=\"300\" width=\"700\" alt=\"R\u00f6da sm\u00e5 hus under en bl\u00e5 himmel\" class=\"slider-96 slide-99\" title=\"om-oss\" \/><\/li>\n                <li style=\"display: none; width: 100%;\" class=\"slide-100 ms-image\"><img src=\"https:\/\/studenter.miun.se\/~pibo1900\/writeable\/dt197g\/Solsk%C3%A4rStugor\/wp-content\/uploads\/2022\/10\/nyheter-scaled-700x300.jpg\" height=\"300\" width=\"700\" alt=\"Vy \u00f6ver sk\u00e4rg\u00e5rden\" class=\"slider-96 slide-100\" title=\"nyheter\" \/><\/li>\n                <li style=\"display: none; width: 100%;\" class=\"slide-105 ms-image\"><img src=\"https:\/\/studenter.miun.se\/~pibo1900\/writeable\/dt197g\/Solsk%C3%A4rStugor\/wp-content\/uploads\/2022\/10\/stenallen-scaled-700x300.jpg\" height=\"300\" width=\"700\" alt=\"Hus framf\u00f6r en stig med stenar p\u00e5 vardera sida\" class=\"slider-96 slide-105\" title=\"stenallen\" \/><\/li>\n            <\/ul>\n        <\/div>\n        \n    <\/div>\n<\/div><\/div>\n","protected":false},"excerpt":{"rendered":"<p>P\u00e5 Solsk\u00e4r kan du uppleva den svenska sk\u00e4rg\u00e5rden som det var menat. Hyr en stuga hos Solsk\u00e4r Stugor och spendera din semester p\u00e5 det klassiska viset. H\u00e4r kan du slappna av, sl\u00e4ppa in naturen, och l\u00e5ta tankarna fl\u00f6da fritt. Ta en vandringstur och uppt\u00e4ck den fina naturen p\u00e5 egen hand, eller l\u00e5t oss g\u00f6ra dig [&hellip;]<\/p>\n","protected":false},"author":1,"featured_media":0,"parent":0,"menu_order":0,"comment_status":"closed","ping_status":"closed","template":"","meta":[],"yoast_head":"<!-- This site is optimized with the Yoast SEO plugin v19.9 - https:\/\/yoast.com\/wordpress\/plugins\/seo\/ -->\n<title>Startsida - Solsk\u00e4r Stugor<\/title>\n<meta name=\"description\" content=\"Ta din semester ute i den svenska sk\u00e4rg\u00e5rden p\u00e5 Solsk\u00e4r. Upplev fantastiska dagar p\u00e5 den soliga \u00f6n. Boka en stuga och k\u00e4nn lugnet fr\u00e5n havet.\" \/>\n<meta name=\"robots\" content=\"index, follow, max-snippet:-1, max-image-preview:large, max-video-preview:-1\" \/>\n<link rel=\"canonical\" href=\"https:\/\/studenter.miun.se\/~pibo1900\/writeable\/dt197g\/Solsk\u00e4rStugor\/\" \/>\n<meta property=\"og:locale\" content=\"en_US\" \/>\n<meta property=\"og:type\" content=\"article\" \/>\n<meta property=\"og:title\" content=\"Startsida - Solsk\u00e4r Stugor\" \/>\n<meta property=\"og:description\" content=\"Ta din semester ute i den svenska sk\u00e4rg\u00e5rden p\u00e5 Solsk\u00e4r. Upplev fantastiska dagar p\u00e5 den soliga \u00f6n. Boka en stuga och k\u00e4nn lugnet fr\u00e5n havet.\" \/>\n<meta property=\"og:url\" content=\"https:\/\/studenter.miun.se\/~pibo1900\/writeable\/dt197g\/Solsk\u00e4rStugor\/\" \/>\n<meta property=\"og:site_name\" content=\"Solsk\u00e4r Stugor\" \/>\n<meta property=\"article:modified_time\" content=\"2022-10-29T14:40:17+00:00\" \/>\n<meta name=\"twitter:card\" content=\"summary_large_image\" \/>\n<meta name=\"twitter:label1\" content=\"Est. reading time\" \/>\n\t<meta name=\"twitter:data1\" content=\"1 minute\" \/>\n<script type=\"application\/ld+json\" class=\"yoast-schema-graph\">{\"@context\":\"https:\/\/schema.org\",\"@graph\":[{\"@type\":\"WebPage\",\"@id\":\"https:\/\/studenter.miun.se\/~pibo1900\/writeable\/dt197g\/Solsk%C3%A4rStugor\/\",\"url\":\"https:\/\/studenter.miun.se\/~pibo1900\/writeable\/dt197g\/Solsk%C3%A4rStugor\/\",\"name\":\"Startsida - Solsk\u00e4r Stugor\",\"isPartOf\":{\"@id\":\"https:\/\/studenter.miun.se\/~pibo1900\/writeable\/dt197g\/Solsk%C3%A4rStugor\/#website\"},\"datePublished\":\"2022-10-29T06:30:32+00:00\",\"dateModified\":\"2022-10-29T14:40:17+00:00\",\"description\":\"Ta din semester ute i den svenska sk\u00e4rg\u00e5rden p\u00e5 Solsk\u00e4r. Upplev fantastiska dagar p\u00e5 den soliga \u00f6n. Boka en stuga och k\u00e4nn lugnet fr\u00e5n havet.\",\"breadcrumb\":{\"@id\":\"https:\/\/studenter.miun.se\/~pibo1900\/writeable\/dt197g\/Solsk%C3%A4rStugor\/#breadcrumb\"},\"inLanguage\":\"en-US\",\"potentialAction\":[{\"@type\":\"ReadAction\",\"target\":[\"https:\/\/studenter.miun.se\/~pibo1900\/writeable\/dt197g\/Solsk%C3%A4rStugor\/\"]}]},{\"@type\":\"BreadcrumbList\",\"@id\":\"https:\/\/studenter.miun.se\/~pibo1900\/writeable\/dt197g\/Solsk%C3%A4rStugor\/#breadcrumb\",\"itemListElement\":[{\"@type\":\"ListItem\",\"position\":1,\"name\":\"Home\",\"item\":\"https:\/\/studenter.miun.se\/~pibo1900\/writeable\/dt197g\/Solsk%C3%A4rStugor\/\"},{\"@type\":\"ListItem\",\"position\":2,\"name\":\"Startsida\"}]},{\"@type\":\"WebSite\",\"@id\":\"https:\/\/studenter.miun.se\/~pibo1900\/writeable\/dt197g\/Solsk%C3%A4rStugor\/#website\",\"url\":\"https:\/\/studenter.miun.se\/~pibo1900\/writeable\/dt197g\/Solsk%C3%A4rStugor\/\",\"name\":\"Solsk\u00e4r Stugor\",\"description\":\"Upplev den svenska sk\u00e4rg\u00e5rden\",\"publisher\":{\"@id\":\"https:\/\/studenter.miun.se\/~pibo1900\/writeable\/dt197g\/Solsk%C3%A4rStugor\/#organization\"},\"potentialAction\":[{\"@type\":\"SearchAction\",\"target\":{\"@type\":\"EntryPoint\",\"urlTemplate\":\"https:\/\/studenter.miun.se\/~pibo1900\/writeable\/dt197g\/Solsk%C3%A4rStugor\/?s={search_term_string}\"},\"query-input\":\"required name=search_term_string\"}],\"inLanguage\":\"en-US\"},{\"@type\":\"Organization\",\"@id\":\"https:\/\/studenter.miun.se\/~pibo1900\/writeable\/dt197g\/Solsk%C3%A4rStugor\/#organization\",\"name\":\"Solsk\u00e4r Stugor\",\"url\":\"https:\/\/studenter.miun.se\/~pibo1900\/writeable\/dt197g\/Solsk%C3%A4rStugor\/\",\"logo\":{\"@type\":\"ImageObject\",\"inLanguage\":\"en-US\",\"@id\":\"https:\/\/studenter.miun.se\/~pibo1900\/writeable\/dt197g\/Solsk%C3%A4rStugor\/#\/schema\/logo\/image\/\",\"url\":\"https:\/\/studenter.miun.se\/~pibo1900\/writeable\/dt197g\/Solsk%C3%A4rStugor\/wp-content\/uploads\/2022\/10\/Logo.png\",\"contentUrl\":\"https:\/\/studenter.miun.se\/~pibo1900\/writeable\/dt197g\/Solsk%C3%A4rStugor\/wp-content\/uploads\/2022\/10\/Logo.png\",\"width\":367,\"height\":225,\"caption\":\"Solsk\u00e4r Stugor\"},\"image\":{\"@id\":\"https:\/\/studenter.miun.se\/~pibo1900\/writeable\/dt197g\/Solsk%C3%A4rStugor\/#\/schema\/logo\/image\/\"}}]}<\/script>\n<!-- \/ Yoast SEO plugin. -->","yoast_head_json":{"title":"Startsida - Solsk\u00e4r Stugor","description":"Ta din semester ute i den svenska sk\u00e4rg\u00e5rden p\u00e5 Solsk\u00e4r. Upplev fantastiska dagar p\u00e5 den soliga \u00f6n. Boka en stuga och k\u00e4nn lugnet fr\u00e5n havet.","robots":{"index":"index","follow":"follow","max-snippet":"max-snippet:-1","max-image-preview":"max-image-preview:large","max-video-preview":"max-video-preview:-1"},"canonical":"https:\/\/studenter.miun.se\/~pibo1900\/writeable\/dt197g\/Solsk\u00e4rStugor\/","og_locale":"en_US","og_type":"article","og_title":"Startsida - Solsk\u00e4r Stugor","og_description":"Ta din semester ute i den svenska sk\u00e4rg\u00e5rden p\u00e5 Solsk\u00e4r. Upplev fantastiska dagar p\u00e5 den soliga \u00f6n. Boka en stuga och k\u00e4nn lugnet fr\u00e5n havet.","og_url":"https:\/\/studenter.miun.se\/~pibo1900\/writeable\/dt197g\/Solsk\u00e4rStugor\/","og_site_name":"Solsk\u00e4r Stugor","article_modified_time":"2022-10-29T14:40:17+00:00","twitter_card":"summary_large_image","twitter_misc":{"Est. reading time":"1 minute"},"schema":{"@context":"https:\/\/schema.org","@graph":[{"@type":"WebPage","@id":"https:\/\/studenter.miun.se\/~pibo1900\/writeable\/dt197g\/Solsk%C3%A4rStugor\/","url":"https:\/\/studenter.miun.se\/~pibo1900\/writeable\/dt197g\/Solsk%C3%A4rStugor\/","name":"Startsida - Solsk\u00e4r Stugor","isPartOf":{"@id":"https:\/\/studenter.miun.se\/~pibo1900\/writeable\/dt197g\/Solsk%C3%A4rStugor\/#website"},"datePublished":"2022-10-29T06:30:32+00:00","dateModified":"2022-10-29T14:40:17+00:00","description":"Ta din semester ute i den svenska sk\u00e4rg\u00e5rden p\u00e5 Solsk\u00e4r. Upplev fantastiska dagar p\u00e5 den soliga \u00f6n. Boka en stuga och k\u00e4nn lugnet fr\u00e5n havet.","breadcrumb":{"@id":"https:\/\/studenter.miun.se\/~pibo1900\/writeable\/dt197g\/Solsk%C3%A4rStugor\/#breadcrumb"},"inLanguage":"en-US","potentialAction":[{"@type":"ReadAction","target":["https:\/\/studenter.miun.se\/~pibo1900\/writeable\/dt197g\/Solsk%C3%A4rStugor\/"]}]},{"@type":"BreadcrumbList","@id":"https:\/\/studenter.miun.se\/~pibo1900\/writeable\/dt197g\/Solsk%C3%A4rStugor\/#breadcrumb","itemListElement":[{"@type":"ListItem","position":1,"name":"Home","item":"https:\/\/studenter.miun.se\/~pibo1900\/writeable\/dt197g\/Solsk%C3%A4rStugor\/"},{"@type":"ListItem","position":2,"name":"Startsida"}]},{"@type":"WebSite","@id":"https:\/\/studenter.miun.se\/~pibo1900\/writeable\/dt197g\/Solsk%C3%A4rStugor\/#website","url":"https:\/\/studenter.miun.se\/~pibo1900\/writeable\/dt197g\/Solsk%C3%A4rStugor\/","name":"Solsk\u00e4r Stugor","description":"Upplev den svenska sk\u00e4rg\u00e5rden","publisher":{"@id":"https:\/\/studenter.miun.se\/~pibo1900\/writeable\/dt197g\/Solsk%C3%A4rStugor\/#organization"},"potentialAction":[{"@type":"SearchAction","target":{"@type":"EntryPoint","urlTemplate":"https:\/\/studenter.miun.se\/~pibo1900\/writeable\/dt197g\/Solsk%C3%A4rStugor\/?s={search_term_string}"},"query-input":"required name=search_term_string"}],"inLanguage":"en-US"},{"@type":"Organization","@id":"https:\/\/studenter.miun.se\/~pibo1900\/writeable\/dt197g\/Solsk%C3%A4rStugor\/#organization","name":"Solsk\u00e4r Stugor","url":"https:\/\/studenter.miun.se\/~pibo1900\/writeable\/dt197g\/Solsk%C3%A4rStugor\/","logo":{"@type":"ImageObject","inLanguage":"en-US","@id":"https:\/\/studenter.miun.se\/~pibo1900\/writeable\/dt197g\/Solsk%C3%A4rStugor\/#\/schema\/logo\/image\/","url":"https:\/\/studenter.miun.se\/~pibo1900\/writeable\/dt197g\/Solsk%C3%A4rStugor\/wp-content\/uploads\/2022\/10\/Logo.png","contentUrl":"https:\/\/studenter.miun.se\/~pibo1900\/writeable\/dt197g\/Solsk%C3%A4rStugor\/wp-content\/uploads\/2022\/10\/Logo.png","width":367,"height":225,"caption":"Solsk\u00e4r Stugor"},"image":{"@id":"https:\/\/studenter.miun.se\/~pibo1900\/writeable\/dt197g\/Solsk%C3%A4rStugor\/#\/schema\/logo\/image\/"}}]}},"_links":{"self":[{"href":"https:\/\/studenter.miun.se\/~pibo1900\/writeable\/dt197g\/Solsk%C3%A4rStugor\/wp-json\/wp\/v2\/pages\/21"}],"collection":[{"href":"https:\/\/studenter.miun.se\/~pibo1900\/writeable\/dt197g\/Solsk%C3%A4rStugor\/wp-json\/wp\/v2\/pages"}],"about":[{"href":"https:\/\/studenter.miun.se\/~pibo1900\/writeable\/dt197g\/Solsk%C3%A4rStugor\/wp-json\/wp\/v2\/types\/page"}],"author":[{"embeddable":true,"href":"https:\/\/studenter.miun.se\/~pibo1900\/writeable\/dt197g\/Solsk%C3%A4rStugor\/wp-json\/wp\/v2\/users\/1"}],"replies":[{"embeddable":true,"href":"https:\/\/studenter.miun.se\/~pibo1900\/writeable\/dt197g\/Solsk%C3%A4rStugor\/wp-json\/wp\/v2\/comments?post=21"}],"version-history":[{"count":5,"href":"https:\/\/studenter.miun.se\/~pibo1900\/writeable\/dt197g\/Solsk%C3%A4rStugor\/wp-json\/wp\/v2\/pages\/21\/revisions"}],"predecessor-version":[{"id":104,"href":"https:\/\/studenter.miun.se\/~pibo1900\/writeable\/dt197g\/Solsk%C3%A4rStugor\/wp-json\/wp\/v2\/pages\/21\/revisions\/104"}],"wp:attachment":[{"href":"https:\/\/studenter.miun.se\/~pibo1900\/writeable\/dt197g\/Solsk%C3%A4rStugor\/wp-json\/wp\/v2\/media?parent=21"}],"curies":[{"name":"wp","href":"https:\/\/api.w.org\/{rel}","templated":true}]}}