{"id":26,"date":"2022-10-29T08:31:47","date_gmt":"2022-10-29T06:31:47","guid":{"rendered":"https:\/\/studenter.miun.se\/~pibo1900\/writeable\/dt197g\/Solsk%C3%A4rStugor\/?page_id=26"},"modified":"2022-10-29T18:33:01","modified_gmt":"2022-10-29T16:33:01","slug":"aktiviteter","status":"publish","type":"page","link":"https:\/\/studenter.miun.se\/~pibo1900\/writeable\/dt197g\/Solsk%C3%A4rStugor\/aktiviteter\/","title":{"rendered":"Aktiviteter"},"content":{"rendered":"\n<p>P\u00e5 Solsk\u00e4r finns alltid gott om m\u00f6jlighet f\u00f6r aktiviteter, vare sig ni v\u00e4ljer att aktivera er p\u00e5 egen hand eller om ni vill boka n\u00e5gon av v\u00e5ra arrangerade aktiviteter. H\u00e4r ser ni v\u00e5rt utbud av arrangerade aktiviteter.<\/p>\n","protected":false},"excerpt":{"rendered":"<p>P\u00e5 Solsk\u00e4r finns alltid gott om m\u00f6jlighet f\u00f6r aktiviteter, vare sig ni v\u00e4ljer att aktivera er p\u00e5 egen hand eller om ni vill boka n\u00e5gon av v\u00e5ra arrangerade aktiviteter. H\u00e4r ser ni v\u00e5rt utbud av arrangerade aktiviteter.<\/p>\n","protected":false},"author":1,"featured_media":62,"parent":0,"menu_order":0,"comment_status":"closed","ping_status":"closed","template":"","meta":[],"yoast_head":"<!-- This site is optimized with the Yoast SEO plugin v19.9 - https:\/\/yoast.com\/wordpress\/plugins\/seo\/ -->\n<title>Aktiviteter - Solsk\u00e4r Stugor<\/title>\n<meta name=\"description\" content=\"Se vilka aktiviteter som finns att g\u00f6ra p\u00e5 Solsk\u00e4r - guidad eller p\u00e5 egen hand. B\u00e5tturer, h\u00e4stridning, vandringsturer, med mera.\" \/>\n<meta name=\"robots\" content=\"index, follow, max-snippet:-1, max-image-preview:large, max-video-preview:-1\" \/>\n<link rel=\"canonical\" href=\"https:\/\/studenter.miun.se\/~pibo1900\/writeable\/dt197g\/Solsk\u00e4rStugor\/aktiviteter\/\" \/>\n<meta property=\"og:locale\" content=\"en_US\" \/>\n<meta property=\"og:type\" content=\"article\" \/>\n<meta property=\"og:title\" content=\"Aktiviteter - Solsk\u00e4r Stugor\" \/>\n<meta property=\"og:description\" content=\"Se vilka aktiviteter som finns att g\u00f6ra p\u00e5 Solsk\u00e4r - guidad eller p\u00e5 egen hand. B\u00e5tturer, h\u00e4stridning, vandringsturer, med mera.\" \/>\n<meta property=\"og:url\" content=\"https:\/\/studenter.miun.se\/~pibo1900\/writeable\/dt197g\/Solsk\u00e4rStugor\/aktiviteter\/\" \/>\n<meta property=\"og:site_name\" content=\"Solsk\u00e4r Stugor\" \/>\n<meta property=\"article:modified_time\" content=\"2022-10-29T16:33:01+00:00\" \/>\n<meta property=\"og:image\" content=\"https:\/\/studenter.miun.se\/~pibo1900\/writeable\/dt197g\/Solsk%C3%A4rStugor\/wp-content\/uploads\/2022\/10\/aktiviteter.jpg\" \/>\n\t<meta property=\"og:image:width\" content=\"1291\" \/>\n\t<meta property=\"og:image:height\" content=\"861\" \/>\n\t<meta property=\"og:image:type\" content=\"image\/jpeg\" \/>\n<meta name=\"twitter:card\" content=\"summary_large_image\" \/>\n<meta name=\"twitter:label1\" content=\"Est. reading time\" \/>\n\t<meta name=\"twitter:data1\" content=\"1 minute\" \/>\n<script type=\"application\/ld+json\" class=\"yoast-schema-graph\">{\"@context\":\"https:\/\/schema.org\",\"@graph\":[{\"@type\":\"WebPage\",\"@id\":\"https:\/\/studenter.miun.se\/~pibo1900\/writeable\/dt197g\/Solsk%C3%A4rStugor\/aktiviteter\/\",\"url\":\"https:\/\/studenter.miun.se\/~pibo1900\/writeable\/dt197g\/Solsk%C3%A4rStugor\/aktiviteter\/\",\"name\":\"Aktiviteter - Solsk\u00e4r Stugor\",\"isPartOf\":{\"@id\":\"https:\/\/studenter.miun.se\/~pibo1900\/writeable\/dt197g\/Solsk%C3%A4rStugor\/#website\"},\"datePublished\":\"2022-10-29T06:31:47+00:00\",\"dateModified\":\"2022-10-29T16:33:01+00:00\",\"description\":\"Se vilka aktiviteter som finns att g\u00f6ra p\u00e5 Solsk\u00e4r - guidad eller p\u00e5 egen hand. B\u00e5tturer, h\u00e4stridning, vandringsturer, med mera.\",\"breadcrumb\":{\"@id\":\"https:\/\/studenter.miun.se\/~pibo1900\/writeable\/dt197g\/Solsk%C3%A4rStugor\/aktiviteter\/#breadcrumb\"},\"inLanguage\":\"en-US\",\"potentialAction\":[{\"@type\":\"ReadAction\",\"target\":[\"https:\/\/studenter.miun.se\/~pibo1900\/writeable\/dt197g\/Solsk%C3%A4rStugor\/aktiviteter\/\"]}]},{\"@type\":\"BreadcrumbList\",\"@id\":\"https:\/\/studenter.miun.se\/~pibo1900\/writeable\/dt197g\/Solsk%C3%A4rStugor\/aktiviteter\/#breadcrumb\",\"itemListElement\":[{\"@type\":\"ListItem\",\"position\":1,\"name\":\"Home\",\"item\":\"https:\/\/studenter.miun.se\/~pibo1900\/writeable\/dt197g\/Solsk%C3%A4rStugor\/\"},{\"@type\":\"ListItem\",\"position\":2,\"name\":\"Aktiviteter\"}]},{\"@type\":\"WebSite\",\"@id\":\"https:\/\/studenter.miun.se\/~pibo1900\/writeable\/dt197g\/Solsk%C3%A4rStugor\/#website\",\"url\":\"https:\/\/studenter.miun.se\/~pibo1900\/writeable\/dt197g\/Solsk%C3%A4rStugor\/\",\"name\":\"Solsk\u00e4r Stugor\",\"description\":\"Upplev den svenska sk\u00e4rg\u00e5rden\",\"publisher\":{\"@id\":\"https:\/\/studenter.miun.se\/~pibo1900\/writeable\/dt197g\/Solsk%C3%A4rStugor\/#organization\"},\"potentialAction\":[{\"@type\":\"SearchAction\",\"target\":{\"@type\":\"EntryPoint\",\"urlTemplate\":\"https:\/\/studenter.miun.se\/~pibo1900\/writeable\/dt197g\/Solsk%C3%A4rStugor\/?s={search_term_string}\"},\"query-input\":\"required name=search_term_string\"}],\"inLanguage\":\"en-US\"},{\"@type\":\"Organization\",\"@id\":\"https:\/\/studenter.miun.se\/~pibo1900\/writeable\/dt197g\/Solsk%C3%A4rStugor\/#organization\",\"name\":\"Solsk\u00e4r Stugor\",\"url\":\"https:\/\/studenter.miun.se\/~pibo1900\/writeable\/dt197g\/Solsk%C3%A4rStugor\/\",\"logo\":{\"@type\":\"ImageObject\",\"inLanguage\":\"en-US\",\"@id\":\"https:\/\/studenter.miun.se\/~pibo1900\/writeable\/dt197g\/Solsk%C3%A4rStugor\/#\/schema\/logo\/image\/\",\"url\":\"https:\/\/studenter.miun.se\/~pibo1900\/writeable\/dt197g\/Solsk%C3%A4rStugor\/wp-content\/uploads\/2022\/10\/Logo.png\",\"contentUrl\":\"https:\/\/studenter.miun.se\/~pibo1900\/writeable\/dt197g\/Solsk%C3%A4rStugor\/wp-content\/uploads\/2022\/10\/Logo.png\",\"width\":367,\"height\":225,\"caption\":\"Solsk\u00e4r Stugor\"},\"image\":{\"@id\":\"https:\/\/studenter.miun.se\/~pibo1900\/writeable\/dt197g\/Solsk%C3%A4rStugor\/#\/schema\/logo\/image\/\"}}]}<\/script>\n<!-- \/ Yoast SEO plugin. -->","yoast_head_json":{"title":"Aktiviteter - Solsk\u00e4r Stugor","description":"Se vilka aktiviteter som finns att g\u00f6ra p\u00e5 Solsk\u00e4r - guidad eller p\u00e5 egen hand. B\u00e5tturer, h\u00e4stridning, vandringsturer, med mera.","robots":{"index":"index","follow":"follow","max-snippet":"max-snippet:-1","max-image-preview":"max-image-preview:large","max-video-preview":"max-video-preview:-1"},"canonical":"https:\/\/studenter.miun.se\/~pibo1900\/writeable\/dt197g\/Solsk\u00e4rStugor\/aktiviteter\/","og_locale":"en_US","og_type":"article","og_title":"Aktiviteter - Solsk\u00e4r Stugor","og_description":"Se vilka aktiviteter som finns att g\u00f6ra p\u00e5 Solsk\u00e4r - guidad eller p\u00e5 egen hand. B\u00e5tturer, h\u00e4stridning, vandringsturer, med mera.","og_url":"https:\/\/studenter.miun.se\/~pibo1900\/writeable\/dt197g\/Solsk\u00e4rStugor\/aktiviteter\/","og_site_name":"Solsk\u00e4r Stugor","article_modified_time":"2022-10-29T16:33:01+00:00","og_image":[{"width":1291,"height":861,"url":"https:\/\/studenter.miun.se\/~pibo1900\/writeable\/dt197g\/Solsk%C3%A4rStugor\/wp-content\/uploads\/2022\/10\/aktiviteter.jpg","type":"image\/jpeg"}],"twitter_card":"summary_large_image","twitter_misc":{"Est. reading time":"1 minute"},"schema":{"@context":"https:\/\/schema.org","@graph":[{"@type":"WebPage","@id":"https:\/\/studenter.miun.se\/~pibo1900\/writeable\/dt197g\/Solsk%C3%A4rStugor\/aktiviteter\/","url":"https:\/\/studenter.miun.se\/~pibo1900\/writeable\/dt197g\/Solsk%C3%A4rStugor\/aktiviteter\/","name":"Aktiviteter - Solsk\u00e4r Stugor","isPartOf":{"@id":"https:\/\/studenter.miun.se\/~pibo1900\/writeable\/dt197g\/Solsk%C3%A4rStugor\/#website"},"datePublished":"2022-10-29T06:31:47+00:00","dateModified":"2022-10-29T16:33:01+00:00","description":"Se vilka aktiviteter som finns att g\u00f6ra p\u00e5 Solsk\u00e4r - guidad eller p\u00e5 egen hand. B\u00e5tturer, h\u00e4stridning, vandringsturer, med mera.","breadcrumb":{"@id":"https:\/\/studenter.miun.se\/~pibo1900\/writeable\/dt197g\/Solsk%C3%A4rStugor\/aktiviteter\/#breadcrumb"},"inLanguage":"en-US","potentialAction":[{"@type":"ReadAction","target":["https:\/\/studenter.miun.se\/~pibo1900\/writeable\/dt197g\/Solsk%C3%A4rStugor\/aktiviteter\/"]}]},{"@type":"BreadcrumbList","@id":"https:\/\/studenter.miun.se\/~pibo1900\/writeable\/dt197g\/Solsk%C3%A4rStugor\/aktiviteter\/#breadcrumb","itemListElement":[{"@type":"ListItem","position":1,"name":"Home","item":"https:\/\/studenter.miun.se\/~pibo1900\/writeable\/dt197g\/Solsk%C3%A4rStugor\/"},{"@type":"ListItem","position":2,"name":"Aktiviteter"}]},{"@type":"WebSite","@id":"https:\/\/studenter.miun.se\/~pibo1900\/writeable\/dt197g\/Solsk%C3%A4rStugor\/#website","url":"https:\/\/studenter.miun.se\/~pibo1900\/writeable\/dt197g\/Solsk%C3%A4rStugor\/","name":"Solsk\u00e4r Stugor","description":"Upplev den svenska sk\u00e4rg\u00e5rden","publisher":{"@id":"https:\/\/studenter.miun.se\/~pibo1900\/writeable\/dt197g\/Solsk%C3%A4rStugor\/#organization"},"potentialAction":[{"@type":"SearchAction","target":{"@type":"EntryPoint","urlTemplate":"https:\/\/studenter.miun.se\/~pibo1900\/writeable\/dt197g\/Solsk%C3%A4rStugor\/?s={search_term_string}"},"query-input":"required name=search_term_string"}],"inLanguage":"en-US"},{"@type":"Organization","@id":"https:\/\/studenter.miun.se\/~pibo1900\/writeable\/dt197g\/Solsk%C3%A4rStugor\/#organization","name":"Solsk\u00e4r Stugor","url":"https:\/\/studenter.miun.se\/~pibo1900\/writeable\/dt197g\/Solsk%C3%A4rStugor\/","logo":{"@type":"ImageObject","inLanguage":"en-US","@id":"https:\/\/studenter.miun.se\/~pibo1900\/writeable\/dt197g\/Solsk%C3%A4rStugor\/#\/schema\/logo\/image\/","url":"https:\/\/studenter.miun.se\/~pibo1900\/writeable\/dt197g\/Solsk%C3%A4rStugor\/wp-content\/uploads\/2022\/10\/Logo.png","contentUrl":"https:\/\/studenter.miun.se\/~pibo1900\/writeable\/dt197g\/Solsk%C3%A4rStugor\/wp-content\/uploads\/2022\/10\/Logo.png","width":367,"height":225,"caption":"Solsk\u00e4r Stugor"},"image":{"@id":"https:\/\/studenter.miun.se\/~pibo1900\/writeable\/dt197g\/Solsk%C3%A4rStugor\/#\/schema\/logo\/image\/"}}]}},"_links":{"self":[{"href":"https:\/\/studenter.miun.se\/~pibo1900\/writeable\/dt197g\/Solsk%C3%A4rStugor\/wp-json\/wp\/v2\/pages\/26"}],"collection":[{"href":"https:\/\/studenter.miun.se\/~pibo1900\/writeable\/dt197g\/Solsk%C3%A4rStugor\/wp-json\/wp\/v2\/pages"}],"about":[{"href":"https:\/\/studenter.miun.se\/~pibo1900\/writeable\/dt197g\/Solsk%C3%A4rStugor\/wp-json\/wp\/v2\/types\/page"}],"author":[{"embeddable":true,"href":"https:\/\/studenter.miun.se\/~pibo1900\/writeable\/dt197g\/Solsk%C3%A4rStugor\/wp-json\/wp\/v2\/users\/1"}],"replies":[{"embeddable":true,"href":"https:\/\/studenter.miun.se\/~pibo1900\/writeable\/dt197g\/Solsk%C3%A4rStugor\/wp-json\/wp\/v2\/comments?post=26"}],"version-history":[{"count":1,"href":"https:\/\/studenter.miun.se\/~pibo1900\/writeable\/dt197g\/Solsk%C3%A4rStugor\/wp-json\/wp\/v2\/pages\/26\/revisions"}],"predecessor-version":[{"id":27,"href":"https:\/\/studenter.miun.se\/~pibo1900\/writeable\/dt197g\/Solsk%C3%A4rStugor\/wp-json\/wp\/v2\/pages\/26\/revisions\/27"}],"wp:featuredmedia":[{"embeddable":true,"href":"https:\/\/studenter.miun.se\/~pibo1900\/writeable\/dt197g\/Solsk%C3%A4rStugor\/wp-json\/wp\/v2\/media\/62"}],"wp:attachment":[{"href":"https:\/\/studenter.miun.se\/~pibo1900\/writeable\/dt197g\/Solsk%C3%A4rStugor\/wp-json\/wp\/v2\/media?parent=26"}],"curies":[{"name":"wp","href":"https:\/\/api.w.org\/{rel}","templated":true}]}}