{"id":30,"date":"2022-10-29T08:34:23","date_gmt":"2022-10-29T06:34:23","guid":{"rendered":"https:\/\/studenter.miun.se\/~pibo1900\/writeable\/dt197g\/Solsk%C3%A4rStugor\/?page_id=30"},"modified":"2022-10-29T11:35:26","modified_gmt":"2022-10-29T09:35:26","slug":"kontakt","status":"publish","type":"page","link":"https:\/\/studenter.miun.se\/~pibo1900\/writeable\/dt197g\/Solsk%C3%A4rStugor\/kontakt\/","title":{"rendered":"Kontakt"},"content":{"rendered":"\n<p>Om du har n\u00e5gra fr\u00e5gor eller funderingar \u00e4r du varmt v\u00e4lkommen att anv\u00e4nda formul\u00e4ret nedan. Vi kommer att svara dig p\u00e5 din e-post inom 3 dagar.<\/p>\n\n\n<div class=\"wpforms-container wpforms-container-full\" id=\"wpforms-65\"><form id=\"wpforms-form-65\" class=\"wpforms-validate wpforms-form wpforms-ajax-form\" data-formid=\"65\" method=\"post\" enctype=\"multipart\/form-data\" action=\"\/~pibo1900\/writeable\/dt197g\/Solsk%C3%A4rStugor\/wp-json\/wp\/v2\/pages\/30\" data-token=\"0241c5fa34ee72e4303e56bd2ebcf3cb\"><noscript class=\"wpforms-error-noscript\">Please enable JavaScript in your browser to complete this form.<\/noscript><div class=\"wpforms-field-container\"><div id=\"wpforms-65-field_1-container\" class=\"wpforms-field wpforms-field-name\" data-field-id=\"1\"><label class=\"wpforms-field-label\" for=\"wpforms-65-field_1\">Namn <span class=\"wpforms-required-label\">*<\/span><\/label><div class=\"wpforms-field-row wpforms-field-large\"><div class=\"wpforms-field-row-block wpforms-first wpforms-one-half\"><input type=\"text\" id=\"wpforms-65-field_1\" class=\"wpforms-field-name-first wpforms-field-required\" name=\"wpforms[fields][1][first]\" placeholder=\"F\u00f6rnamn\" required><label for=\"wpforms-65-field_1\" class=\"wpforms-field-sublabel after wpforms-sublabel-hide\">First<\/label><\/div><div class=\"wpforms-field-row-block wpforms-one-half\"><input type=\"text\" id=\"wpforms-65-field_1-last\" class=\"wpforms-field-name-last wpforms-field-required\" name=\"wpforms[fields][1][last]\" placeholder=\"Efternamn\" required><label for=\"wpforms-65-field_1-last\" class=\"wpforms-field-sublabel after wpforms-sublabel-hide\">Last<\/label><\/div><\/div><\/div><div id=\"wpforms-65-field_2-container\" class=\"wpforms-field wpforms-field-email\" data-field-id=\"2\"><label class=\"wpforms-field-label\" for=\"wpforms-65-field_2\">E-post <span class=\"wpforms-required-label\">*<\/span><\/label><input type=\"email\" id=\"wpforms-65-field_2\" class=\"wpforms-field-large wpforms-field-required\" name=\"wpforms[fields][2]\" required><\/div><div id=\"wpforms-65-field_3-container\" class=\"wpforms-field wpforms-field-textarea\" data-field-id=\"3\"><label class=\"wpforms-field-label\" for=\"wpforms-65-field_3\">Meddelande <span class=\"wpforms-required-label\">*<\/span><\/label><textarea id=\"wpforms-65-field_3\" class=\"wpforms-field-medium wpforms-field-required\" name=\"wpforms[fields][3]\" required><\/textarea><\/div><\/div><div class=\"wpforms-submit-container\"><input type=\"hidden\" name=\"wpforms[id]\" value=\"65\"><input type=\"hidden\" name=\"wpforms[author]\" value=\"1\"><button type=\"submit\" name=\"wpforms[submit]\" id=\"wpforms-submit-65\" class=\"wpforms-submit\" data-alt-text=\"Skickar...\" data-submit-text=\"Skicka\" aria-live=\"assertive\" value=\"wpforms-submit\">Skicka<\/button><img src=\"https:\/\/studenter.miun.se\/~pibo1900\/writeable\/dt197g\/Solsk%C3%A4rStugor\/wp-content\/plugins\/wpforms-lite\/assets\/images\/submit-spin.svg\" class=\"wpforms-submit-spinner\" style=\"display: none;\" width=\"26\" height=\"26\" alt=\"Loading\"><\/div><\/form><\/div>  <!-- .wpforms-container -->","protected":false},"excerpt":{"rendered":"<p>Om du har n\u00e5gra fr\u00e5gor eller funderingar \u00e4r du varmt v\u00e4lkommen att anv\u00e4nda formul\u00e4ret nedan. Vi kommer att svara dig p\u00e5 din e-post inom 3 dagar.<\/p>\n","protected":false},"author":1,"featured_media":58,"parent":0,"menu_order":0,"comment_status":"closed","ping_status":"closed","template":"","meta":[],"yoast_head":"<!-- This site is optimized with the Yoast SEO plugin v19.9 - https:\/\/yoast.com\/wordpress\/plugins\/seo\/ -->\n<title>Kontakt - Solsk\u00e4r Stugor<\/title>\n<meta name=\"robots\" content=\"index, follow, max-snippet:-1, max-image-preview:large, max-video-preview:-1\" \/>\n<link rel=\"canonical\" href=\"https:\/\/studenter.miun.se\/~pibo1900\/writeable\/dt197g\/Solsk\u00e4rStugor\/kontakt\/\" \/>\n<meta property=\"og:locale\" content=\"en_US\" \/>\n<meta property=\"og:type\" content=\"article\" \/>\n<meta property=\"og:title\" content=\"Kontakt - Solsk\u00e4r Stugor\" \/>\n<meta property=\"og:description\" content=\"Om du har n\u00e5gra fr\u00e5gor eller funderingar \u00e4r du varmt v\u00e4lkommen att anv\u00e4nda formul\u00e4ret nedan. Vi kommer att svara dig p\u00e5 din e-post inom 3 dagar.\" \/>\n<meta property=\"og:url\" content=\"https:\/\/studenter.miun.se\/~pibo1900\/writeable\/dt197g\/Solsk\u00e4rStugor\/kontakt\/\" \/>\n<meta property=\"og:site_name\" content=\"Solsk\u00e4r Stugor\" \/>\n<meta property=\"article:modified_time\" content=\"2022-10-29T09:35:26+00:00\" \/>\n<meta property=\"og:image\" content=\"https:\/\/studenter.miun.se\/~pibo1900\/writeable\/dt197g\/Solsk%C3%A4rStugor\/wp-content\/uploads\/2022\/10\/header.jpg\" \/>\n\t<meta property=\"og:image:width\" content=\"1920\" \/>\n\t<meta property=\"og:image:height\" content=\"800\" \/>\n\t<meta property=\"og:image:type\" content=\"image\/jpeg\" \/>\n<meta name=\"twitter:card\" content=\"summary_large_image\" \/>\n<script type=\"application\/ld+json\" class=\"yoast-schema-graph\">{\"@context\":\"https:\/\/schema.org\",\"@graph\":[{\"@type\":\"WebPage\",\"@id\":\"https:\/\/studenter.miun.se\/~pibo1900\/writeable\/dt197g\/Solsk%C3%A4rStugor\/kontakt\/\",\"url\":\"https:\/\/studenter.miun.se\/~pibo1900\/writeable\/dt197g\/Solsk%C3%A4rStugor\/kontakt\/\",\"name\":\"Kontakt - Solsk\u00e4r Stugor\",\"isPartOf\":{\"@id\":\"https:\/\/studenter.miun.se\/~pibo1900\/writeable\/dt197g\/Solsk%C3%A4rStugor\/#website\"},\"datePublished\":\"2022-10-29T06:34:23+00:00\",\"dateModified\":\"2022-10-29T09:35:26+00:00\",\"breadcrumb\":{\"@id\":\"https:\/\/studenter.miun.se\/~pibo1900\/writeable\/dt197g\/Solsk%C3%A4rStugor\/kontakt\/#breadcrumb\"},\"inLanguage\":\"en-US\",\"potentialAction\":[{\"@type\":\"ReadAction\",\"target\":[\"https:\/\/studenter.miun.se\/~pibo1900\/writeable\/dt197g\/Solsk%C3%A4rStugor\/kontakt\/\"]}]},{\"@type\":\"BreadcrumbList\",\"@id\":\"https:\/\/studenter.miun.se\/~pibo1900\/writeable\/dt197g\/Solsk%C3%A4rStugor\/kontakt\/#breadcrumb\",\"itemListElement\":[{\"@type\":\"ListItem\",\"position\":1,\"name\":\"Home\",\"item\":\"https:\/\/studenter.miun.se\/~pibo1900\/writeable\/dt197g\/Solsk%C3%A4rStugor\/\"},{\"@type\":\"ListItem\",\"position\":2,\"name\":\"Kontakt\"}]},{\"@type\":\"WebSite\",\"@id\":\"https:\/\/studenter.miun.se\/~pibo1900\/writeable\/dt197g\/Solsk%C3%A4rStugor\/#website\",\"url\":\"https:\/\/studenter.miun.se\/~pibo1900\/writeable\/dt197g\/Solsk%C3%A4rStugor\/\",\"name\":\"Solsk\u00e4r Stugor\",\"description\":\"Upplev den svenska sk\u00e4rg\u00e5rden\",\"publisher\":{\"@id\":\"https:\/\/studenter.miun.se\/~pibo1900\/writeable\/dt197g\/Solsk%C3%A4rStugor\/#organization\"},\"potentialAction\":[{\"@type\":\"SearchAction\",\"target\":{\"@type\":\"EntryPoint\",\"urlTemplate\":\"https:\/\/studenter.miun.se\/~pibo1900\/writeable\/dt197g\/Solsk%C3%A4rStugor\/?s={search_term_string}\"},\"query-input\":\"required name=search_term_string\"}],\"inLanguage\":\"en-US\"},{\"@type\":\"Organization\",\"@id\":\"https:\/\/studenter.miun.se\/~pibo1900\/writeable\/dt197g\/Solsk%C3%A4rStugor\/#organization\",\"name\":\"Solsk\u00e4r Stugor\",\"url\":\"https:\/\/studenter.miun.se\/~pibo1900\/writeable\/dt197g\/Solsk%C3%A4rStugor\/\",\"logo\":{\"@type\":\"ImageObject\",\"inLanguage\":\"en-US\",\"@id\":\"https:\/\/studenter.miun.se\/~pibo1900\/writeable\/dt197g\/Solsk%C3%A4rStugor\/#\/schema\/logo\/image\/\",\"url\":\"https:\/\/studenter.miun.se\/~pibo1900\/writeable\/dt197g\/Solsk%C3%A4rStugor\/wp-content\/uploads\/2022\/10\/Logo.png\",\"contentUrl\":\"https:\/\/studenter.miun.se\/~pibo1900\/writeable\/dt197g\/Solsk%C3%A4rStugor\/wp-content\/uploads\/2022\/10\/Logo.png\",\"width\":367,\"height\":225,\"caption\":\"Solsk\u00e4r Stugor\"},\"image\":{\"@id\":\"https:\/\/studenter.miun.se\/~pibo1900\/writeable\/dt197g\/Solsk%C3%A4rStugor\/#\/schema\/logo\/image\/\"}}]}<\/script>\n<!-- \/ Yoast SEO plugin. -->","yoast_head_json":{"title":"Kontakt - Solsk\u00e4r Stugor","robots":{"index":"index","follow":"follow","max-snippet":"max-snippet:-1","max-image-preview":"max-image-preview:large","max-video-preview":"max-video-preview:-1"},"canonical":"https:\/\/studenter.miun.se\/~pibo1900\/writeable\/dt197g\/Solsk\u00e4rStugor\/kontakt\/","og_locale":"en_US","og_type":"article","og_title":"Kontakt - Solsk\u00e4r Stugor","og_description":"Om du har n\u00e5gra fr\u00e5gor eller funderingar \u00e4r du varmt v\u00e4lkommen att anv\u00e4nda formul\u00e4ret nedan. Vi kommer att svara dig p\u00e5 din e-post inom 3 dagar.","og_url":"https:\/\/studenter.miun.se\/~pibo1900\/writeable\/dt197g\/Solsk\u00e4rStugor\/kontakt\/","og_site_name":"Solsk\u00e4r Stugor","article_modified_time":"2022-10-29T09:35:26+00:00","og_image":[{"width":1920,"height":800,"url":"https:\/\/studenter.miun.se\/~pibo1900\/writeable\/dt197g\/Solsk%C3%A4rStugor\/wp-content\/uploads\/2022\/10\/header.jpg","type":"image\/jpeg"}],"twitter_card":"summary_large_image","schema":{"@context":"https:\/\/schema.org","@graph":[{"@type":"WebPage","@id":"https:\/\/studenter.miun.se\/~pibo1900\/writeable\/dt197g\/Solsk%C3%A4rStugor\/kontakt\/","url":"https:\/\/studenter.miun.se\/~pibo1900\/writeable\/dt197g\/Solsk%C3%A4rStugor\/kontakt\/","name":"Kontakt - Solsk\u00e4r Stugor","isPartOf":{"@id":"https:\/\/studenter.miun.se\/~pibo1900\/writeable\/dt197g\/Solsk%C3%A4rStugor\/#website"},"datePublished":"2022-10-29T06:34:23+00:00","dateModified":"2022-10-29T09:35:26+00:00","breadcrumb":{"@id":"https:\/\/studenter.miun.se\/~pibo1900\/writeable\/dt197g\/Solsk%C3%A4rStugor\/kontakt\/#breadcrumb"},"inLanguage":"en-US","potentialAction":[{"@type":"ReadAction","target":["https:\/\/studenter.miun.se\/~pibo1900\/writeable\/dt197g\/Solsk%C3%A4rStugor\/kontakt\/"]}]},{"@type":"BreadcrumbList","@id":"https:\/\/studenter.miun.se\/~pibo1900\/writeable\/dt197g\/Solsk%C3%A4rStugor\/kontakt\/#breadcrumb","itemListElement":[{"@type":"ListItem","position":1,"name":"Home","item":"https:\/\/studenter.miun.se\/~pibo1900\/writeable\/dt197g\/Solsk%C3%A4rStugor\/"},{"@type":"ListItem","position":2,"name":"Kontakt"}]},{"@type":"WebSite","@id":"https:\/\/studenter.miun.se\/~pibo1900\/writeable\/dt197g\/Solsk%C3%A4rStugor\/#website","url":"https:\/\/studenter.miun.se\/~pibo1900\/writeable\/dt197g\/Solsk%C3%A4rStugor\/","name":"Solsk\u00e4r Stugor","description":"Upplev den svenska sk\u00e4rg\u00e5rden","publisher":{"@id":"https:\/\/studenter.miun.se\/~pibo1900\/writeable\/dt197g\/Solsk%C3%A4rStugor\/#organization"},"potentialAction":[{"@type":"SearchAction","target":{"@type":"EntryPoint","urlTemplate":"https:\/\/studenter.miun.se\/~pibo1900\/writeable\/dt197g\/Solsk%C3%A4rStugor\/?s={search_term_string}"},"query-input":"required name=search_term_string"}],"inLanguage":"en-US"},{"@type":"Organization","@id":"https:\/\/studenter.miun.se\/~pibo1900\/writeable\/dt197g\/Solsk%C3%A4rStugor\/#organization","name":"Solsk\u00e4r Stugor","url":"https:\/\/studenter.miun.se\/~pibo1900\/writeable\/dt197g\/Solsk%C3%A4rStugor\/","logo":{"@type":"ImageObject","inLanguage":"en-US","@id":"https:\/\/studenter.miun.se\/~pibo1900\/writeable\/dt197g\/Solsk%C3%A4rStugor\/#\/schema\/logo\/image\/","url":"https:\/\/studenter.miun.se\/~pibo1900\/writeable\/dt197g\/Solsk%C3%A4rStugor\/wp-content\/uploads\/2022\/10\/Logo.png","contentUrl":"https:\/\/studenter.miun.se\/~pibo1900\/writeable\/dt197g\/Solsk%C3%A4rStugor\/wp-content\/uploads\/2022\/10\/Logo.png","width":367,"height":225,"caption":"Solsk\u00e4r Stugor"},"image":{"@id":"https:\/\/studenter.miun.se\/~pibo1900\/writeable\/dt197g\/Solsk%C3%A4rStugor\/#\/schema\/logo\/image\/"}}]}},"_links":{"self":[{"href":"https:\/\/studenter.miun.se\/~pibo1900\/writeable\/dt197g\/Solsk%C3%A4rStugor\/wp-json\/wp\/v2\/pages\/30"}],"collection":[{"href":"https:\/\/studenter.miun.se\/~pibo1900\/writeable\/dt197g\/Solsk%C3%A4rStugor\/wp-json\/wp\/v2\/pages"}],"about":[{"href":"https:\/\/studenter.miun.se\/~pibo1900\/writeable\/dt197g\/Solsk%C3%A4rStugor\/wp-json\/wp\/v2\/types\/page"}],"author":[{"embeddable":true,"href":"https:\/\/studenter.miun.se\/~pibo1900\/writeable\/dt197g\/Solsk%C3%A4rStugor\/wp-json\/wp\/v2\/users\/1"}],"replies":[{"embeddable":true,"href":"https:\/\/studenter.miun.se\/~pibo1900\/writeable\/dt197g\/Solsk%C3%A4rStugor\/wp-json\/wp\/v2\/comments?post=30"}],"version-history":[{"count":3,"href":"https:\/\/studenter.miun.se\/~pibo1900\/writeable\/dt197g\/Solsk%C3%A4rStugor\/wp-json\/wp\/v2\/pages\/30\/revisions"}],"predecessor-version":[{"id":124,"href":"https:\/\/studenter.miun.se\/~pibo1900\/writeable\/dt197g\/Solsk%C3%A4rStugor\/wp-json\/wp\/v2\/pages\/30\/revisions\/124"}],"wp:featuredmedia":[{"embeddable":true,"href":"https:\/\/studenter.miun.se\/~pibo1900\/writeable\/dt197g\/Solsk%C3%A4rStugor\/wp-json\/wp\/v2\/media\/58"}],"wp:attachment":[{"href":"https:\/\/studenter.miun.se\/~pibo1900\/writeable\/dt197g\/Solsk%C3%A4rStugor\/wp-json\/wp\/v2\/media?parent=30"}],"curies":[{"name":"wp","href":"https:\/\/api.w.org\/{rel}","templated":true}]}}