{"id":144,"date":"2022-08-12T21:37:56","date_gmt":"2022-08-12T20:37:56","guid":{"rendered":"https:\/\/studenter.miun.se\/~sowi2102\/writeable\/wordpress\/?page_id=144"},"modified":"2022-08-16T20:17:19","modified_gmt":"2022-08-16T19:17:19","slug":"valkommen-till-annaboda-vandrarhotell","status":"publish","type":"page","link":"https:\/\/studenter.miun.se\/~sowi2102\/writeable\/wordpress\/","title":{"rendered":"V\u00e4lkommen till \u00c5nnaboda Vandrarhotell"},"content":{"rendered":"\n<p>Fr\u00e5n N\u00e4rkesl\u00e4tten reser sig de bl\u00e5 bergen, Kilsbergen, och du \u00e4r v\u00e4lkommen till \u00c5nnaboda Vandrarhotell som \u00e4r en bra utg\u00e5ngspunkt f\u00f6r att ta del av dess fantastiska natur f\u00f6r s\u00e5 v\u00e4l tr\u00e4ning som upplevelse. H\u00e4r kan du njuta av goda n\u00e4tters s\u00f6mn i rum av h\u00f6g standard som uppladdning inf\u00f6r nya \u00e4ventyr och som avkoppling efter avklarade triumfer.<\/p>\n","protected":false},"excerpt":{"rendered":"<p>Fr\u00e5n N\u00e4rkesl\u00e4tten reser sig de bl\u00e5 bergen, Kilsbergen, och du \u00e4r v\u00e4lkommen till \u00c5nnaboda Vandrarhotell som \u00e4r en bra utg\u00e5ngspunkt f\u00f6r att ta del av dess fantastiska natur f\u00f6r s\u00e5 [&hellip;]<\/p>\n","protected":false},"author":1,"featured_media":0,"parent":0,"menu_order":0,"comment_status":"closed","ping_status":"closed","template":"","meta":[],"yoast_head":"<!-- This site is optimized with the Yoast SEO plugin v19.5.1 - https:\/\/yoast.com\/wordpress\/plugins\/seo\/ -->\n<title>V\u00e4lkommen till \u00c5nnaboda Vandrarhotell<\/title>\n<meta name=\"description\" content=\"Fr\u00e5n N\u00e4rkesl\u00e4tten reser sig de bl\u00e5 bergen, Kilsbergen, och du \u00e4r v\u00e4lkommen till \u00c5nnaboda Vandrarhotell f\u00f6r att ta del av dess fantastiska natur.\" \/>\n<meta name=\"robots\" content=\"index, follow, max-snippet:-1, max-image-preview:large, max-video-preview:-1\" \/>\n<link rel=\"canonical\" href=\"https:\/\/studenter.miun.se\/~sowi2102\/writeable\/wordpress\/\" \/>\n<meta property=\"og:locale\" content=\"en_US\" \/>\n<meta property=\"og:type\" content=\"article\" \/>\n<meta property=\"og:title\" content=\"V\u00e4lkommen till \u00c5nnaboda Vandrarhotell\" \/>\n<meta property=\"og:description\" content=\"Fr\u00e5n N\u00e4rkesl\u00e4tten reser sig de bl\u00e5 bergen, Kilsbergen, och du \u00e4r v\u00e4lkommen till \u00c5nnaboda Vandrarhotell f\u00f6r att ta del av dess fantastiska natur.\" \/>\n<meta property=\"og:url\" content=\"https:\/\/studenter.miun.se\/~sowi2102\/writeable\/wordpress\/\" \/>\n<meta property=\"og:site_name\" content=\"\u00c5nnaboda Vandrarhotell\" \/>\n<meta property=\"article:modified_time\" content=\"2022-08-16T19:17:19+00:00\" \/>\n<meta name=\"twitter:card\" content=\"summary_large_image\" \/>\n<meta name=\"twitter:label1\" content=\"Est. reading time\" \/>\n\t<meta name=\"twitter:data1\" content=\"1 minute\" \/>\n<script type=\"application\/ld+json\" class=\"yoast-schema-graph\">{\"@context\":\"https:\/\/schema.org\",\"@graph\":[{\"@type\":\"WebPage\",\"@id\":\"https:\/\/studenter.miun.se\/~sowi2102\/writeable\/wordpress\/\",\"url\":\"https:\/\/studenter.miun.se\/~sowi2102\/writeable\/wordpress\/\",\"name\":\"V\u00e4lkommen till \u00c5nnaboda Vandrarhotell\",\"isPartOf\":{\"@id\":\"https:\/\/studenter.miun.se\/~sowi2102\/writeable\/wordpress\/#website\"},\"datePublished\":\"2022-08-12T20:37:56+00:00\",\"dateModified\":\"2022-08-16T19:17:19+00:00\",\"description\":\"Fr\u00e5n N\u00e4rkesl\u00e4tten reser sig de bl\u00e5 bergen, Kilsbergen, och du \u00e4r v\u00e4lkommen till \u00c5nnaboda Vandrarhotell f\u00f6r att ta del av dess fantastiska natur.\",\"breadcrumb\":{\"@id\":\"https:\/\/studenter.miun.se\/~sowi2102\/writeable\/wordpress\/#breadcrumb\"},\"inLanguage\":\"en-US\",\"potentialAction\":[{\"@type\":\"ReadAction\",\"target\":[\"https:\/\/studenter.miun.se\/~sowi2102\/writeable\/wordpress\/\"]}]},{\"@type\":\"BreadcrumbList\",\"@id\":\"https:\/\/studenter.miun.se\/~sowi2102\/writeable\/wordpress\/#breadcrumb\",\"itemListElement\":[{\"@type\":\"ListItem\",\"position\":1,\"name\":\"Home\",\"item\":\"https:\/\/studenter.miun.se\/~sowi2102\/writeable\/wordpress\/\"},{\"@type\":\"ListItem\",\"position\":2,\"name\":\"V\u00e4lkommen till \u00c5nnaboda Vandrarhotell\"}]},{\"@type\":\"WebSite\",\"@id\":\"https:\/\/studenter.miun.se\/~sowi2102\/writeable\/wordpress\/#website\",\"url\":\"https:\/\/studenter.miun.se\/~sowi2102\/writeable\/wordpress\/\",\"name\":\"\u00c5nnaboda Vandrarhotell\",\"description\":\"\",\"publisher\":{\"@id\":\"https:\/\/studenter.miun.se\/~sowi2102\/writeable\/wordpress\/#organization\"},\"potentialAction\":[{\"@type\":\"SearchAction\",\"target\":{\"@type\":\"EntryPoint\",\"urlTemplate\":\"https:\/\/studenter.miun.se\/~sowi2102\/writeable\/wordpress\/?s={search_term_string}\"},\"query-input\":\"required name=search_term_string\"}],\"inLanguage\":\"en-US\"},{\"@type\":\"Organization\",\"@id\":\"https:\/\/studenter.miun.se\/~sowi2102\/writeable\/wordpress\/#organization\",\"name\":\"\u00c5nnaboda Vandrarhotell\",\"url\":\"https:\/\/studenter.miun.se\/~sowi2102\/writeable\/wordpress\/\",\"sameAs\":[],\"logo\":{\"@type\":\"ImageObject\",\"inLanguage\":\"en-US\",\"@id\":\"https:\/\/studenter.miun.se\/~sowi2102\/writeable\/wordpress\/#\/schema\/logo\/image\/\",\"url\":\"https:\/\/studenter.miun.se\/~sowi2102\/writeable\/wordpress\/wp-content\/uploads\/2022\/08\/logotyp.png\",\"contentUrl\":\"https:\/\/studenter.miun.se\/~sowi2102\/writeable\/wordpress\/wp-content\/uploads\/2022\/08\/logotyp.png\",\"width\":415,\"height\":100,\"caption\":\"\u00c5nnaboda Vandrarhotell\"},\"image\":{\"@id\":\"https:\/\/studenter.miun.se\/~sowi2102\/writeable\/wordpress\/#\/schema\/logo\/image\/\"}}]}<\/script>\n<!-- \/ Yoast SEO plugin. -->","yoast_head_json":{"title":"V\u00e4lkommen till \u00c5nnaboda Vandrarhotell","description":"Fr\u00e5n N\u00e4rkesl\u00e4tten reser sig de bl\u00e5 bergen, Kilsbergen, och du \u00e4r v\u00e4lkommen till \u00c5nnaboda Vandrarhotell f\u00f6r att ta del av dess fantastiska natur.","robots":{"index":"index","follow":"follow","max-snippet":"max-snippet:-1","max-image-preview":"max-image-preview:large","max-video-preview":"max-video-preview:-1"},"canonical":"https:\/\/studenter.miun.se\/~sowi2102\/writeable\/wordpress\/","og_locale":"en_US","og_type":"article","og_title":"V\u00e4lkommen till \u00c5nnaboda Vandrarhotell","og_description":"Fr\u00e5n N\u00e4rkesl\u00e4tten reser sig de bl\u00e5 bergen, Kilsbergen, och du \u00e4r v\u00e4lkommen till \u00c5nnaboda Vandrarhotell f\u00f6r att ta del av dess fantastiska natur.","og_url":"https:\/\/studenter.miun.se\/~sowi2102\/writeable\/wordpress\/","og_site_name":"\u00c5nnaboda Vandrarhotell","article_modified_time":"2022-08-16T19:17:19+00:00","twitter_card":"summary_large_image","twitter_misc":{"Est. reading time":"1 minute"},"schema":{"@context":"https:\/\/schema.org","@graph":[{"@type":"WebPage","@id":"https:\/\/studenter.miun.se\/~sowi2102\/writeable\/wordpress\/","url":"https:\/\/studenter.miun.se\/~sowi2102\/writeable\/wordpress\/","name":"V\u00e4lkommen till \u00c5nnaboda Vandrarhotell","isPartOf":{"@id":"https:\/\/studenter.miun.se\/~sowi2102\/writeable\/wordpress\/#website"},"datePublished":"2022-08-12T20:37:56+00:00","dateModified":"2022-08-16T19:17:19+00:00","description":"Fr\u00e5n N\u00e4rkesl\u00e4tten reser sig de bl\u00e5 bergen, Kilsbergen, och du \u00e4r v\u00e4lkommen till \u00c5nnaboda Vandrarhotell f\u00f6r att ta del av dess fantastiska natur.","breadcrumb":{"@id":"https:\/\/studenter.miun.se\/~sowi2102\/writeable\/wordpress\/#breadcrumb"},"inLanguage":"en-US","potentialAction":[{"@type":"ReadAction","target":["https:\/\/studenter.miun.se\/~sowi2102\/writeable\/wordpress\/"]}]},{"@type":"BreadcrumbList","@id":"https:\/\/studenter.miun.se\/~sowi2102\/writeable\/wordpress\/#breadcrumb","itemListElement":[{"@type":"ListItem","position":1,"name":"Home","item":"https:\/\/studenter.miun.se\/~sowi2102\/writeable\/wordpress\/"},{"@type":"ListItem","position":2,"name":"V\u00e4lkommen till \u00c5nnaboda Vandrarhotell"}]},{"@type":"WebSite","@id":"https:\/\/studenter.miun.se\/~sowi2102\/writeable\/wordpress\/#website","url":"https:\/\/studenter.miun.se\/~sowi2102\/writeable\/wordpress\/","name":"\u00c5nnaboda Vandrarhotell","description":"","publisher":{"@id":"https:\/\/studenter.miun.se\/~sowi2102\/writeable\/wordpress\/#organization"},"potentialAction":[{"@type":"SearchAction","target":{"@type":"EntryPoint","urlTemplate":"https:\/\/studenter.miun.se\/~sowi2102\/writeable\/wordpress\/?s={search_term_string}"},"query-input":"required name=search_term_string"}],"inLanguage":"en-US"},{"@type":"Organization","@id":"https:\/\/studenter.miun.se\/~sowi2102\/writeable\/wordpress\/#organization","name":"\u00c5nnaboda Vandrarhotell","url":"https:\/\/studenter.miun.se\/~sowi2102\/writeable\/wordpress\/","sameAs":[],"logo":{"@type":"ImageObject","inLanguage":"en-US","@id":"https:\/\/studenter.miun.se\/~sowi2102\/writeable\/wordpress\/#\/schema\/logo\/image\/","url":"https:\/\/studenter.miun.se\/~sowi2102\/writeable\/wordpress\/wp-content\/uploads\/2022\/08\/logotyp.png","contentUrl":"https:\/\/studenter.miun.se\/~sowi2102\/writeable\/wordpress\/wp-content\/uploads\/2022\/08\/logotyp.png","width":415,"height":100,"caption":"\u00c5nnaboda Vandrarhotell"},"image":{"@id":"https:\/\/studenter.miun.se\/~sowi2102\/writeable\/wordpress\/#\/schema\/logo\/image\/"}}]}},"_links":{"self":[{"href":"https:\/\/studenter.miun.se\/~sowi2102\/writeable\/wordpress\/wp-json\/wp\/v2\/pages\/144"}],"collection":[{"href":"https:\/\/studenter.miun.se\/~sowi2102\/writeable\/wordpress\/wp-json\/wp\/v2\/pages"}],"about":[{"href":"https:\/\/studenter.miun.se\/~sowi2102\/writeable\/wordpress\/wp-json\/wp\/v2\/types\/page"}],"author":[{"embeddable":true,"href":"https:\/\/studenter.miun.se\/~sowi2102\/writeable\/wordpress\/wp-json\/wp\/v2\/users\/1"}],"replies":[{"embeddable":true,"href":"https:\/\/studenter.miun.se\/~sowi2102\/writeable\/wordpress\/wp-json\/wp\/v2\/comments?post=144"}],"version-history":[{"count":3,"href":"https:\/\/studenter.miun.se\/~sowi2102\/writeable\/wordpress\/wp-json\/wp\/v2\/pages\/144\/revisions"}],"predecessor-version":[{"id":260,"href":"https:\/\/studenter.miun.se\/~sowi2102\/writeable\/wordpress\/wp-json\/wp\/v2\/pages\/144\/revisions\/260"}],"wp:attachment":[{"href":"https:\/\/studenter.miun.se\/~sowi2102\/writeable\/wordpress\/wp-json\/wp\/v2\/media?parent=144"}],"curies":[{"name":"wp","href":"https:\/\/api.w.org\/{rel}","templated":true}]}}