{"id":147,"date":"2022-08-12T21:38:38","date_gmt":"2022-08-12T20:38:38","guid":{"rendered":"https:\/\/studenter.miun.se\/~sowi2102\/writeable\/wordpress\/?page_id=147"},"modified":"2022-08-16T16:05:16","modified_gmt":"2022-08-16T15:05:16","slug":"om-oss","status":"publish","type":"page","link":"https:\/\/studenter.miun.se\/~sowi2102\/writeable\/wordpress\/om-oss\/","title":{"rendered":"Om oss"},"content":{"rendered":"\n<p>H\u00e4r finner du mer information om oss p\u00e5 \u00c5nnaboda Vandrarhotell, v\u00e5r verksamhetsid\u00e9 och bakgrund.<\/p>\n\n\n\n<p>I och med \u00c5nnabodas l\u00e4ge mitt p\u00e5 Bergslagsleden och bel\u00e4get vid en nationalpark k\u00e4ndes det naturligt att skapa ett hotell f\u00f6r den aktive d\u00e4r h\u00f6g komfort ska ge bra uppladdning och \u00e5terh\u00e4mtning. Genom \u00f6vernattning hos oss minskas vikten och m\u00e4ngden p\u00e5 packning d\u00e5 varken sovs\u00e4ckar, liggunderlag eller lakan beh\u00f6ver sl\u00e4ppas med i bil eller p\u00e5 tur.<\/p>\n\n\n\n<p>\u00c5nnaboda Vandrarhotell grundades 1995 och har sedan starten blivit en naturlig del av n\u00e4ringsverksamheten i omr\u00e5det d\u00e4r vi str\u00e4var efter goda relationer och samarbeten med \u00f6vriga n\u00e4ringsidkare f\u00f6r att kunna anv\u00e4nda oss av lokala r\u00e5varor, material eller produkter. <\/p>\n\n\n\n<p>Verksamheten har ut\u00f6kat och byggts p\u00e5 i omg\u00e5ngar och v\u00e5rt senaste st\u00f6rre projekt var ombyggnationen av spa- och gymavdelningen 2018, d\u00e4r vi valde att skapa m\u00f6jlighet att komma n\u00e4rmare naturen.<\/p>\n","protected":false},"excerpt":{"rendered":"<p>H\u00e4r finner du mer information om oss p\u00e5 \u00c5nnaboda Vandrarhotell, v\u00e5r verksamhetsid\u00e9 och bakgrund. I och med \u00c5nnabodas l\u00e4ge mitt p\u00e5 Bergslagsleden och bel\u00e4get vid en nationalpark k\u00e4ndes det naturligt [&hellip;]<\/p>\n","protected":false},"author":1,"featured_media":0,"parent":0,"menu_order":0,"comment_status":"closed","ping_status":"closed","template":"about-template.php","meta":[],"yoast_head":"<!-- This site is optimized with the Yoast SEO plugin v19.5.1 - https:\/\/yoast.com\/wordpress\/plugins\/seo\/ -->\n<title>Om oss | \u00c5nnaboda Vandrarhotell<\/title>\n<meta name=\"description\" content=\"Mer information om oss p\u00e5 \u00c5nnaboda Vandrarhotell, v\u00e5r verksamhetsid\u00e9 och bakgrund.\" \/>\n<meta name=\"robots\" content=\"index, follow, max-snippet:-1, max-image-preview:large, max-video-preview:-1\" \/>\n<link rel=\"canonical\" href=\"https:\/\/studenter.miun.se\/~sowi2102\/writeable\/wordpress\/om-oss\/\" \/>\n<meta property=\"og:locale\" content=\"en_US\" \/>\n<meta property=\"og:type\" content=\"article\" \/>\n<meta property=\"og:title\" content=\"Om oss | \u00c5nnaboda Vandrarhotell\" \/>\n<meta property=\"og:description\" content=\"Mer information om oss p\u00e5 \u00c5nnaboda Vandrarhotell, v\u00e5r verksamhetsid\u00e9 och bakgrund.\" \/>\n<meta property=\"og:url\" content=\"https:\/\/studenter.miun.se\/~sowi2102\/writeable\/wordpress\/om-oss\/\" \/>\n<meta property=\"og:site_name\" content=\"\u00c5nnaboda Vandrarhotell\" \/>\n<meta property=\"article:modified_time\" content=\"2022-08-16T15:05:16+00:00\" \/>\n<meta name=\"twitter:card\" content=\"summary_large_image\" \/>\n<meta name=\"twitter:label1\" content=\"Est. reading time\" \/>\n\t<meta name=\"twitter:data1\" content=\"1 minute\" \/>\n<script type=\"application\/ld+json\" class=\"yoast-schema-graph\">{\"@context\":\"https:\/\/schema.org\",\"@graph\":[{\"@type\":\"WebPage\",\"@id\":\"https:\/\/studenter.miun.se\/~sowi2102\/writeable\/wordpress\/om-oss\/\",\"url\":\"https:\/\/studenter.miun.se\/~sowi2102\/writeable\/wordpress\/om-oss\/\",\"name\":\"Om oss | \u00c5nnaboda Vandrarhotell\",\"isPartOf\":{\"@id\":\"https:\/\/studenter.miun.se\/~sowi2102\/writeable\/wordpress\/#website\"},\"datePublished\":\"2022-08-12T20:38:38+00:00\",\"dateModified\":\"2022-08-16T15:05:16+00:00\",\"description\":\"Mer information om oss p\u00e5 \u00c5nnaboda Vandrarhotell, v\u00e5r verksamhetsid\u00e9 och bakgrund.\",\"breadcrumb\":{\"@id\":\"https:\/\/studenter.miun.se\/~sowi2102\/writeable\/wordpress\/om-oss\/#breadcrumb\"},\"inLanguage\":\"en-US\",\"potentialAction\":[{\"@type\":\"ReadAction\",\"target\":[\"https:\/\/studenter.miun.se\/~sowi2102\/writeable\/wordpress\/om-oss\/\"]}]},{\"@type\":\"BreadcrumbList\",\"@id\":\"https:\/\/studenter.miun.se\/~sowi2102\/writeable\/wordpress\/om-oss\/#breadcrumb\",\"itemListElement\":[{\"@type\":\"ListItem\",\"position\":1,\"name\":\"Home\",\"item\":\"https:\/\/studenter.miun.se\/~sowi2102\/writeable\/wordpress\/\"},{\"@type\":\"ListItem\",\"position\":2,\"name\":\"Om oss\"}]},{\"@type\":\"WebSite\",\"@id\":\"https:\/\/studenter.miun.se\/~sowi2102\/writeable\/wordpress\/#website\",\"url\":\"https:\/\/studenter.miun.se\/~sowi2102\/writeable\/wordpress\/\",\"name\":\"\u00c5nnaboda Vandrarhotell\",\"description\":\"\",\"publisher\":{\"@id\":\"https:\/\/studenter.miun.se\/~sowi2102\/writeable\/wordpress\/#organization\"},\"potentialAction\":[{\"@type\":\"SearchAction\",\"target\":{\"@type\":\"EntryPoint\",\"urlTemplate\":\"https:\/\/studenter.miun.se\/~sowi2102\/writeable\/wordpress\/?s={search_term_string}\"},\"query-input\":\"required name=search_term_string\"}],\"inLanguage\":\"en-US\"},{\"@type\":\"Organization\",\"@id\":\"https:\/\/studenter.miun.se\/~sowi2102\/writeable\/wordpress\/#organization\",\"name\":\"\u00c5nnaboda Vandrarhotell\",\"url\":\"https:\/\/studenter.miun.se\/~sowi2102\/writeable\/wordpress\/\",\"sameAs\":[],\"logo\":{\"@type\":\"ImageObject\",\"inLanguage\":\"en-US\",\"@id\":\"https:\/\/studenter.miun.se\/~sowi2102\/writeable\/wordpress\/#\/schema\/logo\/image\/\",\"url\":\"https:\/\/studenter.miun.se\/~sowi2102\/writeable\/wordpress\/wp-content\/uploads\/2022\/08\/logotyp.png\",\"contentUrl\":\"https:\/\/studenter.miun.se\/~sowi2102\/writeable\/wordpress\/wp-content\/uploads\/2022\/08\/logotyp.png\",\"width\":415,\"height\":100,\"caption\":\"\u00c5nnaboda Vandrarhotell\"},\"image\":{\"@id\":\"https:\/\/studenter.miun.se\/~sowi2102\/writeable\/wordpress\/#\/schema\/logo\/image\/\"}}]}<\/script>\n<!-- \/ Yoast SEO plugin. -->","yoast_head_json":{"title":"Om oss | \u00c5nnaboda Vandrarhotell","description":"Mer information om oss p\u00e5 \u00c5nnaboda Vandrarhotell, v\u00e5r verksamhetsid\u00e9 och bakgrund.","robots":{"index":"index","follow":"follow","max-snippet":"max-snippet:-1","max-image-preview":"max-image-preview:large","max-video-preview":"max-video-preview:-1"},"canonical":"https:\/\/studenter.miun.se\/~sowi2102\/writeable\/wordpress\/om-oss\/","og_locale":"en_US","og_type":"article","og_title":"Om oss | \u00c5nnaboda Vandrarhotell","og_description":"Mer information om oss p\u00e5 \u00c5nnaboda Vandrarhotell, v\u00e5r verksamhetsid\u00e9 och bakgrund.","og_url":"https:\/\/studenter.miun.se\/~sowi2102\/writeable\/wordpress\/om-oss\/","og_site_name":"\u00c5nnaboda Vandrarhotell","article_modified_time":"2022-08-16T15:05:16+00:00","twitter_card":"summary_large_image","twitter_misc":{"Est. reading time":"1 minute"},"schema":{"@context":"https:\/\/schema.org","@graph":[{"@type":"WebPage","@id":"https:\/\/studenter.miun.se\/~sowi2102\/writeable\/wordpress\/om-oss\/","url":"https:\/\/studenter.miun.se\/~sowi2102\/writeable\/wordpress\/om-oss\/","name":"Om oss | \u00c5nnaboda Vandrarhotell","isPartOf":{"@id":"https:\/\/studenter.miun.se\/~sowi2102\/writeable\/wordpress\/#website"},"datePublished":"2022-08-12T20:38:38+00:00","dateModified":"2022-08-16T15:05:16+00:00","description":"Mer information om oss p\u00e5 \u00c5nnaboda Vandrarhotell, v\u00e5r verksamhetsid\u00e9 och bakgrund.","breadcrumb":{"@id":"https:\/\/studenter.miun.se\/~sowi2102\/writeable\/wordpress\/om-oss\/#breadcrumb"},"inLanguage":"en-US","potentialAction":[{"@type":"ReadAction","target":["https:\/\/studenter.miun.se\/~sowi2102\/writeable\/wordpress\/om-oss\/"]}]},{"@type":"BreadcrumbList","@id":"https:\/\/studenter.miun.se\/~sowi2102\/writeable\/wordpress\/om-oss\/#breadcrumb","itemListElement":[{"@type":"ListItem","position":1,"name":"Home","item":"https:\/\/studenter.miun.se\/~sowi2102\/writeable\/wordpress\/"},{"@type":"ListItem","position":2,"name":"Om oss"}]},{"@type":"WebSite","@id":"https:\/\/studenter.miun.se\/~sowi2102\/writeable\/wordpress\/#website","url":"https:\/\/studenter.miun.se\/~sowi2102\/writeable\/wordpress\/","name":"\u00c5nnaboda Vandrarhotell","description":"","publisher":{"@id":"https:\/\/studenter.miun.se\/~sowi2102\/writeable\/wordpress\/#organization"},"potentialAction":[{"@type":"SearchAction","target":{"@type":"EntryPoint","urlTemplate":"https:\/\/studenter.miun.se\/~sowi2102\/writeable\/wordpress\/?s={search_term_string}"},"query-input":"required name=search_term_string"}],"inLanguage":"en-US"},{"@type":"Organization","@id":"https:\/\/studenter.miun.se\/~sowi2102\/writeable\/wordpress\/#organization","name":"\u00c5nnaboda Vandrarhotell","url":"https:\/\/studenter.miun.se\/~sowi2102\/writeable\/wordpress\/","sameAs":[],"logo":{"@type":"ImageObject","inLanguage":"en-US","@id":"https:\/\/studenter.miun.se\/~sowi2102\/writeable\/wordpress\/#\/schema\/logo\/image\/","url":"https:\/\/studenter.miun.se\/~sowi2102\/writeable\/wordpress\/wp-content\/uploads\/2022\/08\/logotyp.png","contentUrl":"https:\/\/studenter.miun.se\/~sowi2102\/writeable\/wordpress\/wp-content\/uploads\/2022\/08\/logotyp.png","width":415,"height":100,"caption":"\u00c5nnaboda Vandrarhotell"},"image":{"@id":"https:\/\/studenter.miun.se\/~sowi2102\/writeable\/wordpress\/#\/schema\/logo\/image\/"}}]}},"_links":{"self":[{"href":"https:\/\/studenter.miun.se\/~sowi2102\/writeable\/wordpress\/wp-json\/wp\/v2\/pages\/147"}],"collection":[{"href":"https:\/\/studenter.miun.se\/~sowi2102\/writeable\/wordpress\/wp-json\/wp\/v2\/pages"}],"about":[{"href":"https:\/\/studenter.miun.se\/~sowi2102\/writeable\/wordpress\/wp-json\/wp\/v2\/types\/page"}],"author":[{"embeddable":true,"href":"https:\/\/studenter.miun.se\/~sowi2102\/writeable\/wordpress\/wp-json\/wp\/v2\/users\/1"}],"replies":[{"embeddable":true,"href":"https:\/\/studenter.miun.se\/~sowi2102\/writeable\/wordpress\/wp-json\/wp\/v2\/comments?post=147"}],"version-history":[{"count":2,"href":"https:\/\/studenter.miun.se\/~sowi2102\/writeable\/wordpress\/wp-json\/wp\/v2\/pages\/147\/revisions"}],"predecessor-version":[{"id":238,"href":"https:\/\/studenter.miun.se\/~sowi2102\/writeable\/wordpress\/wp-json\/wp\/v2\/pages\/147\/revisions\/238"}],"wp:attachment":[{"href":"https:\/\/studenter.miun.se\/~sowi2102\/writeable\/wordpress\/wp-json\/wp\/v2\/media?parent=147"}],"curies":[{"name":"wp","href":"https:\/\/api.w.org\/{rel}","templated":true}]}}