{"id":153,"date":"2022-08-12T21:39:55","date_gmt":"2022-08-12T20:39:55","guid":{"rendered":"https:\/\/studenter.miun.se\/~sowi2102\/writeable\/wordpress\/?page_id=153"},"modified":"2022-08-16T16:11:20","modified_gmt":"2022-08-16T15:11:20","slug":"vara-rum","status":"publish","type":"page","link":"https:\/\/studenter.miun.se\/~sowi2102\/writeable\/wordpress\/vara-rum\/","title":{"rendered":"V\u00e5ra rum"},"content":{"rendered":"\n<p>H\u00e4r p\u00e5 \u00c5nnaboda Vandrarhotell har vi ett stort antal rum av tre olika typer. H\u00e4r kan du l\u00e4sa mer om v\u00e5ra olika rum, deras utformning och vad som finns eller ing\u00e5r p\u00e5 varje rum.<\/p>\n","protected":false},"excerpt":{"rendered":"<p>H\u00e4r p\u00e5 \u00c5nnaboda Vandrarhotell har vi ett stort antal rum av tre olika typer. H\u00e4r kan du l\u00e4sa mer om v\u00e5ra olika rum, deras utformning och vad som finns eller [&hellip;]<\/p>\n","protected":false},"author":1,"featured_media":0,"parent":0,"menu_order":0,"comment_status":"closed","ping_status":"closed","template":"rooms-template.php","meta":[],"yoast_head":"<!-- This site is optimized with the Yoast SEO plugin v19.5.1 - https:\/\/yoast.com\/wordpress\/plugins\/seo\/ -->\n<title>V\u00e5ra rum | \u00c5nnaboda Vandrarhotell<\/title>\n<meta name=\"description\" content=\"H\u00e4r p\u00e5 \u00c5nnaboda Vandrarhotell har vi ett stort antal rum av tre olika typer. H\u00e4r kan du l\u00e4sa mer om v\u00e5ra olika rum och vad som ing\u00e5r.\" \/>\n<meta name=\"robots\" content=\"index, follow, max-snippet:-1, max-image-preview:large, max-video-preview:-1\" \/>\n<link rel=\"canonical\" href=\"https:\/\/studenter.miun.se\/~sowi2102\/writeable\/wordpress\/vara-rum\/\" \/>\n<meta property=\"og:locale\" content=\"en_US\" \/>\n<meta property=\"og:type\" content=\"article\" \/>\n<meta property=\"og:title\" content=\"V\u00e5ra rum | \u00c5nnaboda Vandrarhotell\" \/>\n<meta property=\"og:description\" content=\"H\u00e4r p\u00e5 \u00c5nnaboda Vandrarhotell har vi ett stort antal rum av tre olika typer. H\u00e4r kan du l\u00e4sa mer om v\u00e5ra olika rum och vad som ing\u00e5r.\" \/>\n<meta property=\"og:url\" content=\"https:\/\/studenter.miun.se\/~sowi2102\/writeable\/wordpress\/vara-rum\/\" \/>\n<meta property=\"og:site_name\" content=\"\u00c5nnaboda Vandrarhotell\" \/>\n<meta property=\"article:modified_time\" content=\"2022-08-16T15:11:20+00:00\" \/>\n<meta name=\"twitter:card\" content=\"summary_large_image\" \/>\n<meta name=\"twitter:label1\" content=\"Est. reading time\" \/>\n\t<meta name=\"twitter:data1\" content=\"1 minute\" \/>\n<script type=\"application\/ld+json\" class=\"yoast-schema-graph\">{\"@context\":\"https:\/\/schema.org\",\"@graph\":[{\"@type\":\"WebPage\",\"@id\":\"https:\/\/studenter.miun.se\/~sowi2102\/writeable\/wordpress\/vara-rum\/\",\"url\":\"https:\/\/studenter.miun.se\/~sowi2102\/writeable\/wordpress\/vara-rum\/\",\"name\":\"V\u00e5ra rum | \u00c5nnaboda Vandrarhotell\",\"isPartOf\":{\"@id\":\"https:\/\/studenter.miun.se\/~sowi2102\/writeable\/wordpress\/#website\"},\"datePublished\":\"2022-08-12T20:39:55+00:00\",\"dateModified\":\"2022-08-16T15:11:20+00:00\",\"description\":\"H\u00e4r p\u00e5 \u00c5nnaboda Vandrarhotell har vi ett stort antal rum av tre olika typer. H\u00e4r kan du l\u00e4sa mer om v\u00e5ra olika rum och vad som ing\u00e5r.\",\"breadcrumb\":{\"@id\":\"https:\/\/studenter.miun.se\/~sowi2102\/writeable\/wordpress\/vara-rum\/#breadcrumb\"},\"inLanguage\":\"en-US\",\"potentialAction\":[{\"@type\":\"ReadAction\",\"target\":[\"https:\/\/studenter.miun.se\/~sowi2102\/writeable\/wordpress\/vara-rum\/\"]}]},{\"@type\":\"BreadcrumbList\",\"@id\":\"https:\/\/studenter.miun.se\/~sowi2102\/writeable\/wordpress\/vara-rum\/#breadcrumb\",\"itemListElement\":[{\"@type\":\"ListItem\",\"position\":1,\"name\":\"Home\",\"item\":\"https:\/\/studenter.miun.se\/~sowi2102\/writeable\/wordpress\/\"},{\"@type\":\"ListItem\",\"position\":2,\"name\":\"V\u00e5ra rum\"}]},{\"@type\":\"WebSite\",\"@id\":\"https:\/\/studenter.miun.se\/~sowi2102\/writeable\/wordpress\/#website\",\"url\":\"https:\/\/studenter.miun.se\/~sowi2102\/writeable\/wordpress\/\",\"name\":\"\u00c5nnaboda Vandrarhotell\",\"description\":\"\",\"publisher\":{\"@id\":\"https:\/\/studenter.miun.se\/~sowi2102\/writeable\/wordpress\/#organization\"},\"potentialAction\":[{\"@type\":\"SearchAction\",\"target\":{\"@type\":\"EntryPoint\",\"urlTemplate\":\"https:\/\/studenter.miun.se\/~sowi2102\/writeable\/wordpress\/?s={search_term_string}\"},\"query-input\":\"required name=search_term_string\"}],\"inLanguage\":\"en-US\"},{\"@type\":\"Organization\",\"@id\":\"https:\/\/studenter.miun.se\/~sowi2102\/writeable\/wordpress\/#organization\",\"name\":\"\u00c5nnaboda Vandrarhotell\",\"url\":\"https:\/\/studenter.miun.se\/~sowi2102\/writeable\/wordpress\/\",\"sameAs\":[],\"logo\":{\"@type\":\"ImageObject\",\"inLanguage\":\"en-US\",\"@id\":\"https:\/\/studenter.miun.se\/~sowi2102\/writeable\/wordpress\/#\/schema\/logo\/image\/\",\"url\":\"https:\/\/studenter.miun.se\/~sowi2102\/writeable\/wordpress\/wp-content\/uploads\/2022\/08\/logotyp.png\",\"contentUrl\":\"https:\/\/studenter.miun.se\/~sowi2102\/writeable\/wordpress\/wp-content\/uploads\/2022\/08\/logotyp.png\",\"width\":415,\"height\":100,\"caption\":\"\u00c5nnaboda Vandrarhotell\"},\"image\":{\"@id\":\"https:\/\/studenter.miun.se\/~sowi2102\/writeable\/wordpress\/#\/schema\/logo\/image\/\"}}]}<\/script>\n<!-- \/ Yoast SEO plugin. -->","yoast_head_json":{"title":"V\u00e5ra rum | \u00c5nnaboda Vandrarhotell","description":"H\u00e4r p\u00e5 \u00c5nnaboda Vandrarhotell har vi ett stort antal rum av tre olika typer. H\u00e4r kan du l\u00e4sa mer om v\u00e5ra olika rum och vad som ing\u00e5r.","robots":{"index":"index","follow":"follow","max-snippet":"max-snippet:-1","max-image-preview":"max-image-preview:large","max-video-preview":"max-video-preview:-1"},"canonical":"https:\/\/studenter.miun.se\/~sowi2102\/writeable\/wordpress\/vara-rum\/","og_locale":"en_US","og_type":"article","og_title":"V\u00e5ra rum | \u00c5nnaboda Vandrarhotell","og_description":"H\u00e4r p\u00e5 \u00c5nnaboda Vandrarhotell har vi ett stort antal rum av tre olika typer. H\u00e4r kan du l\u00e4sa mer om v\u00e5ra olika rum och vad som ing\u00e5r.","og_url":"https:\/\/studenter.miun.se\/~sowi2102\/writeable\/wordpress\/vara-rum\/","og_site_name":"\u00c5nnaboda Vandrarhotell","article_modified_time":"2022-08-16T15:11:20+00:00","twitter_card":"summary_large_image","twitter_misc":{"Est. reading time":"1 minute"},"schema":{"@context":"https:\/\/schema.org","@graph":[{"@type":"WebPage","@id":"https:\/\/studenter.miun.se\/~sowi2102\/writeable\/wordpress\/vara-rum\/","url":"https:\/\/studenter.miun.se\/~sowi2102\/writeable\/wordpress\/vara-rum\/","name":"V\u00e5ra rum | \u00c5nnaboda Vandrarhotell","isPartOf":{"@id":"https:\/\/studenter.miun.se\/~sowi2102\/writeable\/wordpress\/#website"},"datePublished":"2022-08-12T20:39:55+00:00","dateModified":"2022-08-16T15:11:20+00:00","description":"H\u00e4r p\u00e5 \u00c5nnaboda Vandrarhotell har vi ett stort antal rum av tre olika typer. H\u00e4r kan du l\u00e4sa mer om v\u00e5ra olika rum och vad som ing\u00e5r.","breadcrumb":{"@id":"https:\/\/studenter.miun.se\/~sowi2102\/writeable\/wordpress\/vara-rum\/#breadcrumb"},"inLanguage":"en-US","potentialAction":[{"@type":"ReadAction","target":["https:\/\/studenter.miun.se\/~sowi2102\/writeable\/wordpress\/vara-rum\/"]}]},{"@type":"BreadcrumbList","@id":"https:\/\/studenter.miun.se\/~sowi2102\/writeable\/wordpress\/vara-rum\/#breadcrumb","itemListElement":[{"@type":"ListItem","position":1,"name":"Home","item":"https:\/\/studenter.miun.se\/~sowi2102\/writeable\/wordpress\/"},{"@type":"ListItem","position":2,"name":"V\u00e5ra rum"}]},{"@type":"WebSite","@id":"https:\/\/studenter.miun.se\/~sowi2102\/writeable\/wordpress\/#website","url":"https:\/\/studenter.miun.se\/~sowi2102\/writeable\/wordpress\/","name":"\u00c5nnaboda Vandrarhotell","description":"","publisher":{"@id":"https:\/\/studenter.miun.se\/~sowi2102\/writeable\/wordpress\/#organization"},"potentialAction":[{"@type":"SearchAction","target":{"@type":"EntryPoint","urlTemplate":"https:\/\/studenter.miun.se\/~sowi2102\/writeable\/wordpress\/?s={search_term_string}"},"query-input":"required name=search_term_string"}],"inLanguage":"en-US"},{"@type":"Organization","@id":"https:\/\/studenter.miun.se\/~sowi2102\/writeable\/wordpress\/#organization","name":"\u00c5nnaboda Vandrarhotell","url":"https:\/\/studenter.miun.se\/~sowi2102\/writeable\/wordpress\/","sameAs":[],"logo":{"@type":"ImageObject","inLanguage":"en-US","@id":"https:\/\/studenter.miun.se\/~sowi2102\/writeable\/wordpress\/#\/schema\/logo\/image\/","url":"https:\/\/studenter.miun.se\/~sowi2102\/writeable\/wordpress\/wp-content\/uploads\/2022\/08\/logotyp.png","contentUrl":"https:\/\/studenter.miun.se\/~sowi2102\/writeable\/wordpress\/wp-content\/uploads\/2022\/08\/logotyp.png","width":415,"height":100,"caption":"\u00c5nnaboda Vandrarhotell"},"image":{"@id":"https:\/\/studenter.miun.se\/~sowi2102\/writeable\/wordpress\/#\/schema\/logo\/image\/"}}]}},"_links":{"self":[{"href":"https:\/\/studenter.miun.se\/~sowi2102\/writeable\/wordpress\/wp-json\/wp\/v2\/pages\/153"}],"collection":[{"href":"https:\/\/studenter.miun.se\/~sowi2102\/writeable\/wordpress\/wp-json\/wp\/v2\/pages"}],"about":[{"href":"https:\/\/studenter.miun.se\/~sowi2102\/writeable\/wordpress\/wp-json\/wp\/v2\/types\/page"}],"author":[{"embeddable":true,"href":"https:\/\/studenter.miun.se\/~sowi2102\/writeable\/wordpress\/wp-json\/wp\/v2\/users\/1"}],"replies":[{"embeddable":true,"href":"https:\/\/studenter.miun.se\/~sowi2102\/writeable\/wordpress\/wp-json\/wp\/v2\/comments?post=153"}],"version-history":[{"count":2,"href":"https:\/\/studenter.miun.se\/~sowi2102\/writeable\/wordpress\/wp-json\/wp\/v2\/pages\/153\/revisions"}],"predecessor-version":[{"id":240,"href":"https:\/\/studenter.miun.se\/~sowi2102\/writeable\/wordpress\/wp-json\/wp\/v2\/pages\/153\/revisions\/240"}],"wp:attachment":[{"href":"https:\/\/studenter.miun.se\/~sowi2102\/writeable\/wordpress\/wp-json\/wp\/v2\/media?parent=153"}],"curies":[{"name":"wp","href":"https:\/\/api.w.org\/{rel}","templated":true}]}}