{"id":156,"date":"2022-08-12T21:40:58","date_gmt":"2022-08-12T20:40:58","guid":{"rendered":"https:\/\/studenter.miun.se\/~sowi2102\/writeable\/wordpress\/?page_id=156"},"modified":"2022-08-16T16:14:33","modified_gmt":"2022-08-16T15:14:33","slug":"nyheter","status":"publish","type":"page","link":"https:\/\/studenter.miun.se\/~sowi2102\/writeable\/wordpress\/nyheter\/","title":{"rendered":"Nyheter"},"content":{"rendered":"","protected":false},"excerpt":{"rendered":"","protected":false},"author":1,"featured_media":0,"parent":0,"menu_order":0,"comment_status":"closed","ping_status":"closed","template":"news-template.php","meta":[],"yoast_head":"<!-- This site is optimized with the Yoast SEO plugin v19.5.1 - https:\/\/yoast.com\/wordpress\/plugins\/seo\/ -->\n<title>Nyheter | \u00c5nnaboda Vandrarhotell<\/title>\n<meta name=\"description\" content=\"Nyheter f\u00f6r \u00c5nnaboda Vandrarhotell, dess verksamhet och samarbete med andra akt\u00f6rer.\" \/>\n<meta name=\"robots\" content=\"index, follow, max-snippet:-1, max-image-preview:large, max-video-preview:-1\" \/>\n<link rel=\"canonical\" href=\"https:\/\/studenter.miun.se\/~sowi2102\/writeable\/wordpress\/nyheter\/\" \/>\n<meta property=\"og:locale\" content=\"en_US\" \/>\n<meta property=\"og:type\" content=\"article\" \/>\n<meta property=\"og:title\" content=\"Nyheter | \u00c5nnaboda Vandrarhotell\" \/>\n<meta property=\"og:description\" content=\"Nyheter f\u00f6r \u00c5nnaboda Vandrarhotell, dess verksamhet och samarbete med andra akt\u00f6rer.\" \/>\n<meta property=\"og:url\" content=\"https:\/\/studenter.miun.se\/~sowi2102\/writeable\/wordpress\/nyheter\/\" \/>\n<meta property=\"og:site_name\" content=\"\u00c5nnaboda Vandrarhotell\" \/>\n<meta property=\"article:modified_time\" content=\"2022-08-16T15:14:33+00:00\" \/>\n<meta name=\"twitter:card\" content=\"summary_large_image\" \/>\n<script type=\"application\/ld+json\" class=\"yoast-schema-graph\">{\"@context\":\"https:\/\/schema.org\",\"@graph\":[{\"@type\":\"WebPage\",\"@id\":\"https:\/\/studenter.miun.se\/~sowi2102\/writeable\/wordpress\/nyheter\/\",\"url\":\"https:\/\/studenter.miun.se\/~sowi2102\/writeable\/wordpress\/nyheter\/\",\"name\":\"Nyheter | \u00c5nnaboda Vandrarhotell\",\"isPartOf\":{\"@id\":\"https:\/\/studenter.miun.se\/~sowi2102\/writeable\/wordpress\/#website\"},\"datePublished\":\"2022-08-12T20:40:58+00:00\",\"dateModified\":\"2022-08-16T15:14:33+00:00\",\"description\":\"Nyheter f\u00f6r \u00c5nnaboda Vandrarhotell, dess verksamhet och samarbete med andra akt\u00f6rer.\",\"breadcrumb\":{\"@id\":\"https:\/\/studenter.miun.se\/~sowi2102\/writeable\/wordpress\/nyheter\/#breadcrumb\"},\"inLanguage\":\"en-US\",\"potentialAction\":[{\"@type\":\"ReadAction\",\"target\":[\"https:\/\/studenter.miun.se\/~sowi2102\/writeable\/wordpress\/nyheter\/\"]}]},{\"@type\":\"BreadcrumbList\",\"@id\":\"https:\/\/studenter.miun.se\/~sowi2102\/writeable\/wordpress\/nyheter\/#breadcrumb\",\"itemListElement\":[{\"@type\":\"ListItem\",\"position\":1,\"name\":\"Home\",\"item\":\"https:\/\/studenter.miun.se\/~sowi2102\/writeable\/wordpress\/\"},{\"@type\":\"ListItem\",\"position\":2,\"name\":\"Nyheter\"}]},{\"@type\":\"WebSite\",\"@id\":\"https:\/\/studenter.miun.se\/~sowi2102\/writeable\/wordpress\/#website\",\"url\":\"https:\/\/studenter.miun.se\/~sowi2102\/writeable\/wordpress\/\",\"name\":\"\u00c5nnaboda Vandrarhotell\",\"description\":\"\",\"publisher\":{\"@id\":\"https:\/\/studenter.miun.se\/~sowi2102\/writeable\/wordpress\/#organization\"},\"potentialAction\":[{\"@type\":\"SearchAction\",\"target\":{\"@type\":\"EntryPoint\",\"urlTemplate\":\"https:\/\/studenter.miun.se\/~sowi2102\/writeable\/wordpress\/?s={search_term_string}\"},\"query-input\":\"required name=search_term_string\"}],\"inLanguage\":\"en-US\"},{\"@type\":\"Organization\",\"@id\":\"https:\/\/studenter.miun.se\/~sowi2102\/writeable\/wordpress\/#organization\",\"name\":\"\u00c5nnaboda Vandrarhotell\",\"url\":\"https:\/\/studenter.miun.se\/~sowi2102\/writeable\/wordpress\/\",\"sameAs\":[],\"logo\":{\"@type\":\"ImageObject\",\"inLanguage\":\"en-US\",\"@id\":\"https:\/\/studenter.miun.se\/~sowi2102\/writeable\/wordpress\/#\/schema\/logo\/image\/\",\"url\":\"https:\/\/studenter.miun.se\/~sowi2102\/writeable\/wordpress\/wp-content\/uploads\/2022\/08\/logotyp.png\",\"contentUrl\":\"https:\/\/studenter.miun.se\/~sowi2102\/writeable\/wordpress\/wp-content\/uploads\/2022\/08\/logotyp.png\",\"width\":415,\"height\":100,\"caption\":\"\u00c5nnaboda Vandrarhotell\"},\"image\":{\"@id\":\"https:\/\/studenter.miun.se\/~sowi2102\/writeable\/wordpress\/#\/schema\/logo\/image\/\"}}]}<\/script>\n<!-- \/ Yoast SEO plugin. -->","yoast_head_json":{"title":"Nyheter | \u00c5nnaboda Vandrarhotell","description":"Nyheter f\u00f6r \u00c5nnaboda Vandrarhotell, dess verksamhet och samarbete med andra akt\u00f6rer.","robots":{"index":"index","follow":"follow","max-snippet":"max-snippet:-1","max-image-preview":"max-image-preview:large","max-video-preview":"max-video-preview:-1"},"canonical":"https:\/\/studenter.miun.se\/~sowi2102\/writeable\/wordpress\/nyheter\/","og_locale":"en_US","og_type":"article","og_title":"Nyheter | \u00c5nnaboda Vandrarhotell","og_description":"Nyheter f\u00f6r \u00c5nnaboda Vandrarhotell, dess verksamhet och samarbete med andra akt\u00f6rer.","og_url":"https:\/\/studenter.miun.se\/~sowi2102\/writeable\/wordpress\/nyheter\/","og_site_name":"\u00c5nnaboda Vandrarhotell","article_modified_time":"2022-08-16T15:14:33+00:00","twitter_card":"summary_large_image","schema":{"@context":"https:\/\/schema.org","@graph":[{"@type":"WebPage","@id":"https:\/\/studenter.miun.se\/~sowi2102\/writeable\/wordpress\/nyheter\/","url":"https:\/\/studenter.miun.se\/~sowi2102\/writeable\/wordpress\/nyheter\/","name":"Nyheter | \u00c5nnaboda Vandrarhotell","isPartOf":{"@id":"https:\/\/studenter.miun.se\/~sowi2102\/writeable\/wordpress\/#website"},"datePublished":"2022-08-12T20:40:58+00:00","dateModified":"2022-08-16T15:14:33+00:00","description":"Nyheter f\u00f6r \u00c5nnaboda Vandrarhotell, dess verksamhet och samarbete med andra akt\u00f6rer.","breadcrumb":{"@id":"https:\/\/studenter.miun.se\/~sowi2102\/writeable\/wordpress\/nyheter\/#breadcrumb"},"inLanguage":"en-US","potentialAction":[{"@type":"ReadAction","target":["https:\/\/studenter.miun.se\/~sowi2102\/writeable\/wordpress\/nyheter\/"]}]},{"@type":"BreadcrumbList","@id":"https:\/\/studenter.miun.se\/~sowi2102\/writeable\/wordpress\/nyheter\/#breadcrumb","itemListElement":[{"@type":"ListItem","position":1,"name":"Home","item":"https:\/\/studenter.miun.se\/~sowi2102\/writeable\/wordpress\/"},{"@type":"ListItem","position":2,"name":"Nyheter"}]},{"@type":"WebSite","@id":"https:\/\/studenter.miun.se\/~sowi2102\/writeable\/wordpress\/#website","url":"https:\/\/studenter.miun.se\/~sowi2102\/writeable\/wordpress\/","name":"\u00c5nnaboda Vandrarhotell","description":"","publisher":{"@id":"https:\/\/studenter.miun.se\/~sowi2102\/writeable\/wordpress\/#organization"},"potentialAction":[{"@type":"SearchAction","target":{"@type":"EntryPoint","urlTemplate":"https:\/\/studenter.miun.se\/~sowi2102\/writeable\/wordpress\/?s={search_term_string}"},"query-input":"required name=search_term_string"}],"inLanguage":"en-US"},{"@type":"Organization","@id":"https:\/\/studenter.miun.se\/~sowi2102\/writeable\/wordpress\/#organization","name":"\u00c5nnaboda Vandrarhotell","url":"https:\/\/studenter.miun.se\/~sowi2102\/writeable\/wordpress\/","sameAs":[],"logo":{"@type":"ImageObject","inLanguage":"en-US","@id":"https:\/\/studenter.miun.se\/~sowi2102\/writeable\/wordpress\/#\/schema\/logo\/image\/","url":"https:\/\/studenter.miun.se\/~sowi2102\/writeable\/wordpress\/wp-content\/uploads\/2022\/08\/logotyp.png","contentUrl":"https:\/\/studenter.miun.se\/~sowi2102\/writeable\/wordpress\/wp-content\/uploads\/2022\/08\/logotyp.png","width":415,"height":100,"caption":"\u00c5nnaboda Vandrarhotell"},"image":{"@id":"https:\/\/studenter.miun.se\/~sowi2102\/writeable\/wordpress\/#\/schema\/logo\/image\/"}}]}},"_links":{"self":[{"href":"https:\/\/studenter.miun.se\/~sowi2102\/writeable\/wordpress\/wp-json\/wp\/v2\/pages\/156"}],"collection":[{"href":"https:\/\/studenter.miun.se\/~sowi2102\/writeable\/wordpress\/wp-json\/wp\/v2\/pages"}],"about":[{"href":"https:\/\/studenter.miun.se\/~sowi2102\/writeable\/wordpress\/wp-json\/wp\/v2\/types\/page"}],"author":[{"embeddable":true,"href":"https:\/\/studenter.miun.se\/~sowi2102\/writeable\/wordpress\/wp-json\/wp\/v2\/users\/1"}],"replies":[{"embeddable":true,"href":"https:\/\/studenter.miun.se\/~sowi2102\/writeable\/wordpress\/wp-json\/wp\/v2\/comments?post=156"}],"version-history":[{"count":1,"href":"https:\/\/studenter.miun.se\/~sowi2102\/writeable\/wordpress\/wp-json\/wp\/v2\/pages\/156\/revisions"}],"predecessor-version":[{"id":158,"href":"https:\/\/studenter.miun.se\/~sowi2102\/writeable\/wordpress\/wp-json\/wp\/v2\/pages\/156\/revisions\/158"}],"wp:attachment":[{"href":"https:\/\/studenter.miun.se\/~sowi2102\/writeable\/wordpress\/wp-json\/wp\/v2\/media?parent=156"}],"curies":[{"name":"wp","href":"https:\/\/api.w.org\/{rel}","templated":true}]}}