{"id":160,"date":"2022-08-12T21:44:21","date_gmt":"2022-08-12T20:44:21","guid":{"rendered":"https:\/\/studenter.miun.se\/~sowi2102\/writeable\/wordpress\/?page_id=160"},"modified":"2022-08-17T21:06:16","modified_gmt":"2022-08-17T19:06:16","slug":"kontakt","status":"publish","type":"page","link":"https:\/\/studenter.miun.se\/~sowi2102\/writeable\/wordpress\/kontakt\/","title":{"rendered":"Kontakt"},"content":{"rendered":"\n<p>H\u00e4r finner du information om du hittar till oss och olika s\u00e4tt att komma i kontakt med oss p\u00e5 \u00c5nnaboda Vandrarhotell. Du kan ringa, maila eller skicka ett meddelande via v\u00e5rt kontaktformul\u00e4r.<\/p>\n\n\n\n<div class=\"wp-container-3 wp-block-columns\">\n<div class=\"wp-container-1 wp-block-column\">\n<h2>Adress<\/h2>\n\n\n\n<p>\u00c5nnaboda 100, 719 41 Garphyttan<\/p>\n\n\n\n<h2>E-post<\/h2>\n\n\n\n<p>kontakt@annabodavandrarhotell.se<\/p>\n\n\n\n<h2>Telefon<\/h2>\n\n\n\n<h3>Reception<\/h3>\n\n\n\n<p>019 &#8211; 29 00 00<\/p>\n\n\n\n<p><strong>\u00d6ppettider i receptionen<\/strong><br>07.00-23.00<\/p>\n\n\n\n<h3>Restaurang<\/h3>\n\n\n\n<p>019 &#8211; 29 00 10<\/p>\n\n\n\n<h3>Aktivitetscenter<\/h3>\n\n\n\n<p>019 &#8211; 29 00 20<\/p>\n\n\n\n<h3>Spa och gym<\/h3>\n\n\n\n<p>019- 29 00 30<\/p>\n<\/div>\n\n\n\n<div class=\"wp-container-2 wp-block-column\">\n<div class=\"wp-block-contact-form-7-contact-form-selector\"><div role=\"form\" class=\"wpcf7\" id=\"wpcf7-f226-o1\" lang=\"en-US\" dir=\"ltr\">\n<div class=\"screen-reader-response\"><p role=\"status\" aria-live=\"polite\" aria-atomic=\"true\"><\/p> <ul><\/ul><\/div>\n<form action=\"\/~sowi2102\/writeable\/wordpress\/wp-json\/wp\/v2\/pages\/160#wpcf7-f226-o1\" method=\"post\" class=\"wpcf7-form init\" novalidate=\"novalidate\" data-status=\"init\">\n<div style=\"display: none;\">\n<input type=\"hidden\" name=\"_wpcf7\" value=\"226\" \/>\n<input type=\"hidden\" name=\"_wpcf7_version\" value=\"5.6.2\" \/>\n<input type=\"hidden\" name=\"_wpcf7_locale\" value=\"en_US\" \/>\n<input type=\"hidden\" name=\"_wpcf7_unit_tag\" value=\"wpcf7-f226-o1\" \/>\n<input type=\"hidden\" name=\"_wpcf7_container_post\" value=\"0\" \/>\n<input type=\"hidden\" name=\"_wpcf7_posted_data_hash\" value=\"\" \/>\n<\/div>\n<h2>Kontaktformul\u00e4r<\/h2>\n<p>\n                <label for=\"name\"><strong>Namn<\/strong><\/label><br \/>\n                <input type=\"text\" id=\"name\" name=\"name\">\n            <\/p>\n<p>\n                <label for=\"subject\"><strong>\u00c4mne<\/strong><\/label><br \/>\n                <input type=\"text\" id=\"subject\" name=\"subject\">\n            <\/p>\n<p>\n                <label for=\"contactinfo\"><strong>E-postadress\/Telefonnummer<\/strong><\/label><br \/>\n                <input type=\"text\" id=\"contactinfo\" name=\"contactinfo\">\n            <\/p>\n<p>\n                <label for=\"message\"><strong>Meddelande<\/strong><\/label><br \/>\n                <textarea name=\"message\" id=\"message\" cols=\"30\" rows=\"10\"><\/textarea>\n            <\/p>\n<p>\n                F\u00f6r att kunna skicka meddelande beh\u00f6ver du godk\u00e4nna att personuppgifter som skickas med i meddelandet lagras av \u00c5nnaboda Vandrarhotell. Dessa uppgifter raderas efter avslutat \u00e4rende.\n            <\/p>\n<p>\n                <strong><span class=\"wpcf7-form-control-wrap\" data-name=\"consent\"><span class=\"wpcf7-form-control wpcf7-acceptance\"><span class=\"wpcf7-list-item\"><input type=\"checkbox\" name=\"consent\" value=\"1\" aria-invalid=\"false\" id=\"consent\" \/><\/span><\/span><\/span><label for=\"consent\">Jag samtycker till att mina personuppgifter lagras<\/label>.<\/strong>\n            <\/p>\n<p>\n                <input type=\"submit\" class=\"basic-button\" value=\"Skicka meddelande\">\n            <\/p>\n<p style=\"display: none !important;\"><label>&#916;<textarea name=\"_wpcf7_ak_hp_textarea\" cols=\"45\" rows=\"8\" maxlength=\"100\"><\/textarea><\/label><input type=\"hidden\" id=\"ak_js_1\" name=\"_wpcf7_ak_js\" value=\"233\"\/><script>document.getElementById( \"ak_js_1\" ).setAttribute( \"value\", ( new Date() ).getTime() );<\/script><\/p><div class=\"wpcf7-response-output\" aria-hidden=\"true\"><\/div><\/form><\/div><\/div>\n<\/div>\n<\/div>\n","protected":false},"excerpt":{"rendered":"<p>H\u00e4r finner du information om du hittar till oss och olika s\u00e4tt att komma i kontakt med oss p\u00e5 \u00c5nnaboda Vandrarhotell. Du kan ringa, maila eller skicka ett meddelande via [&hellip;]<\/p>\n","protected":false},"author":1,"featured_media":0,"parent":0,"menu_order":0,"comment_status":"closed","ping_status":"closed","template":"small-template.php","meta":[],"yoast_head":"<!-- This site is optimized with the Yoast SEO plugin v19.5.1 - https:\/\/yoast.com\/wordpress\/plugins\/seo\/ -->\n<title>Kontakt | \u00c5nnaboda Vandrarhotell<\/title>\n<meta name=\"description\" content=\"H\u00e4r finner du information om du hittar till oss och olika s\u00e4tt att komma i kontakt med oss p\u00e5 \u00c5nnaboda Vandrarhotell.\" \/>\n<meta name=\"robots\" content=\"index, follow, max-snippet:-1, max-image-preview:large, max-video-preview:-1\" \/>\n<link rel=\"canonical\" href=\"https:\/\/studenter.miun.se\/~sowi2102\/writeable\/wordpress\/kontakt\/\" \/>\n<meta property=\"og:locale\" content=\"en_US\" \/>\n<meta property=\"og:type\" content=\"article\" \/>\n<meta property=\"og:title\" content=\"Kontakt | \u00c5nnaboda Vandrarhotell\" \/>\n<meta property=\"og:description\" content=\"H\u00e4r finner du information om du hittar till oss och olika s\u00e4tt att komma i kontakt med oss p\u00e5 \u00c5nnaboda Vandrarhotell.\" \/>\n<meta property=\"og:url\" content=\"https:\/\/studenter.miun.se\/~sowi2102\/writeable\/wordpress\/kontakt\/\" \/>\n<meta property=\"og:site_name\" content=\"\u00c5nnaboda Vandrarhotell\" \/>\n<meta property=\"article:modified_time\" content=\"2022-08-17T19:06:16+00:00\" \/>\n<meta name=\"twitter:card\" content=\"summary_large_image\" \/>\n<meta name=\"twitter:label1\" content=\"Est. reading time\" \/>\n\t<meta name=\"twitter:data1\" content=\"1 minute\" \/>\n<script type=\"application\/ld+json\" class=\"yoast-schema-graph\">{\"@context\":\"https:\/\/schema.org\",\"@graph\":[{\"@type\":\"WebPage\",\"@id\":\"https:\/\/studenter.miun.se\/~sowi2102\/writeable\/wordpress\/kontakt\/\",\"url\":\"https:\/\/studenter.miun.se\/~sowi2102\/writeable\/wordpress\/kontakt\/\",\"name\":\"Kontakt | \u00c5nnaboda Vandrarhotell\",\"isPartOf\":{\"@id\":\"https:\/\/studenter.miun.se\/~sowi2102\/writeable\/wordpress\/#website\"},\"datePublished\":\"2022-08-12T20:44:21+00:00\",\"dateModified\":\"2022-08-17T19:06:16+00:00\",\"description\":\"H\u00e4r finner du information om du hittar till oss och olika s\u00e4tt att komma i kontakt med oss p\u00e5 \u00c5nnaboda Vandrarhotell.\",\"breadcrumb\":{\"@id\":\"https:\/\/studenter.miun.se\/~sowi2102\/writeable\/wordpress\/kontakt\/#breadcrumb\"},\"inLanguage\":\"en-US\",\"potentialAction\":[{\"@type\":\"ReadAction\",\"target\":[\"https:\/\/studenter.miun.se\/~sowi2102\/writeable\/wordpress\/kontakt\/\"]}]},{\"@type\":\"BreadcrumbList\",\"@id\":\"https:\/\/studenter.miun.se\/~sowi2102\/writeable\/wordpress\/kontakt\/#breadcrumb\",\"itemListElement\":[{\"@type\":\"ListItem\",\"position\":1,\"name\":\"Home\",\"item\":\"https:\/\/studenter.miun.se\/~sowi2102\/writeable\/wordpress\/\"},{\"@type\":\"ListItem\",\"position\":2,\"name\":\"Kontakt\"}]},{\"@type\":\"WebSite\",\"@id\":\"https:\/\/studenter.miun.se\/~sowi2102\/writeable\/wordpress\/#website\",\"url\":\"https:\/\/studenter.miun.se\/~sowi2102\/writeable\/wordpress\/\",\"name\":\"\u00c5nnaboda Vandrarhotell\",\"description\":\"\",\"publisher\":{\"@id\":\"https:\/\/studenter.miun.se\/~sowi2102\/writeable\/wordpress\/#organization\"},\"potentialAction\":[{\"@type\":\"SearchAction\",\"target\":{\"@type\":\"EntryPoint\",\"urlTemplate\":\"https:\/\/studenter.miun.se\/~sowi2102\/writeable\/wordpress\/?s={search_term_string}\"},\"query-input\":\"required name=search_term_string\"}],\"inLanguage\":\"en-US\"},{\"@type\":\"Organization\",\"@id\":\"https:\/\/studenter.miun.se\/~sowi2102\/writeable\/wordpress\/#organization\",\"name\":\"\u00c5nnaboda Vandrarhotell\",\"url\":\"https:\/\/studenter.miun.se\/~sowi2102\/writeable\/wordpress\/\",\"sameAs\":[],\"logo\":{\"@type\":\"ImageObject\",\"inLanguage\":\"en-US\",\"@id\":\"https:\/\/studenter.miun.se\/~sowi2102\/writeable\/wordpress\/#\/schema\/logo\/image\/\",\"url\":\"https:\/\/studenter.miun.se\/~sowi2102\/writeable\/wordpress\/wp-content\/uploads\/2022\/08\/logotyp.png\",\"contentUrl\":\"https:\/\/studenter.miun.se\/~sowi2102\/writeable\/wordpress\/wp-content\/uploads\/2022\/08\/logotyp.png\",\"width\":415,\"height\":100,\"caption\":\"\u00c5nnaboda Vandrarhotell\"},\"image\":{\"@id\":\"https:\/\/studenter.miun.se\/~sowi2102\/writeable\/wordpress\/#\/schema\/logo\/image\/\"}}]}<\/script>\n<!-- \/ Yoast SEO plugin. -->","yoast_head_json":{"title":"Kontakt | \u00c5nnaboda Vandrarhotell","description":"H\u00e4r finner du information om du hittar till oss och olika s\u00e4tt att komma i kontakt med oss p\u00e5 \u00c5nnaboda Vandrarhotell.","robots":{"index":"index","follow":"follow","max-snippet":"max-snippet:-1","max-image-preview":"max-image-preview:large","max-video-preview":"max-video-preview:-1"},"canonical":"https:\/\/studenter.miun.se\/~sowi2102\/writeable\/wordpress\/kontakt\/","og_locale":"en_US","og_type":"article","og_title":"Kontakt | \u00c5nnaboda Vandrarhotell","og_description":"H\u00e4r finner du information om du hittar till oss och olika s\u00e4tt att komma i kontakt med oss p\u00e5 \u00c5nnaboda Vandrarhotell.","og_url":"https:\/\/studenter.miun.se\/~sowi2102\/writeable\/wordpress\/kontakt\/","og_site_name":"\u00c5nnaboda Vandrarhotell","article_modified_time":"2022-08-17T19:06:16+00:00","twitter_card":"summary_large_image","twitter_misc":{"Est. reading time":"1 minute"},"schema":{"@context":"https:\/\/schema.org","@graph":[{"@type":"WebPage","@id":"https:\/\/studenter.miun.se\/~sowi2102\/writeable\/wordpress\/kontakt\/","url":"https:\/\/studenter.miun.se\/~sowi2102\/writeable\/wordpress\/kontakt\/","name":"Kontakt | \u00c5nnaboda Vandrarhotell","isPartOf":{"@id":"https:\/\/studenter.miun.se\/~sowi2102\/writeable\/wordpress\/#website"},"datePublished":"2022-08-12T20:44:21+00:00","dateModified":"2022-08-17T19:06:16+00:00","description":"H\u00e4r finner du information om du hittar till oss och olika s\u00e4tt att komma i kontakt med oss p\u00e5 \u00c5nnaboda Vandrarhotell.","breadcrumb":{"@id":"https:\/\/studenter.miun.se\/~sowi2102\/writeable\/wordpress\/kontakt\/#breadcrumb"},"inLanguage":"en-US","potentialAction":[{"@type":"ReadAction","target":["https:\/\/studenter.miun.se\/~sowi2102\/writeable\/wordpress\/kontakt\/"]}]},{"@type":"BreadcrumbList","@id":"https:\/\/studenter.miun.se\/~sowi2102\/writeable\/wordpress\/kontakt\/#breadcrumb","itemListElement":[{"@type":"ListItem","position":1,"name":"Home","item":"https:\/\/studenter.miun.se\/~sowi2102\/writeable\/wordpress\/"},{"@type":"ListItem","position":2,"name":"Kontakt"}]},{"@type":"WebSite","@id":"https:\/\/studenter.miun.se\/~sowi2102\/writeable\/wordpress\/#website","url":"https:\/\/studenter.miun.se\/~sowi2102\/writeable\/wordpress\/","name":"\u00c5nnaboda Vandrarhotell","description":"","publisher":{"@id":"https:\/\/studenter.miun.se\/~sowi2102\/writeable\/wordpress\/#organization"},"potentialAction":[{"@type":"SearchAction","target":{"@type":"EntryPoint","urlTemplate":"https:\/\/studenter.miun.se\/~sowi2102\/writeable\/wordpress\/?s={search_term_string}"},"query-input":"required name=search_term_string"}],"inLanguage":"en-US"},{"@type":"Organization","@id":"https:\/\/studenter.miun.se\/~sowi2102\/writeable\/wordpress\/#organization","name":"\u00c5nnaboda Vandrarhotell","url":"https:\/\/studenter.miun.se\/~sowi2102\/writeable\/wordpress\/","sameAs":[],"logo":{"@type":"ImageObject","inLanguage":"en-US","@id":"https:\/\/studenter.miun.se\/~sowi2102\/writeable\/wordpress\/#\/schema\/logo\/image\/","url":"https:\/\/studenter.miun.se\/~sowi2102\/writeable\/wordpress\/wp-content\/uploads\/2022\/08\/logotyp.png","contentUrl":"https:\/\/studenter.miun.se\/~sowi2102\/writeable\/wordpress\/wp-content\/uploads\/2022\/08\/logotyp.png","width":415,"height":100,"caption":"\u00c5nnaboda Vandrarhotell"},"image":{"@id":"https:\/\/studenter.miun.se\/~sowi2102\/writeable\/wordpress\/#\/schema\/logo\/image\/"}}]}},"_links":{"self":[{"href":"https:\/\/studenter.miun.se\/~sowi2102\/writeable\/wordpress\/wp-json\/wp\/v2\/pages\/160"}],"collection":[{"href":"https:\/\/studenter.miun.se\/~sowi2102\/writeable\/wordpress\/wp-json\/wp\/v2\/pages"}],"about":[{"href":"https:\/\/studenter.miun.se\/~sowi2102\/writeable\/wordpress\/wp-json\/wp\/v2\/types\/page"}],"author":[{"embeddable":true,"href":"https:\/\/studenter.miun.se\/~sowi2102\/writeable\/wordpress\/wp-json\/wp\/v2\/users\/1"}],"replies":[{"embeddable":true,"href":"https:\/\/studenter.miun.se\/~sowi2102\/writeable\/wordpress\/wp-json\/wp\/v2\/comments?post=160"}],"version-history":[{"count":5,"href":"https:\/\/studenter.miun.se\/~sowi2102\/writeable\/wordpress\/wp-json\/wp\/v2\/pages\/160\/revisions"}],"predecessor-version":[{"id":304,"href":"https:\/\/studenter.miun.se\/~sowi2102\/writeable\/wordpress\/wp-json\/wp\/v2\/pages\/160\/revisions\/304"}],"wp:attachment":[{"href":"https:\/\/studenter.miun.se\/~sowi2102\/writeable\/wordpress\/wp-json\/wp\/v2\/media?parent=160"}],"curies":[{"name":"wp","href":"https:\/\/api.w.org\/{rel}","templated":true}]}}