{"id":12,"date":"2023-04-24T13:16:44","date_gmt":"2023-04-24T13:16:44","guid":{"rendered":"https:\/\/studenter.miun.se\/~vifa2201\/writeable\/DT197G\/moment3.3\/?page_id=12"},"modified":"2023-05-02T09:04:45","modified_gmt":"2023-05-02T09:04:45","slug":"om-oss","status":"publish","type":"page","link":"https:\/\/studenter.miun.se\/~vifa2201\/writeable\/DT197G\/moment3.3\/skogab\/om-oss\/","title":{"rendered":"Om oss"},"content":{"rendered":"\n<p>SkogAB \u00e4r ett skogsbolag i Sundsvall med l\u00e5ng erfarenhet och djup kunskap inom skogsbruk. Oavsett om du vill plantera, r\u00f6ja eller avverka skog kan du v\u00e4nda dig till oss f\u00f6r skoglig r\u00e5dgivning och en bred service. Vi \u00e4r experter p\u00e5 att maximera nyttan av skogen p\u00e5 ett h\u00e5llbart s\u00e4tt. Kontakta oss g\u00e4rna!<\/p>\n\n\n\n<p><\/p>\n","protected":false},"excerpt":{"rendered":"<p>SkogAB \u00e4r ett skogsbolag i Sundsvall med l\u00e5ng erfarenhet och djup kunskap inom skogsbruk. Oavsett om du vill plantera, r\u00f6ja eller avverka skog kan du v\u00e4nda dig till oss f\u00f6r skoglig r\u00e5dgivning och en bred service. Vi \u00e4r experter p\u00e5 att maximera nyttan av skogen p\u00e5 ett h\u00e5llbart s\u00e4tt. Kontakta oss g\u00e4rna!<\/p>\n","protected":false},"author":1,"featured_media":62,"parent":9,"menu_order":0,"comment_status":"closed","ping_status":"closed","template":"","meta":[],"yoast_head":"<!-- This site is optimized with the Yoast SEO plugin v20.6 - https:\/\/yoast.com\/wordpress\/plugins\/seo\/ -->\n<title>Om oss - SkogAB<\/title>\n<meta name=\"description\" content=\"SkogAB \u00e4r experter p\u00e5 allt som r\u00f6r skog. Skogsavverkning och skogsv\u00e5rd. Vill du ha hj\u00e4lp tveka inte att kontakta oss!\" \/>\n<meta name=\"robots\" content=\"index, follow, max-snippet:-1, max-image-preview:large, max-video-preview:-1\" \/>\n<link rel=\"canonical\" href=\"https:\/\/studenter.miun.se\/~vifa2201\/writeable\/DT197G\/moment3.3\/skogab\/om-oss\/\" \/>\n<meta property=\"og:locale\" content=\"en_US\" \/>\n<meta property=\"og:type\" content=\"article\" \/>\n<meta property=\"og:title\" content=\"Om oss - SkogAB\" \/>\n<meta property=\"og:description\" content=\"SkogAB \u00e4r experter p\u00e5 allt som r\u00f6r skog. Skogsavverkning och skogsv\u00e5rd. Vill du ha hj\u00e4lp tveka inte att kontakta oss!\" \/>\n<meta property=\"og:url\" content=\"https:\/\/studenter.miun.se\/~vifa2201\/writeable\/DT197G\/moment3.3\/skogab\/om-oss\/\" \/>\n<meta property=\"og:site_name\" content=\"SkogAB\" \/>\n<meta property=\"article:modified_time\" content=\"2023-05-02T09:04:45+00:00\" \/>\n<meta property=\"og:image\" content=\"https:\/\/studenter.miun.se\/~vifa2201\/writeable\/DT197G\/moment3.3\/wp-content\/uploads\/2023\/04\/Skarmavbild-2023-04-26-kl.-15.09.24.png\" \/>\n\t<meta property=\"og:image:width\" content=\"794\" \/>\n\t<meta property=\"og:image:height\" content=\"480\" \/>\n\t<meta property=\"og:image:type\" content=\"image\/png\" \/>\n<meta name=\"twitter:card\" content=\"summary_large_image\" \/>\n<meta name=\"twitter:label1\" content=\"Est. reading time\" \/>\n\t<meta name=\"twitter:data1\" content=\"1 minute\" \/>\n<script type=\"application\/ld+json\" class=\"yoast-schema-graph\">{\"@context\":\"https:\/\/schema.org\",\"@graph\":[{\"@type\":\"WebPage\",\"@id\":\"https:\/\/studenter.miun.se\/~vifa2201\/writeable\/DT197G\/moment3.3\/skogab\/om-oss\/\",\"url\":\"https:\/\/studenter.miun.se\/~vifa2201\/writeable\/DT197G\/moment3.3\/skogab\/om-oss\/\",\"name\":\"Om oss - SkogAB\",\"isPartOf\":{\"@id\":\"https:\/\/studenter.miun.se\/~vifa2201\/writeable\/DT197G\/moment3.3\/#website\"},\"datePublished\":\"2023-04-24T13:16:44+00:00\",\"dateModified\":\"2023-05-02T09:04:45+00:00\",\"description\":\"SkogAB \u00e4r experter p\u00e5 allt som r\u00f6r skog. Skogsavverkning och skogsv\u00e5rd. Vill du ha hj\u00e4lp tveka inte att kontakta oss!\",\"breadcrumb\":{\"@id\":\"https:\/\/studenter.miun.se\/~vifa2201\/writeable\/DT197G\/moment3.3\/skogab\/om-oss\/#breadcrumb\"},\"inLanguage\":\"en-US\",\"potentialAction\":[{\"@type\":\"ReadAction\",\"target\":[\"https:\/\/studenter.miun.se\/~vifa2201\/writeable\/DT197G\/moment3.3\/skogab\/om-oss\/\"]}]},{\"@type\":\"BreadcrumbList\",\"@id\":\"https:\/\/studenter.miun.se\/~vifa2201\/writeable\/DT197G\/moment3.3\/skogab\/om-oss\/#breadcrumb\",\"itemListElement\":[{\"@type\":\"ListItem\",\"position\":1,\"name\":\"SkogAB\",\"item\":\"https:\/\/studenter.miun.se\/~vifa2201\/writeable\/DT197G\/moment3.3\/\"},{\"@type\":\"ListItem\",\"position\":2,\"name\":\"Om oss\"}]},{\"@type\":\"WebSite\",\"@id\":\"https:\/\/studenter.miun.se\/~vifa2201\/writeable\/DT197G\/moment3.3\/#website\",\"url\":\"https:\/\/studenter.miun.se\/~vifa2201\/writeable\/DT197G\/moment3.3\/\",\"name\":\"SkogAB\",\"description\":\"\",\"publisher\":{\"@id\":\"https:\/\/studenter.miun.se\/~vifa2201\/writeable\/DT197G\/moment3.3\/#organization\"},\"potentialAction\":[{\"@type\":\"SearchAction\",\"target\":{\"@type\":\"EntryPoint\",\"urlTemplate\":\"https:\/\/studenter.miun.se\/~vifa2201\/writeable\/DT197G\/moment3.3\/?s={search_term_string}\"},\"query-input\":\"required name=search_term_string\"}],\"inLanguage\":\"en-US\"},{\"@type\":\"Organization\",\"@id\":\"https:\/\/studenter.miun.se\/~vifa2201\/writeable\/DT197G\/moment3.3\/#organization\",\"name\":\"SkogAB\",\"url\":\"https:\/\/studenter.miun.se\/~vifa2201\/writeable\/DT197G\/moment3.3\/\",\"logo\":{\"@type\":\"ImageObject\",\"inLanguage\":\"en-US\",\"@id\":\"https:\/\/studenter.miun.se\/~vifa2201\/writeable\/DT197G\/moment3.3\/#\/schema\/logo\/image\/\",\"url\":\"https:\/\/studenter.miun.se\/~vifa2201\/writeable\/DT197G\/moment3.3\/wp-content\/uploads\/2023\/04\/Skarmavbild-2023-04-26-kl.-15.09.24.png\",\"contentUrl\":\"https:\/\/studenter.miun.se\/~vifa2201\/writeable\/DT197G\/moment3.3\/wp-content\/uploads\/2023\/04\/Skarmavbild-2023-04-26-kl.-15.09.24.png\",\"width\":794,\"height\":480,\"caption\":\"SkogAB\"},\"image\":{\"@id\":\"https:\/\/studenter.miun.se\/~vifa2201\/writeable\/DT197G\/moment3.3\/#\/schema\/logo\/image\/\"}}]}<\/script>\n<!-- \/ Yoast SEO plugin. -->","yoast_head_json":{"title":"Om oss - SkogAB","description":"SkogAB \u00e4r experter p\u00e5 allt som r\u00f6r skog. Skogsavverkning och skogsv\u00e5rd. Vill du ha hj\u00e4lp tveka inte att kontakta oss!","robots":{"index":"index","follow":"follow","max-snippet":"max-snippet:-1","max-image-preview":"max-image-preview:large","max-video-preview":"max-video-preview:-1"},"canonical":"https:\/\/studenter.miun.se\/~vifa2201\/writeable\/DT197G\/moment3.3\/skogab\/om-oss\/","og_locale":"en_US","og_type":"article","og_title":"Om oss - SkogAB","og_description":"SkogAB \u00e4r experter p\u00e5 allt som r\u00f6r skog. Skogsavverkning och skogsv\u00e5rd. Vill du ha hj\u00e4lp tveka inte att kontakta oss!","og_url":"https:\/\/studenter.miun.se\/~vifa2201\/writeable\/DT197G\/moment3.3\/skogab\/om-oss\/","og_site_name":"SkogAB","article_modified_time":"2023-05-02T09:04:45+00:00","og_image":[{"width":794,"height":480,"url":"https:\/\/studenter.miun.se\/~vifa2201\/writeable\/DT197G\/moment3.3\/wp-content\/uploads\/2023\/04\/Skarmavbild-2023-04-26-kl.-15.09.24.png","type":"image\/png"}],"twitter_card":"summary_large_image","twitter_misc":{"Est. reading time":"1 minute"},"schema":{"@context":"https:\/\/schema.org","@graph":[{"@type":"WebPage","@id":"https:\/\/studenter.miun.se\/~vifa2201\/writeable\/DT197G\/moment3.3\/skogab\/om-oss\/","url":"https:\/\/studenter.miun.se\/~vifa2201\/writeable\/DT197G\/moment3.3\/skogab\/om-oss\/","name":"Om oss - SkogAB","isPartOf":{"@id":"https:\/\/studenter.miun.se\/~vifa2201\/writeable\/DT197G\/moment3.3\/#website"},"datePublished":"2023-04-24T13:16:44+00:00","dateModified":"2023-05-02T09:04:45+00:00","description":"SkogAB \u00e4r experter p\u00e5 allt som r\u00f6r skog. Skogsavverkning och skogsv\u00e5rd. Vill du ha hj\u00e4lp tveka inte att kontakta oss!","breadcrumb":{"@id":"https:\/\/studenter.miun.se\/~vifa2201\/writeable\/DT197G\/moment3.3\/skogab\/om-oss\/#breadcrumb"},"inLanguage":"en-US","potentialAction":[{"@type":"ReadAction","target":["https:\/\/studenter.miun.se\/~vifa2201\/writeable\/DT197G\/moment3.3\/skogab\/om-oss\/"]}]},{"@type":"BreadcrumbList","@id":"https:\/\/studenter.miun.se\/~vifa2201\/writeable\/DT197G\/moment3.3\/skogab\/om-oss\/#breadcrumb","itemListElement":[{"@type":"ListItem","position":1,"name":"SkogAB","item":"https:\/\/studenter.miun.se\/~vifa2201\/writeable\/DT197G\/moment3.3\/"},{"@type":"ListItem","position":2,"name":"Om oss"}]},{"@type":"WebSite","@id":"https:\/\/studenter.miun.se\/~vifa2201\/writeable\/DT197G\/moment3.3\/#website","url":"https:\/\/studenter.miun.se\/~vifa2201\/writeable\/DT197G\/moment3.3\/","name":"SkogAB","description":"","publisher":{"@id":"https:\/\/studenter.miun.se\/~vifa2201\/writeable\/DT197G\/moment3.3\/#organization"},"potentialAction":[{"@type":"SearchAction","target":{"@type":"EntryPoint","urlTemplate":"https:\/\/studenter.miun.se\/~vifa2201\/writeable\/DT197G\/moment3.3\/?s={search_term_string}"},"query-input":"required name=search_term_string"}],"inLanguage":"en-US"},{"@type":"Organization","@id":"https:\/\/studenter.miun.se\/~vifa2201\/writeable\/DT197G\/moment3.3\/#organization","name":"SkogAB","url":"https:\/\/studenter.miun.se\/~vifa2201\/writeable\/DT197G\/moment3.3\/","logo":{"@type":"ImageObject","inLanguage":"en-US","@id":"https:\/\/studenter.miun.se\/~vifa2201\/writeable\/DT197G\/moment3.3\/#\/schema\/logo\/image\/","url":"https:\/\/studenter.miun.se\/~vifa2201\/writeable\/DT197G\/moment3.3\/wp-content\/uploads\/2023\/04\/Skarmavbild-2023-04-26-kl.-15.09.24.png","contentUrl":"https:\/\/studenter.miun.se\/~vifa2201\/writeable\/DT197G\/moment3.3\/wp-content\/uploads\/2023\/04\/Skarmavbild-2023-04-26-kl.-15.09.24.png","width":794,"height":480,"caption":"SkogAB"},"image":{"@id":"https:\/\/studenter.miun.se\/~vifa2201\/writeable\/DT197G\/moment3.3\/#\/schema\/logo\/image\/"}}]}},"_links":{"self":[{"href":"https:\/\/studenter.miun.se\/~vifa2201\/writeable\/DT197G\/moment3.3\/wp-json\/wp\/v2\/pages\/12"}],"collection":[{"href":"https:\/\/studenter.miun.se\/~vifa2201\/writeable\/DT197G\/moment3.3\/wp-json\/wp\/v2\/pages"}],"about":[{"href":"https:\/\/studenter.miun.se\/~vifa2201\/writeable\/DT197G\/moment3.3\/wp-json\/wp\/v2\/types\/page"}],"author":[{"embeddable":true,"href":"https:\/\/studenter.miun.se\/~vifa2201\/writeable\/DT197G\/moment3.3\/wp-json\/wp\/v2\/users\/1"}],"replies":[{"embeddable":true,"href":"https:\/\/studenter.miun.se\/~vifa2201\/writeable\/DT197G\/moment3.3\/wp-json\/wp\/v2\/comments?post=12"}],"version-history":[{"count":9,"href":"https:\/\/studenter.miun.se\/~vifa2201\/writeable\/DT197G\/moment3.3\/wp-json\/wp\/v2\/pages\/12\/revisions"}],"predecessor-version":[{"id":88,"href":"https:\/\/studenter.miun.se\/~vifa2201\/writeable\/DT197G\/moment3.3\/wp-json\/wp\/v2\/pages\/12\/revisions\/88"}],"up":[{"embeddable":true,"href":"https:\/\/studenter.miun.se\/~vifa2201\/writeable\/DT197G\/moment3.3\/wp-json\/wp\/v2\/pages\/9"}],"wp:featuredmedia":[{"embeddable":true,"href":"https:\/\/studenter.miun.se\/~vifa2201\/writeable\/DT197G\/moment3.3\/wp-json\/wp\/v2\/media\/62"}],"wp:attachment":[{"href":"https:\/\/studenter.miun.se\/~vifa2201\/writeable\/DT197G\/moment3.3\/wp-json\/wp\/v2\/media?parent=12"}],"curies":[{"name":"wp","href":"https:\/\/api.w.org\/{rel}","templated":true}]}}