{"id":164,"date":"2023-05-08T09:47:59","date_gmt":"2023-05-08T07:47:59","guid":{"rendered":"https:\/\/studenter.miun.se\/~vifa2201\/writeable\/DT197G\/moment3.3\/?page_id=164"},"modified":"2023-05-08T09:48:01","modified_gmt":"2023-05-08T07:48:01","slug":"testsida","status":"publish","type":"page","link":"https:\/\/studenter.miun.se\/~vifa2201\/writeable\/DT197G\/moment3.3\/testsida\/","title":{"rendered":"Testsida"},"content":{"rendered":"\n<p>Testar en undersida ocks\u00e5.<\/p>\n","protected":false},"excerpt":{"rendered":"<p>Testar en undersida ocks\u00e5.<\/p>\n","protected":false},"author":1,"featured_media":0,"parent":0,"menu_order":0,"comment_status":"closed","ping_status":"closed","template":"","meta":[],"yoast_head":"<!-- This site is optimized with the Yoast SEO plugin v20.6 - https:\/\/yoast.com\/wordpress\/plugins\/seo\/ -->\n<title>Testsida - SkogAB<\/title>\n<meta name=\"description\" content=\"SkogAB \u00e4r experter p\u00e5 skogsavverkning och skogsv\u00e5rd. V\u00e5rt erfarna team anv\u00e4nder modern teknik f\u00f6r effektiv och h\u00e5llbar tr\u00e4df\u00e4llning. Kontakta oss f\u00f6r ansvarsfull skogshantering.\" \/>\n<meta name=\"robots\" content=\"index, follow, max-snippet:-1, max-image-preview:large, max-video-preview:-1\" \/>\n<link rel=\"canonical\" href=\"https:\/\/studenter.miun.se\/~vifa2201\/writeable\/DT197G\/moment3.3\/testsida\/\" \/>\n<meta property=\"og:locale\" content=\"en_US\" \/>\n<meta property=\"og:type\" content=\"article\" \/>\n<meta property=\"og:title\" content=\"Testsida - SkogAB\" \/>\n<meta property=\"og:description\" content=\"SkogAB \u00e4r experter p\u00e5 skogsavverkning och skogsv\u00e5rd. V\u00e5rt erfarna team anv\u00e4nder modern teknik f\u00f6r effektiv och h\u00e5llbar tr\u00e4df\u00e4llning. Kontakta oss f\u00f6r ansvarsfull skogshantering.\" \/>\n<meta property=\"og:url\" content=\"https:\/\/studenter.miun.se\/~vifa2201\/writeable\/DT197G\/moment3.3\/testsida\/\" \/>\n<meta property=\"og:site_name\" content=\"SkogAB\" \/>\n<meta property=\"article:modified_time\" content=\"2023-05-08T07:48:01+00:00\" \/>\n<meta name=\"twitter:card\" content=\"summary_large_image\" \/>\n<meta name=\"twitter:label1\" content=\"Est. reading time\" \/>\n\t<meta name=\"twitter:data1\" content=\"1 minute\" \/>\n<script type=\"application\/ld+json\" class=\"yoast-schema-graph\">{\"@context\":\"https:\/\/schema.org\",\"@graph\":[{\"@type\":\"WebPage\",\"@id\":\"https:\/\/studenter.miun.se\/~vifa2201\/writeable\/DT197G\/moment3.3\/testsida\/\",\"url\":\"https:\/\/studenter.miun.se\/~vifa2201\/writeable\/DT197G\/moment3.3\/testsida\/\",\"name\":\"Testsida - SkogAB\",\"isPartOf\":{\"@id\":\"https:\/\/studenter.miun.se\/~vifa2201\/writeable\/DT197G\/moment3.3\/#website\"},\"datePublished\":\"2023-05-08T07:47:59+00:00\",\"dateModified\":\"2023-05-08T07:48:01+00:00\",\"description\":\"SkogAB \u00e4r experter p\u00e5 skogsavverkning och skogsv\u00e5rd. V\u00e5rt erfarna team anv\u00e4nder modern teknik f\u00f6r effektiv och h\u00e5llbar tr\u00e4df\u00e4llning. Kontakta oss f\u00f6r ansvarsfull skogshantering.\",\"inLanguage\":\"en-US\",\"potentialAction\":[{\"@type\":\"ReadAction\",\"target\":[\"https:\/\/studenter.miun.se\/~vifa2201\/writeable\/DT197G\/moment3.3\/testsida\/\"]}]},{\"@type\":\"WebSite\",\"@id\":\"https:\/\/studenter.miun.se\/~vifa2201\/writeable\/DT197G\/moment3.3\/#website\",\"url\":\"https:\/\/studenter.miun.se\/~vifa2201\/writeable\/DT197G\/moment3.3\/\",\"name\":\"SkogAB\",\"description\":\"\",\"publisher\":{\"@id\":\"https:\/\/studenter.miun.se\/~vifa2201\/writeable\/DT197G\/moment3.3\/#organization\"},\"potentialAction\":[{\"@type\":\"SearchAction\",\"target\":{\"@type\":\"EntryPoint\",\"urlTemplate\":\"https:\/\/studenter.miun.se\/~vifa2201\/writeable\/DT197G\/moment3.3\/?s={search_term_string}\"},\"query-input\":\"required name=search_term_string\"}],\"inLanguage\":\"en-US\"},{\"@type\":\"Organization\",\"@id\":\"https:\/\/studenter.miun.se\/~vifa2201\/writeable\/DT197G\/moment3.3\/#organization\",\"name\":\"SkogAB\",\"url\":\"https:\/\/studenter.miun.se\/~vifa2201\/writeable\/DT197G\/moment3.3\/\",\"logo\":{\"@type\":\"ImageObject\",\"inLanguage\":\"en-US\",\"@id\":\"https:\/\/studenter.miun.se\/~vifa2201\/writeable\/DT197G\/moment3.3\/#\/schema\/logo\/image\/\",\"url\":\"https:\/\/studenter.miun.se\/~vifa2201\/writeable\/DT197G\/moment3.3\/wp-content\/uploads\/2023\/04\/Skarmavbild-2023-04-26-kl.-15.09.24.png\",\"contentUrl\":\"https:\/\/studenter.miun.se\/~vifa2201\/writeable\/DT197G\/moment3.3\/wp-content\/uploads\/2023\/04\/Skarmavbild-2023-04-26-kl.-15.09.24.png\",\"width\":794,\"height\":480,\"caption\":\"SkogAB\"},\"image\":{\"@id\":\"https:\/\/studenter.miun.se\/~vifa2201\/writeable\/DT197G\/moment3.3\/#\/schema\/logo\/image\/\"}}]}<\/script>\n<!-- \/ Yoast SEO plugin. -->","yoast_head_json":{"title":"Testsida - SkogAB","description":"SkogAB \u00e4r experter p\u00e5 skogsavverkning och skogsv\u00e5rd. V\u00e5rt erfarna team anv\u00e4nder modern teknik f\u00f6r effektiv och h\u00e5llbar tr\u00e4df\u00e4llning. Kontakta oss f\u00f6r ansvarsfull skogshantering.","robots":{"index":"index","follow":"follow","max-snippet":"max-snippet:-1","max-image-preview":"max-image-preview:large","max-video-preview":"max-video-preview:-1"},"canonical":"https:\/\/studenter.miun.se\/~vifa2201\/writeable\/DT197G\/moment3.3\/testsida\/","og_locale":"en_US","og_type":"article","og_title":"Testsida - SkogAB","og_description":"SkogAB \u00e4r experter p\u00e5 skogsavverkning och skogsv\u00e5rd. V\u00e5rt erfarna team anv\u00e4nder modern teknik f\u00f6r effektiv och h\u00e5llbar tr\u00e4df\u00e4llning. Kontakta oss f\u00f6r ansvarsfull skogshantering.","og_url":"https:\/\/studenter.miun.se\/~vifa2201\/writeable\/DT197G\/moment3.3\/testsida\/","og_site_name":"SkogAB","article_modified_time":"2023-05-08T07:48:01+00:00","twitter_card":"summary_large_image","twitter_misc":{"Est. reading time":"1 minute"},"schema":{"@context":"https:\/\/schema.org","@graph":[{"@type":"WebPage","@id":"https:\/\/studenter.miun.se\/~vifa2201\/writeable\/DT197G\/moment3.3\/testsida\/","url":"https:\/\/studenter.miun.se\/~vifa2201\/writeable\/DT197G\/moment3.3\/testsida\/","name":"Testsida - SkogAB","isPartOf":{"@id":"https:\/\/studenter.miun.se\/~vifa2201\/writeable\/DT197G\/moment3.3\/#website"},"datePublished":"2023-05-08T07:47:59+00:00","dateModified":"2023-05-08T07:48:01+00:00","description":"SkogAB \u00e4r experter p\u00e5 skogsavverkning och skogsv\u00e5rd. V\u00e5rt erfarna team anv\u00e4nder modern teknik f\u00f6r effektiv och h\u00e5llbar tr\u00e4df\u00e4llning. Kontakta oss f\u00f6r ansvarsfull skogshantering.","inLanguage":"en-US","potentialAction":[{"@type":"ReadAction","target":["https:\/\/studenter.miun.se\/~vifa2201\/writeable\/DT197G\/moment3.3\/testsida\/"]}]},{"@type":"WebSite","@id":"https:\/\/studenter.miun.se\/~vifa2201\/writeable\/DT197G\/moment3.3\/#website","url":"https:\/\/studenter.miun.se\/~vifa2201\/writeable\/DT197G\/moment3.3\/","name":"SkogAB","description":"","publisher":{"@id":"https:\/\/studenter.miun.se\/~vifa2201\/writeable\/DT197G\/moment3.3\/#organization"},"potentialAction":[{"@type":"SearchAction","target":{"@type":"EntryPoint","urlTemplate":"https:\/\/studenter.miun.se\/~vifa2201\/writeable\/DT197G\/moment3.3\/?s={search_term_string}"},"query-input":"required name=search_term_string"}],"inLanguage":"en-US"},{"@type":"Organization","@id":"https:\/\/studenter.miun.se\/~vifa2201\/writeable\/DT197G\/moment3.3\/#organization","name":"SkogAB","url":"https:\/\/studenter.miun.se\/~vifa2201\/writeable\/DT197G\/moment3.3\/","logo":{"@type":"ImageObject","inLanguage":"en-US","@id":"https:\/\/studenter.miun.se\/~vifa2201\/writeable\/DT197G\/moment3.3\/#\/schema\/logo\/image\/","url":"https:\/\/studenter.miun.se\/~vifa2201\/writeable\/DT197G\/moment3.3\/wp-content\/uploads\/2023\/04\/Skarmavbild-2023-04-26-kl.-15.09.24.png","contentUrl":"https:\/\/studenter.miun.se\/~vifa2201\/writeable\/DT197G\/moment3.3\/wp-content\/uploads\/2023\/04\/Skarmavbild-2023-04-26-kl.-15.09.24.png","width":794,"height":480,"caption":"SkogAB"},"image":{"@id":"https:\/\/studenter.miun.se\/~vifa2201\/writeable\/DT197G\/moment3.3\/#\/schema\/logo\/image\/"}}]}},"_links":{"self":[{"href":"https:\/\/studenter.miun.se\/~vifa2201\/writeable\/DT197G\/moment3.3\/wp-json\/wp\/v2\/pages\/164"}],"collection":[{"href":"https:\/\/studenter.miun.se\/~vifa2201\/writeable\/DT197G\/moment3.3\/wp-json\/wp\/v2\/pages"}],"about":[{"href":"https:\/\/studenter.miun.se\/~vifa2201\/writeable\/DT197G\/moment3.3\/wp-json\/wp\/v2\/types\/page"}],"author":[{"embeddable":true,"href":"https:\/\/studenter.miun.se\/~vifa2201\/writeable\/DT197G\/moment3.3\/wp-json\/wp\/v2\/users\/1"}],"replies":[{"embeddable":true,"href":"https:\/\/studenter.miun.se\/~vifa2201\/writeable\/DT197G\/moment3.3\/wp-json\/wp\/v2\/comments?post=164"}],"version-history":[{"count":1,"href":"https:\/\/studenter.miun.se\/~vifa2201\/writeable\/DT197G\/moment3.3\/wp-json\/wp\/v2\/pages\/164\/revisions"}],"predecessor-version":[{"id":165,"href":"https:\/\/studenter.miun.se\/~vifa2201\/writeable\/DT197G\/moment3.3\/wp-json\/wp\/v2\/pages\/164\/revisions\/165"}],"wp:attachment":[{"href":"https:\/\/studenter.miun.se\/~vifa2201\/writeable\/DT197G\/moment3.3\/wp-json\/wp\/v2\/media?parent=164"}],"curies":[{"name":"wp","href":"https:\/\/api.w.org\/{rel}","templated":true}]}}