{"id":17,"date":"2023-04-24T13:42:24","date_gmt":"2023-04-24T13:42:24","guid":{"rendered":"https:\/\/studenter.miun.se\/~vifa2201\/writeable\/DT197G\/moment3.3\/?page_id=17"},"modified":"2023-05-04T20:27:11","modified_gmt":"2023-05-04T18:27:11","slug":"kontakta-skogab","status":"publish","type":"page","link":"https:\/\/studenter.miun.se\/~vifa2201\/writeable\/DT197G\/moment3.3\/skogab\/kontakta-skogab\/","title":{"rendered":"Kontakt"},"content":{"rendered":"\n<p><br>Kontakta SkogAB f\u00f6r skr\u00e4ddarsydd r\u00e5dgivning och en bred service inom skogsbruk. V\u00e5ra erfarna och kunniga skogsentrepren\u00f6rer \u00e4r redo att hj\u00e4lpa dig med allt fr\u00e5n skogsf\u00f6rvaltning till slutavverkning. Vi \u00e4r dedikerade till att maximera din skogs potential p\u00e5 ett h\u00e5llbart och ansvarsfullt s\u00e4tt.<\/p>\n\n\n\n<div class=\"wp-block-contact-form-7-contact-form-selector\">\n<div class=\"wpcf7 no-js\" id=\"wpcf7-f39-o1\" lang=\"en-US\" dir=\"ltr\">\n<div class=\"screen-reader-response\"><p role=\"status\" aria-live=\"polite\" aria-atomic=\"true\"><\/p> <ul><\/ul><\/div>\n<form action=\"\/~vifa2201\/writeable\/DT197G\/moment3.3\/wp-json\/wp\/v2\/pages\/17#wpcf7-f39-o1\" method=\"post\" class=\"wpcf7-form init\" aria-label=\"Contact form\" novalidate=\"novalidate\" data-status=\"init\">\n<div style=\"display: none;\">\n<input type=\"hidden\" name=\"_wpcf7\" value=\"39\" \/>\n<input type=\"hidden\" name=\"_wpcf7_version\" value=\"5.7.6\" \/>\n<input type=\"hidden\" name=\"_wpcf7_locale\" value=\"en_US\" \/>\n<input type=\"hidden\" name=\"_wpcf7_unit_tag\" value=\"wpcf7-f39-o1\" \/>\n<input type=\"hidden\" name=\"_wpcf7_container_post\" value=\"0\" \/>\n<input type=\"hidden\" name=\"_wpcf7_posted_data_hash\" value=\"\" \/>\n<\/div>\n<div id=\"formcontainer\">\n\t<div id=\"wrapper\">\n\t\t<p><label> Fullst\u00e4ndigt namn:<br \/>\n<span class=\"wpcf7-form-control-wrap\" data-name=\"your-name\"><input size=\"40\" class=\"wpcf7-form-control wpcf7-text wpcf7-validates-as-required\" autocomplete=\"name\" aria-required=\"true\" aria-invalid=\"false\" value=\"\" type=\"text\" name=\"your-name\" \/><\/span> <\/label>\n\t\t<\/p>\n\t\t<p><label> Epostadress:<br \/>\n<span class=\"wpcf7-form-control-wrap\" data-name=\"your-email\"><input size=\"40\" class=\"wpcf7-form-control wpcf7-text wpcf7-email wpcf7-validates-as-required wpcf7-validates-as-email\" autocomplete=\"email\" aria-required=\"true\" aria-invalid=\"false\" value=\"\" type=\"email\" name=\"your-email\" \/><\/span> <\/label>\n\t\t<\/p>\n\t\t<p><label id=\"label1\"> Meddelande:<br \/>\n<span class=\"wpcf7-form-control-wrap\" data-name=\"your-message\"><textarea cols=\"40\" rows=\"10\" class=\"wpcf7-form-control wpcf7-textarea wpcf7-validates-as-required\" aria-required=\"true\" aria-invalid=\"false\" name=\"your-message\"><\/textarea><\/span> <\/label>\n\t\t<\/p>\n\t\t<p><input class=\"wpcf7-form-control has-spinner wpcf7-submit\" type=\"submit\" value=\"Skicka\" \/>\n\t\t<\/p>\n\t<\/div>\n<\/div><div class=\"wpcf7-response-output\" aria-hidden=\"true\"><\/div>\n<\/form>\n<\/div>\n<\/div>\n\n\n\n<p><\/p>\n\n\n\n<p><\/p>\n","protected":false},"excerpt":{"rendered":"<p>Kontakta SkogAB f\u00f6r skr\u00e4ddarsydd r\u00e5dgivning och en bred service inom skogsbruk. V\u00e5ra erfarna och kunniga skogsentrepren\u00f6rer \u00e4r redo att hj\u00e4lpa dig med allt fr\u00e5n skogsf\u00f6rvaltning till slutavverkning. Vi \u00e4r dedikerade till att maximera din skogs potential p\u00e5 ett h\u00e5llbart och ansvarsfullt s\u00e4tt.<\/p>\n","protected":false},"author":1,"featured_media":90,"parent":9,"menu_order":0,"comment_status":"closed","ping_status":"closed","template":"","meta":[],"yoast_head":"<!-- This site is optimized with the Yoast SEO plugin v20.6 - https:\/\/yoast.com\/wordpress\/plugins\/seo\/ -->\n<title>Kontakt -<\/title>\n<meta name=\"description\" content=\"Kontakta SkogAB f\u00f6r skr\u00e4ddarsydd r\u00e5dgivning inom skogsbruk. H\u00f6r av dig till oss p\u00e5 SkogAB vi experter p\u00e5 skogsavverkning och skogsv\u00e5rd.\" \/>\n<meta name=\"robots\" content=\"index, follow, max-snippet:-1, max-image-preview:large, max-video-preview:-1\" \/>\n<link rel=\"canonical\" href=\"https:\/\/studenter.miun.se\/~vifa2201\/writeable\/DT197G\/moment3.3\/skogab\/kontakta-skogab\/\" \/>\n<meta property=\"og:locale\" content=\"en_US\" \/>\n<meta property=\"og:type\" content=\"article\" \/>\n<meta property=\"og:title\" content=\"Kontakt -\" \/>\n<meta property=\"og:description\" content=\"Kontakta SkogAB f\u00f6r skr\u00e4ddarsydd r\u00e5dgivning inom skogsbruk. H\u00f6r av dig till oss p\u00e5 SkogAB vi experter p\u00e5 skogsavverkning och skogsv\u00e5rd.\" \/>\n<meta property=\"og:url\" content=\"https:\/\/studenter.miun.se\/~vifa2201\/writeable\/DT197G\/moment3.3\/skogab\/kontakta-skogab\/\" \/>\n<meta property=\"og:site_name\" content=\"SkogAB\" \/>\n<meta property=\"article:modified_time\" content=\"2023-05-04T18:27:11+00:00\" \/>\n<meta property=\"og:image\" content=\"https:\/\/studenter.miun.se\/~vifa2201\/writeable\/DT197G\/moment3.3\/wp-content\/uploads\/2023\/05\/DSC_4041.jpg\" \/>\n\t<meta property=\"og:image:width\" content=\"1200\" \/>\n\t<meta property=\"og:image:height\" content=\"806\" \/>\n\t<meta property=\"og:image:type\" content=\"image\/jpeg\" \/>\n<meta name=\"twitter:card\" content=\"summary_large_image\" \/>\n<meta name=\"twitter:label1\" content=\"Est. reading time\" \/>\n\t<meta name=\"twitter:data1\" content=\"1 minute\" \/>\n<script type=\"application\/ld+json\" class=\"yoast-schema-graph\">{\"@context\":\"https:\/\/schema.org\",\"@graph\":[{\"@type\":\"WebPage\",\"@id\":\"https:\/\/studenter.miun.se\/~vifa2201\/writeable\/DT197G\/moment3.3\/skogab\/kontakta-skogab\/\",\"url\":\"https:\/\/studenter.miun.se\/~vifa2201\/writeable\/DT197G\/moment3.3\/skogab\/kontakta-skogab\/\",\"name\":\"Kontakt -\",\"isPartOf\":{\"@id\":\"https:\/\/studenter.miun.se\/~vifa2201\/writeable\/DT197G\/moment3.3\/#website\"},\"datePublished\":\"2023-04-24T13:42:24+00:00\",\"dateModified\":\"2023-05-04T18:27:11+00:00\",\"description\":\"Kontakta SkogAB f\u00f6r skr\u00e4ddarsydd r\u00e5dgivning inom skogsbruk. H\u00f6r av dig till oss p\u00e5 SkogAB vi experter p\u00e5 skogsavverkning och skogsv\u00e5rd.\",\"breadcrumb\":{\"@id\":\"https:\/\/studenter.miun.se\/~vifa2201\/writeable\/DT197G\/moment3.3\/skogab\/kontakta-skogab\/#breadcrumb\"},\"inLanguage\":\"en-US\",\"potentialAction\":[{\"@type\":\"ReadAction\",\"target\":[\"https:\/\/studenter.miun.se\/~vifa2201\/writeable\/DT197G\/moment3.3\/skogab\/kontakta-skogab\/\"]}]},{\"@type\":\"BreadcrumbList\",\"@id\":\"https:\/\/studenter.miun.se\/~vifa2201\/writeable\/DT197G\/moment3.3\/skogab\/kontakta-skogab\/#breadcrumb\",\"itemListElement\":[{\"@type\":\"ListItem\",\"position\":1,\"name\":\"SkogAB\",\"item\":\"https:\/\/studenter.miun.se\/~vifa2201\/writeable\/DT197G\/moment3.3\/\"},{\"@type\":\"ListItem\",\"position\":2,\"name\":\"Kontakt\"}]},{\"@type\":\"WebSite\",\"@id\":\"https:\/\/studenter.miun.se\/~vifa2201\/writeable\/DT197G\/moment3.3\/#website\",\"url\":\"https:\/\/studenter.miun.se\/~vifa2201\/writeable\/DT197G\/moment3.3\/\",\"name\":\"SkogAB\",\"description\":\"\",\"publisher\":{\"@id\":\"https:\/\/studenter.miun.se\/~vifa2201\/writeable\/DT197G\/moment3.3\/#organization\"},\"potentialAction\":[{\"@type\":\"SearchAction\",\"target\":{\"@type\":\"EntryPoint\",\"urlTemplate\":\"https:\/\/studenter.miun.se\/~vifa2201\/writeable\/DT197G\/moment3.3\/?s={search_term_string}\"},\"query-input\":\"required name=search_term_string\"}],\"inLanguage\":\"en-US\"},{\"@type\":\"Organization\",\"@id\":\"https:\/\/studenter.miun.se\/~vifa2201\/writeable\/DT197G\/moment3.3\/#organization\",\"name\":\"SkogAB\",\"url\":\"https:\/\/studenter.miun.se\/~vifa2201\/writeable\/DT197G\/moment3.3\/\",\"logo\":{\"@type\":\"ImageObject\",\"inLanguage\":\"en-US\",\"@id\":\"https:\/\/studenter.miun.se\/~vifa2201\/writeable\/DT197G\/moment3.3\/#\/schema\/logo\/image\/\",\"url\":\"https:\/\/studenter.miun.se\/~vifa2201\/writeable\/DT197G\/moment3.3\/wp-content\/uploads\/2023\/04\/Skarmavbild-2023-04-26-kl.-15.09.24.png\",\"contentUrl\":\"https:\/\/studenter.miun.se\/~vifa2201\/writeable\/DT197G\/moment3.3\/wp-content\/uploads\/2023\/04\/Skarmavbild-2023-04-26-kl.-15.09.24.png\",\"width\":794,\"height\":480,\"caption\":\"SkogAB\"},\"image\":{\"@id\":\"https:\/\/studenter.miun.se\/~vifa2201\/writeable\/DT197G\/moment3.3\/#\/schema\/logo\/image\/\"}}]}<\/script>\n<!-- \/ Yoast SEO plugin. -->","yoast_head_json":{"title":"Kontakt -","description":"Kontakta SkogAB f\u00f6r skr\u00e4ddarsydd r\u00e5dgivning inom skogsbruk. H\u00f6r av dig till oss p\u00e5 SkogAB vi experter p\u00e5 skogsavverkning och skogsv\u00e5rd.","robots":{"index":"index","follow":"follow","max-snippet":"max-snippet:-1","max-image-preview":"max-image-preview:large","max-video-preview":"max-video-preview:-1"},"canonical":"https:\/\/studenter.miun.se\/~vifa2201\/writeable\/DT197G\/moment3.3\/skogab\/kontakta-skogab\/","og_locale":"en_US","og_type":"article","og_title":"Kontakt -","og_description":"Kontakta SkogAB f\u00f6r skr\u00e4ddarsydd r\u00e5dgivning inom skogsbruk. H\u00f6r av dig till oss p\u00e5 SkogAB vi experter p\u00e5 skogsavverkning och skogsv\u00e5rd.","og_url":"https:\/\/studenter.miun.se\/~vifa2201\/writeable\/DT197G\/moment3.3\/skogab\/kontakta-skogab\/","og_site_name":"SkogAB","article_modified_time":"2023-05-04T18:27:11+00:00","og_image":[{"width":1200,"height":806,"url":"https:\/\/studenter.miun.se\/~vifa2201\/writeable\/DT197G\/moment3.3\/wp-content\/uploads\/2023\/05\/DSC_4041.jpg","type":"image\/jpeg"}],"twitter_card":"summary_large_image","twitter_misc":{"Est. reading time":"1 minute"},"schema":{"@context":"https:\/\/schema.org","@graph":[{"@type":"WebPage","@id":"https:\/\/studenter.miun.se\/~vifa2201\/writeable\/DT197G\/moment3.3\/skogab\/kontakta-skogab\/","url":"https:\/\/studenter.miun.se\/~vifa2201\/writeable\/DT197G\/moment3.3\/skogab\/kontakta-skogab\/","name":"Kontakt -","isPartOf":{"@id":"https:\/\/studenter.miun.se\/~vifa2201\/writeable\/DT197G\/moment3.3\/#website"},"datePublished":"2023-04-24T13:42:24+00:00","dateModified":"2023-05-04T18:27:11+00:00","description":"Kontakta SkogAB f\u00f6r skr\u00e4ddarsydd r\u00e5dgivning inom skogsbruk. H\u00f6r av dig till oss p\u00e5 SkogAB vi experter p\u00e5 skogsavverkning och skogsv\u00e5rd.","breadcrumb":{"@id":"https:\/\/studenter.miun.se\/~vifa2201\/writeable\/DT197G\/moment3.3\/skogab\/kontakta-skogab\/#breadcrumb"},"inLanguage":"en-US","potentialAction":[{"@type":"ReadAction","target":["https:\/\/studenter.miun.se\/~vifa2201\/writeable\/DT197G\/moment3.3\/skogab\/kontakta-skogab\/"]}]},{"@type":"BreadcrumbList","@id":"https:\/\/studenter.miun.se\/~vifa2201\/writeable\/DT197G\/moment3.3\/skogab\/kontakta-skogab\/#breadcrumb","itemListElement":[{"@type":"ListItem","position":1,"name":"SkogAB","item":"https:\/\/studenter.miun.se\/~vifa2201\/writeable\/DT197G\/moment3.3\/"},{"@type":"ListItem","position":2,"name":"Kontakt"}]},{"@type":"WebSite","@id":"https:\/\/studenter.miun.se\/~vifa2201\/writeable\/DT197G\/moment3.3\/#website","url":"https:\/\/studenter.miun.se\/~vifa2201\/writeable\/DT197G\/moment3.3\/","name":"SkogAB","description":"","publisher":{"@id":"https:\/\/studenter.miun.se\/~vifa2201\/writeable\/DT197G\/moment3.3\/#organization"},"potentialAction":[{"@type":"SearchAction","target":{"@type":"EntryPoint","urlTemplate":"https:\/\/studenter.miun.se\/~vifa2201\/writeable\/DT197G\/moment3.3\/?s={search_term_string}"},"query-input":"required name=search_term_string"}],"inLanguage":"en-US"},{"@type":"Organization","@id":"https:\/\/studenter.miun.se\/~vifa2201\/writeable\/DT197G\/moment3.3\/#organization","name":"SkogAB","url":"https:\/\/studenter.miun.se\/~vifa2201\/writeable\/DT197G\/moment3.3\/","logo":{"@type":"ImageObject","inLanguage":"en-US","@id":"https:\/\/studenter.miun.se\/~vifa2201\/writeable\/DT197G\/moment3.3\/#\/schema\/logo\/image\/","url":"https:\/\/studenter.miun.se\/~vifa2201\/writeable\/DT197G\/moment3.3\/wp-content\/uploads\/2023\/04\/Skarmavbild-2023-04-26-kl.-15.09.24.png","contentUrl":"https:\/\/studenter.miun.se\/~vifa2201\/writeable\/DT197G\/moment3.3\/wp-content\/uploads\/2023\/04\/Skarmavbild-2023-04-26-kl.-15.09.24.png","width":794,"height":480,"caption":"SkogAB"},"image":{"@id":"https:\/\/studenter.miun.se\/~vifa2201\/writeable\/DT197G\/moment3.3\/#\/schema\/logo\/image\/"}}]}},"_links":{"self":[{"href":"https:\/\/studenter.miun.se\/~vifa2201\/writeable\/DT197G\/moment3.3\/wp-json\/wp\/v2\/pages\/17"}],"collection":[{"href":"https:\/\/studenter.miun.se\/~vifa2201\/writeable\/DT197G\/moment3.3\/wp-json\/wp\/v2\/pages"}],"about":[{"href":"https:\/\/studenter.miun.se\/~vifa2201\/writeable\/DT197G\/moment3.3\/wp-json\/wp\/v2\/types\/page"}],"author":[{"embeddable":true,"href":"https:\/\/studenter.miun.se\/~vifa2201\/writeable\/DT197G\/moment3.3\/wp-json\/wp\/v2\/users\/1"}],"replies":[{"embeddable":true,"href":"https:\/\/studenter.miun.se\/~vifa2201\/writeable\/DT197G\/moment3.3\/wp-json\/wp\/v2\/comments?post=17"}],"version-history":[{"count":14,"href":"https:\/\/studenter.miun.se\/~vifa2201\/writeable\/DT197G\/moment3.3\/wp-json\/wp\/v2\/pages\/17\/revisions"}],"predecessor-version":[{"id":150,"href":"https:\/\/studenter.miun.se\/~vifa2201\/writeable\/DT197G\/moment3.3\/wp-json\/wp\/v2\/pages\/17\/revisions\/150"}],"up":[{"embeddable":true,"href":"https:\/\/studenter.miun.se\/~vifa2201\/writeable\/DT197G\/moment3.3\/wp-json\/wp\/v2\/pages\/9"}],"wp:featuredmedia":[{"embeddable":true,"href":"https:\/\/studenter.miun.se\/~vifa2201\/writeable\/DT197G\/moment3.3\/wp-json\/wp\/v2\/media\/90"}],"wp:attachment":[{"href":"https:\/\/studenter.miun.se\/~vifa2201\/writeable\/DT197G\/moment3.3\/wp-json\/wp\/v2\/media?parent=17"}],"curies":[{"name":"wp","href":"https:\/\/api.w.org\/{rel}","templated":true}]}}